{"id":13479,"date":"2021-11-30T10:53:35","date_gmt":"2021-11-30T09:53:35","guid":{"rendered":"http:\/\/relaxsrl.com\/nettoyage-de-la-cabine-de-douche\/"},"modified":"2023-10-05T16:40:29","modified_gmt":"2023-10-05T14:40:29","slug":"nettoyage-de-la-cabine-de-douche","status":"publish","type":"page","link":"https:\/\/relaxsrl.com\/fr\/nettoyage-de-la-cabine-de-douche\/","title":{"rendered":"Nettoyage de la cabine de douche"},"content":{"rendered":"<p>[vc_row full_width=\u00a0\u00bbstretch_row\u00a0\u00bb content_placement=\u00a0\u00bbmiddle\u00a0\u00bb el_class=\u00a0\u00bbintro-row\u00a0\u00bb][vc_column][vc_column_text]<\/p>\n<h1>Nettoyage de la cabine de douche<\/h1>\n<p>[\/vc_column_text][\/vc_column][\/vc_row][vc_row el_class=\u00a0\u00bbrow-path\u00a0\u00bb][vc_column][vc_column_text][\/vc_column_text][\/vc_column][\/vc_row][vc_row][vc_column width=\u00a0\u00bb1\/6&Prime;][\/vc_column][vc_column width=\u00a0\u00bb2\/3&Prime;][vc_column_text el_class=\u00a0\u00bbtxt-blue abstract weight500&Prime;]Un bon nettoyage de la <a href=\"https:\/\/relaxsrl.com\/fr\/produits\/typologie\/cabine-de-douche\/\">cabine de douche<\/a> (certifi\u00e9 <a href=\"https:\/\/www.tuvsud.com\/fr-fr\">T\u00dcV S\u00dcD<\/a>) \u00e9vite d&rsquo;endommager cette derni\u00e8re. Cela peut arriver en raison des produits utilis\u00e9s, qu&rsquo;il s&rsquo;agisse de produits d&rsquo;entretien ou de soins corporels. En g\u00e9n\u00e9ral, il est de bonne pratique de s\u00e9cher le cristal apr\u00e8s utilisation pour \u00e9viter la formation de calcaire en exc\u00e8s.[\/vc_column_text][vc_empty_space height=\u00a0\u00bb35px\u00a0\u00bb][\/vc_column][\/vc_row][vc_row][vc_column width=\u00a0\u00bb1\/6&Prime;][\/vc_column][vc_column width=\u00a0\u00bb2\/3&Prime;][vc_column_text]<\/p>\n<h2>Nettoyer le calcaire de la cabine de douche<\/h2>\n<p>Dans le cas o\u00f9 le calcaire s&rsquo;est d\u00e9j\u00e0 form\u00e9, et donc il y a des taches ou des gouttes blanches, il y a deux solutions diff\u00e9rentes \u00e0 utiliser :<\/p>\n<ol>\n<li style=\"list-style-type: none;\">\n<ol>\n<li>appliquez un chiffon doux avec une solution compos\u00e9e de 50\u00a0% de vinaigre et 50\u00a0% d&rsquo;eau<\/li>\n<li>utilisez un chiffon doux ou une \u00e9ponge avec un d\u00e9tergent liquide neutre<\/li>\n<\/ol>\n<\/li>\n<\/ol>\n<p>Dans les deux cas, il est recommand\u00e9 d&rsquo;essuyer le verre avec de l&rsquo;eau apr\u00e8s cette op\u00e9ration.<\/p>\n<p><strong> Nous ne recommandons pas <\/strong>\u00a0:<\/p>\n<ul>\n<li>tous les produits qui agissent sp\u00e9cifiquement contre le calcaire\u00a0; si vous d\u00e9cidez quand m\u00eame de proc\u00e9der \u00e0 ce dernier, nous vous recommandons de rincer abondamment \u00e0 l&rsquo;eau \u00e0 la fin des op\u00e9rations de nettoyage<\/li>\n<li>les d\u00e9tergents agressifs ou abrasifs, ainsi que les produits contenant de l&rsquo;ac\u00e9tone ou des solvants sp\u00e9ciaux<\/li>\n<li>produits granul\u00e9s ou p\u00e2teux qui risquent de rayer la cabine de douche afin de mieux pr\u00e9server l&rsquo;int\u00e9grit\u00e9 physique<\/li>\n<\/ul>\n<p>[\/vc_column_text][vc_empty_space height=\u00a0\u00bb40px\u00a0\u00bb][\/vc_column][\/vc_row][vc_row][vc_column width=\u00a0\u00bb1\/6&Prime;][\/vc_column][vc_column width=\u00a0\u00bb2\/3&Prime;][vc_column_text]<\/p>\n<h2>Traitement et nettoyage anti-calcaire<\/h2>\n<p>Lorsque la cabine de douche est \u00e9quip\u00e9e d&rsquo;un traitement anti-calcaire, les op\u00e9rations sont l\u00e9g\u00e8rement diff\u00e9rentes de celles d\u00e9crites ci-dessus.<br \/>\nLe traitement anti-calcaire forme une protection en surface qui se lie chimiquement au verre et fait glisser la salet\u00e9, le calcaire et les impuret\u00e9s. Pour pr\u00e9server et prolonger la dur\u00e9e du traitement, nous recommandons de <strong> toujours s\u00e9cher la cabine de douche <\/strong> apr\u00e8s utilisation avec une raclette.<\/p>\n<p>Les soins et l&rsquo;entretien du traitement doivent toujours \u00eatre effectu\u00e9s avec des produits adapt\u00e9s \u00e0 l&rsquo;usage. <strong> De l&rsquo;eau ti\u00e8de et du savon neutre appliqu\u00e9 avec une \u00e9ponge douce <\/strong> suffisent amplement pour nettoyer une cabine de douche avec un traitement anti-calcaire.<br \/>\n<strong> A \u00e9viter<\/strong>: les d\u00e9tergents en poudre ou en supports abrasifs, l&rsquo;ac\u00e9tone, l&rsquo;eau de javel ou les solvants de toutes sortes.[\/vc_column_text][vc_empty_space height=\u00a0\u00bb100px\u00a0\u00bb][\/vc_column][\/vc_row]<\/p>\n","protected":false},"excerpt":{"rendered":"<p>[vc_row full_width=\u00a0\u00bbstretch_row\u00a0\u00bb content_placement=\u00a0\u00bbmiddle\u00a0\u00bb el_class=\u00a0\u00bbintro-row\u00a0\u00bb][vc_column][vc_column_text] Nettoyage de la cabine de douche [\/vc_column_text][\/vc_column][\/vc_row][vc_row el_class=\u00a0\u00bbrow-path\u00a0\u00bb][vc_column][vc_column_text][\/vc_column_text][\/vc_column][\/vc_row][vc_row][vc_column width=\u00a0\u00bb1\/6&Prime;][\/vc_column][vc_column width=\u00a0\u00bb2\/3&Prime;][vc_column_text el_class=\u00a0\u00bbtxt-blue abstract weight500&Prime;]Un bon nettoyage de la cabine de douche (certifi\u00e9 T\u00dcV S\u00dcD) \u00e9vite d&rsquo;endommager cette derni\u00e8re. Cela peut arriver en raison des produits utilis\u00e9s, qu&rsquo;il s&rsquo;agisse de produits d&rsquo;entretien ou de soins corporels. En g\u00e9n\u00e9ral, il est de bonne pratique [&hellip;]<\/p>\n","protected":false},"author":3,"featured_media":25677,"parent":0,"menu_order":0,"comment_status":"closed","ping_status":"closed","template":"","meta":[],"acf":[],"yoast_head":"<!-- This site is optimized with the Yoast SEO Premium plugin v18.4 (Yoast SEO v18.8) - https:\/\/yoast.com\/wordpress\/plugins\/seo\/ -->\n<title>Nettoyage de la cabine de douche - Relax srl<\/title>\n<meta name=\"description\" content=\"D\u00e9couvrez les meilleures solutions pour le nettoyage de la cabine de douche, que faire et ne pas faire. Quels sont les meilleurs produits?\" \/>\n<meta name=\"robots\" content=\"index, follow, max-snippet:-1, max-image-preview:large, max-video-preview:-1\" \/>\n<link rel=\"canonical\" href=\"https:\/\/relaxsrl.com\/fr\/nettoyage-de-la-cabine-de-douche\/\" \/>\n<meta property=\"og:locale\" content=\"fr_FR\" \/>\n<meta property=\"og:type\" content=\"article\" \/>\n<meta property=\"og:title\" content=\"Nettoyage de la cabine de douche - Relax srl\" \/>\n<meta property=\"og:description\" content=\"D\u00e9couvrez les meilleures solutions pour le nettoyage de la cabine de douche, que faire et ne pas faire. Quels sont les meilleurs produits?\" \/>\n<meta property=\"og:url\" content=\"https:\/\/relaxsrl.com\/fr\/nettoyage-de-la-cabine-de-douche\/\" \/>\n<meta property=\"og:site_name\" content=\"Relax srl\" \/>\n<meta property=\"article:modified_time\" content=\"2023-10-05T14:40:29+00:00\" \/>\n<meta property=\"og:image\" content=\"https:\/\/relaxsrl.com\/website\/wp-content\/uploads\/2023\/02\/come-pulire-la-doccia-3.jpeg\" \/>\n\t<meta property=\"og:image:width\" content=\"488\" \/>\n\t<meta property=\"og:image:height\" content=\"650\" \/>\n\t<meta property=\"og:image:type\" content=\"image\/jpeg\" \/>\n<meta name=\"twitter:card\" content=\"summary_large_image\" \/>\n<meta name=\"twitter:label1\" content=\"Dur\u00e9e de lecture estim\u00e9e\" \/>\n\t<meta name=\"twitter:data1\" content=\"2 minutes\" \/>\n<script type=\"application\/ld+json\" class=\"yoast-schema-graph\">{\"@context\":\"https:\/\/schema.org\",\"@graph\":[{\"@type\":\"WebSite\",\"@id\":\"https:\/\/relaxsrl.com\/#website\",\"url\":\"https:\/\/relaxsrl.com\/\",\"name\":\"Relax srl\",\"description\":\"\",\"potentialAction\":[{\"@type\":\"SearchAction\",\"target\":{\"@type\":\"EntryPoint\",\"urlTemplate\":\"https:\/\/relaxsrl.com\/?s={search_term_string}\"},\"query-input\":\"required name=search_term_string\"}],\"inLanguage\":\"fr-FR\"},{\"@type\":\"ImageObject\",\"inLanguage\":\"fr-FR\",\"@id\":\"https:\/\/relaxsrl.com\/fr\/nettoyage-de-la-cabine-de-douche\/#primaryimage\",\"url\":\"https:\/\/relaxsrl.com\/website\/wp-content\/uploads\/2023\/02\/come-pulire-la-doccia-3.jpeg\",\"contentUrl\":\"https:\/\/relaxsrl.com\/website\/wp-content\/uploads\/2023\/02\/come-pulire-la-doccia-3.jpeg\",\"width\":488,\"height\":650},{\"@type\":\"WebPage\",\"@id\":\"https:\/\/relaxsrl.com\/fr\/nettoyage-de-la-cabine-de-douche\/#webpage\",\"url\":\"https:\/\/relaxsrl.com\/fr\/nettoyage-de-la-cabine-de-douche\/\",\"name\":\"Nettoyage de la cabine de douche - Relax srl\",\"isPartOf\":{\"@id\":\"https:\/\/relaxsrl.com\/#website\"},\"primaryImageOfPage\":{\"@id\":\"https:\/\/relaxsrl.com\/fr\/nettoyage-de-la-cabine-de-douche\/#primaryimage\"},\"datePublished\":\"2021-11-30T09:53:35+00:00\",\"dateModified\":\"2023-10-05T14:40:29+00:00\",\"description\":\"D\u00e9couvrez les meilleures solutions pour le nettoyage de la cabine de douche, que faire et ne pas faire. Quels sont les meilleurs produits?\",\"breadcrumb\":{\"@id\":\"https:\/\/relaxsrl.com\/fr\/nettoyage-de-la-cabine-de-douche\/#breadcrumb\"},\"inLanguage\":\"fr-FR\",\"potentialAction\":[{\"@type\":\"ReadAction\",\"target\":[\"https:\/\/relaxsrl.com\/fr\/nettoyage-de-la-cabine-de-douche\/\"]}]},{\"@type\":\"BreadcrumbList\",\"@id\":\"https:\/\/relaxsrl.com\/fr\/nettoyage-de-la-cabine-de-douche\/#breadcrumb\",\"itemListElement\":[{\"@type\":\"ListItem\",\"position\":1,\"name\":\"Nettoyage de la cabine de douche\"}]}]}<\/script>\n<!-- \/ Yoast SEO Premium plugin. -->","yoast_head_json":{"title":"Nettoyage de la cabine de douche - Relax srl","description":"D\u00e9couvrez les meilleures solutions pour le nettoyage de la cabine de douche, que faire et ne pas faire. Quels sont les meilleurs produits?","robots":{"index":"index","follow":"follow","max-snippet":"max-snippet:-1","max-image-preview":"max-image-preview:large","max-video-preview":"max-video-preview:-1"},"canonical":"https:\/\/relaxsrl.com\/fr\/nettoyage-de-la-cabine-de-douche\/","og_locale":"fr_FR","og_type":"article","og_title":"Nettoyage de la cabine de douche - Relax srl","og_description":"D\u00e9couvrez les meilleures solutions pour le nettoyage de la cabine de douche, que faire et ne pas faire. Quels sont les meilleurs produits?","og_url":"https:\/\/relaxsrl.com\/fr\/nettoyage-de-la-cabine-de-douche\/","og_site_name":"Relax srl","article_modified_time":"2023-10-05T14:40:29+00:00","og_image":[{"width":488,"height":650,"url":"https:\/\/relaxsrl.com\/website\/wp-content\/uploads\/2023\/02\/come-pulire-la-doccia-3.jpeg","type":"image\/jpeg"}],"twitter_card":"summary_large_image","twitter_misc":{"Dur\u00e9e de lecture estim\u00e9e":"2 minutes"},"schema":{"@context":"https:\/\/schema.org","@graph":[{"@type":"WebSite","@id":"https:\/\/relaxsrl.com\/#website","url":"https:\/\/relaxsrl.com\/","name":"Relax srl","description":"","potentialAction":[{"@type":"SearchAction","target":{"@type":"EntryPoint","urlTemplate":"https:\/\/relaxsrl.com\/?s={search_term_string}"},"query-input":"required name=search_term_string"}],"inLanguage":"fr-FR"},{"@type":"ImageObject","inLanguage":"fr-FR","@id":"https:\/\/relaxsrl.com\/fr\/nettoyage-de-la-cabine-de-douche\/#primaryimage","url":"https:\/\/relaxsrl.com\/website\/wp-content\/uploads\/2023\/02\/come-pulire-la-doccia-3.jpeg","contentUrl":"https:\/\/relaxsrl.com\/website\/wp-content\/uploads\/2023\/02\/come-pulire-la-doccia-3.jpeg","width":488,"height":650},{"@type":"WebPage","@id":"https:\/\/relaxsrl.com\/fr\/nettoyage-de-la-cabine-de-douche\/#webpage","url":"https:\/\/relaxsrl.com\/fr\/nettoyage-de-la-cabine-de-douche\/","name":"Nettoyage de la cabine de douche - Relax srl","isPartOf":{"@id":"https:\/\/relaxsrl.com\/#website"},"primaryImageOfPage":{"@id":"https:\/\/relaxsrl.com\/fr\/nettoyage-de-la-cabine-de-douche\/#primaryimage"},"datePublished":"2021-11-30T09:53:35+00:00","dateModified":"2023-10-05T14:40:29+00:00","description":"D\u00e9couvrez les meilleures solutions pour le nettoyage de la cabine de douche, que faire et ne pas faire. Quels sont les meilleurs produits?","breadcrumb":{"@id":"https:\/\/relaxsrl.com\/fr\/nettoyage-de-la-cabine-de-douche\/#breadcrumb"},"inLanguage":"fr-FR","potentialAction":[{"@type":"ReadAction","target":["https:\/\/relaxsrl.com\/fr\/nettoyage-de-la-cabine-de-douche\/"]}]},{"@type":"BreadcrumbList","@id":"https:\/\/relaxsrl.com\/fr\/nettoyage-de-la-cabine-de-douche\/#breadcrumb","itemListElement":[{"@type":"ListItem","position":1,"name":"Nettoyage de la cabine de douche"}]}]}},"_links":{"self":[{"href":"https:\/\/relaxsrl.com\/fr\/wp-json\/wp\/v2\/pages\/13479"}],"collection":[{"href":"https:\/\/relaxsrl.com\/fr\/wp-json\/wp\/v2\/pages"}],"about":[{"href":"https:\/\/relaxsrl.com\/fr\/wp-json\/wp\/v2\/types\/page"}],"author":[{"embeddable":true,"href":"https:\/\/relaxsrl.com\/fr\/wp-json\/wp\/v2\/users\/3"}],"replies":[{"embeddable":true,"href":"https:\/\/relaxsrl.com\/fr\/wp-json\/wp\/v2\/comments?post=13479"}],"version-history":[{"count":4,"href":"https:\/\/relaxsrl.com\/fr\/wp-json\/wp\/v2\/pages\/13479\/revisions"}],"predecessor-version":[{"id":29224,"href":"https:\/\/relaxsrl.com\/fr\/wp-json\/wp\/v2\/pages\/13479\/revisions\/29224"}],"wp:featuredmedia":[{"embeddable":true,"href":"https:\/\/relaxsrl.com\/fr\/wp-json\/wp\/v2\/media\/25677"}],"wp:attachment":[{"href":"https:\/\/relaxsrl.com\/fr\/wp-json\/wp\/v2\/media?parent=13479"}],"curies":[{"name":"wp","href":"https:\/\/api.w.org\/{rel}","templated":true}]}}