{"id":13484,"date":"2021-11-30T10:55:17","date_gmt":"2021-11-30T09:55:17","guid":{"rendered":"http:\/\/relaxsrl.com\/le-bris-du-verre\/"},"modified":"2023-10-05T11:41:59","modified_gmt":"2023-10-05T09:41:59","slug":"le-bris-du-verre","status":"publish","type":"page","link":"https:\/\/relaxsrl.com\/fr\/le-bris-du-verre\/","title":{"rendered":"Le bris du verre"},"content":{"rendered":"<p>[vc_row full_width=\u00a0\u00bbstretch_row\u00a0\u00bb content_placement=\u00a0\u00bbmiddle\u00a0\u00bb el_class=\u00a0\u00bbintro-row\u00a0\u00bb][vc_column width=\u00a0\u00bb5\/12&Prime;][vc_column_text]<\/p>\n<h1>Le bris du verre<\/h1>\n<p>[\/vc_column_text][\/vc_column][vc_column width=\u00a0\u00bb7\/12&Prime;][vc_column_text]Le bris du verre est l\u2019un des principaux tests de s\u00e9curit\u00e9 de la cabine de douche. Les organismes de certification tels que le <a href=\"https:\/\/www.tuvsud.com\/fr-fr\">T\u00dcV S\u00dcD<\/a> proc\u00e8dent \u00e0 la v\u00e9rification de la conformation du verre.[\/vc_column_text][\/vc_column][\/vc_row][vc_row el_class=\u00a0\u00bbrow-path\u00a0\u00bb][vc_column][vc_column_text][\/vc_column_text][\/vc_column][\/vc_row][vc_row el_class=\u00a0\u00bbrow-path\u00a0\u00bb][vc_column width=\u00a0\u00bb1\/6&Prime;][\/vc_column][vc_column width=\u00a0\u00bb2\/3&Prime;][vc_empty_space height=\u00a0\u00bb40px\u00a0\u00bb][vc_column_text]<em>\u00ab\u00a0Bonjour, le verre vient de se briser. L&rsquo;installateur venait de le retirer de l&#8217;emballage et en un instant il s&rsquo;est cass\u00e9.\u00a0\u00bb<\/em><\/p>\n<p><em>\u00ab\u2026Je venais de finir d&rsquo;utiliser la douche, j&rsquo;ai ouvert la porte, m\u00eame si elle glissait difficilement, et la vitre a \u00e9clat\u00e9.\u00bb<\/em><\/p>\n<p>&nbsp;<\/p>\n<p>Ce ne sont l\u00e0 que quelques cas de <strong>bris de verre<\/strong> dans une cabine de douche. Pourquoi le verre tremp\u00e9 \u00ab explose \u00bb ? Est-ce un produit s\u00fbr ou dois-je m&rsquo;inqui\u00e9ter ? Existe-t-il des signes qui nous permettent d\u2019agir avant que l\u2019irr\u00e9parable ne se produise?[\/vc_column_text][vc_empty_space height=\u00a0\u00bb15px\u00a0\u00bb][\/vc_column][\/vc_row][vc_row el_class=\u00a0\u00bbrow-path\u00a0\u00bb][vc_column width=\u00a0\u00bb1\/6&Prime;][\/vc_column][vc_column width=\u00a0\u00bb2\/3&Prime;][vc_column_text]<\/p>\n<h2>Pourquoi utilisons-nous du verre de s\u00e9curit\u00e9 tremp\u00e9<\/h2>\n<p>La norme UNI-EN 14428 impose l&rsquo;utilisation de verre tremp\u00e9 thermiquement pour les cabines de douche. Au cours de ce processus de production, le verre, apr\u00e8s la phase de d\u00e9coupe et de per\u00e7age, subit une lente augmentation de temp\u00e9rature jusqu&rsquo;\u00e0 650\/700\u00b0 C et un refroidissement soudain ult\u00e9rieur.<\/p>\n<p>Le <strong>traitement de trempe<\/strong> conf\u00e8re une r\u00e9sistance m\u00e9canique 7 fois sup\u00e9rieure \u00e0 celle d&rsquo;une feuille de verre float ; la surface externe est comprim\u00e9e et le noyau central est en tension.<\/p>\n<p>Cependant, la plus grande r\u00e9sistance m\u00e9canique ne doit pas \u00eatre confondue avec l&rsquo;incassabilit\u00e9 : les bords et les coins sont les secteurs les plus d\u00e9licats qui, s&rsquo;ils sont soumis \u00e0 un impact minime, peuvent provoquer l&rsquo;effondrement de la t\u00f4le enti\u00e8re en toute s\u00e9curit\u00e9. Par rapport \u00e0 une t\u00f4le non trait\u00e9e, la t\u00f4le tremp\u00e9e se brise en de nombreux fragments qui ne constituent pas un danger s\u00e9rieux pour la vie de l&rsquo;utilisateur. La norme UNI-EN 14428 prescrit qu&rsquo;il faut compter au moins 40 \u00e9clats dans une portion de verre mesurant 50&#215;50 mm.[\/vc_column_text][vc_empty_space height=\u00a0\u00bb10px\u00a0\u00bb][\/vc_column][\/vc_row][vc_row el_class=\u00a0\u00bbrow-path\u00a0\u00bb][vc_column width=\u00a0\u00bb1\/6&Prime;][\/vc_column][vc_column width=\u00a0\u00bb2\/3&Prime;][vc_column_text]<\/p>\n<h2>Comment puis-je v\u00e9rifier que le verre que je poss\u00e8de est bien tremp\u00e9<\/h2>\n<p>Le logo \u00ab TEMPERED \u00bb appara\u00eet sur chaque verre tremp\u00e9. Une fois le processus de \u00ab cuisson \u00bb termin\u00e9, la peinture du logo est vitrifi\u00e9e et ne peut plus \u00eatre enlev\u00e9e.<\/p>\n<p>&nbsp;<\/p>\n<h2>Pourquoi le verre explose<\/h2>\n<p>L&rsquo;\u00e9tat tensionnel de compression des t\u00f4les entra\u00eene, en cas de collision, une v\u00e9ritable explosion, donc un bris du verre, \u00e0 la suite de quoi il est possible que les fragments de verre soient projet\u00e9s \u00e0 plusieurs centim\u00e8tres.<\/p>\n<p>&nbsp;<\/p>\n<h2>Un processus de production \u00e0 la qualit\u00e9 certifi\u00e9e<\/h2>\n<p>Le verre tremp\u00e9 est difficile \u00e0 distinguer du verre float qui n\u2019a pas subi ce traitement.<\/p>\n<p>Puisqu\u2019il n\u2019est pas possible de casser tout le verre dans un lot de production, nous proc\u00e9dons de la mani\u00e8re suivante:<\/p>\n<ol>\n<li>Le syst\u00e8me de trempe est calibr\u00e9 et le premier verre est bris\u00e9 pour \u00e9valuer le respect des crit\u00e8res de trempe\u00a0;<\/li>\n<li>Une fois le r\u00e9sultat positif du test, la production de l&rsquo;ensemble du lot d\u00e9marre\u00a0;<\/li>\n<li>\u00c0 intervalles de production r\u00e9guliers, le test est r\u00e9p\u00e9t\u00e9 pour v\u00e9rifier que l&rsquo;ensemble du lot a les m\u00eames performances que les premi\u00e8res pi\u00e8ces.<\/li>\n<li>En cas de d\u00e9faut, le processus est r\u00e9p\u00e9t\u00e9.<\/li>\n<\/ol>\n<p>Le verre, par \u00e9chantillon par lot de production, est test\u00e9 pour \u00ab\u00a0casse\u00a0\u00bb une fois arriv\u00e9 dans nos entrep\u00f4ts afin de v\u00e9rifier la qualit\u00e9 de la trempe et le nombre de pi\u00e8ces par unit\u00e9 d&rsquo;\u00e9chantillon de 5&#215;5 cm comme l&rsquo;exige la norme UNI-EN 14428. standard.[\/vc_column_text][vc_empty_space height=\u00a0\u00bb10px\u00a0\u00bb][\/vc_column][\/vc_row][vc_row el_class=\u00a0\u00bbrow-path\u00a0\u00bb][vc_column width=\u00a0\u00bb1\/6&Prime;][\/vc_column][vc_column width=\u00a0\u00bb2\/3&Prime;][vc_column_text]<\/p>\n<h2>La fabrication de la cabine de douche<\/h2>\n<p>Au cours du processus de production, <strong>chaque verre est soigneusement v\u00e9rifi\u00e9<\/strong> et jet\u00e9 lorsqu&rsquo;il pr\u00e9sente des bulles ou des inclusions d\u00e9tectables \u00e0 l&rsquo;\u0153il nu. C&rsquo;est pour cette raison que le traitement anticalcaire est appliqu\u00e9 \u00e0 la main : pour pouvoir observer le verre de pr\u00e8s et doubler le contr\u00f4le qualit\u00e9. La phase finale de production se termine par un emballage o\u00f9 chaque colis est prot\u00e9g\u00e9 par des protections pour pouvoir r\u00e9sister aux chocs et donc \u00e9viter toute casse du verre lors du transport. Toutes les solutions et le <a href=\"https:\/\/relaxsrl.com\/fr\/produits\/typologie\/cabine-de-douche\/\">cabine de douche<\/a> Relax sont certifi\u00e9es <a href=\"https:\/\/www.tuvsud.com\/fr-fr\">T\u00dcV S\u00dcD<\/a>.[\/vc_column_text][vc_empty_space height=\u00a0\u00bb10px\u00a0\u00bb][\/vc_column][\/vc_row][vc_row el_class=\u00a0\u00bbrow-path\u00a0\u00bb][vc_column width=\u00a0\u00bb1\/6&Prime;][\/vc_column][vc_column width=\u00a0\u00bb2\/3&Prime;][vc_column_text]<\/p>\n<h2>R\u00e9ception de la marchandise<\/h2>\n<p>Une fois le colis arriv\u00e9 \u00e0 destination, il doit \u00eatre contr\u00f4l\u00e9 au d\u00e9chargement par l&rsquo;entrep\u00f4t de r\u00e9ception. <strong>Un cou en excellent \u00e9tat est le signe visible qu&rsquo;il n&rsquo;y a pas eu de chocs \u00e0 l&rsquo;int\u00e9rieur qui pourraient bouleverser la position des protections<\/strong>. Un carton endommag\u00e9 est plut\u00f4t rejet\u00e9 ou v\u00e9rifi\u00e9 avant de proc\u00e9der \u00e0 l&rsquo;installation du produit. Un choc re\u00e7u dans cette phase, s&rsquo;il ne brise pas imm\u00e9diatement le verre, ne constitue pas un danger pour la dur\u00e9e de vie r\u00e9siduelle du verre.[\/vc_column_text][vc_empty_space height=\u00a0\u00bb10px\u00a0\u00bb][\/vc_column][\/vc_row][vc_row el_class=\u00a0\u00bbrow-path\u00a0\u00bb][vc_column width=\u00a0\u00bb1\/6&Prime;][\/vc_column][vc_column width=\u00a0\u00bb2\/3&Prime;][vc_column_text]<\/p>\n<h2>Assemblage<\/h2>\n<p>La pose est la phase la plus d\u00e9licate de toute la vie du verre. Produits.<\/p>\n<p>L&rsquo;\u00e9ducation et la formation, alli\u00e9es \u00e0 la grande exp\u00e9rience de ces artisans, sont un gage certain de qualit\u00e9 d&rsquo;installation et de r\u00e9glage.<\/p>\n<p><strong>Souvent<\/strong>, vous devez effectuer le montage dans une petite salle de bains o\u00f9 <strong>le moindre impact accidentel peut provoquer la rupture du verre<\/strong>. M\u00eame un r\u00e9glage final inad\u00e9quat, surtout en ce qui concerne les portes coulissantes, devient un cas probable de casse due \u00e0 un choc accidentel. Le manque de r\u00e9glage pourrait provoquer l&rsquo;inclinaison de la porte lors de l&rsquo;ouverture et de la fermeture et faire heurter le coin du verre contre le receveur de douche, provoquant ainsi sa rupture.<\/p>\n<p>Chaque notice de montage indique toujours toutes les \u00e9tapes essentielles ainsi que les tol\u00e9rances \u00e0 respecter pour r\u00e9aliser le montage correct et complet de la cabine.[\/vc_column_text][vc_empty_space height=\u00a0\u00bb10px\u00a0\u00bb][\/vc_column][\/vc_row][vc_row el_class=\u00a0\u00bbrow-path\u00a0\u00bb][vc_column width=\u00a0\u00bb1\/6&Prime;][\/vc_column][vc_column width=\u00a0\u00bb2\/3&Prime;][vc_column_text]<\/p>\n<h2>Le produit est assembl\u00e9 et le client peut profiter d&rsquo;une d\u00e9tente \u00e0 100%<\/h2>\n<p>Une fois le produit assembl\u00e9 dans son int\u00e9gralit\u00e9, toutes les instructions respect\u00e9es et chaque vis bien serr\u00e9e, il ne reste plus qu&rsquo;\u00e0 attendre que le silicone s\u00e8che pour profiter pleinement de votre d\u00e9tente bien m\u00e9rit\u00e9e.<\/p>\n<p>Cependant, il peut arriver qu&rsquo;avec le temps, notamment lorsque le r\u00e9glage n&rsquo;a pas \u00e9t\u00e9 effectu\u00e9 correctement, vous constatiez un dysfonctionnement de porte.<\/p>\n<p>Un seul impact peut briser le verre tremp\u00e9 ; il faut donc \u00eatre extr\u00eamement prudent et ne pas utiliser une cabine qui ne se comporte pas de mani\u00e8re fluide et r\u00e9guli\u00e8re. Dans ce cas, les joints sont imm\u00e9diatement endommag\u00e9s.[\/vc_column_text][vc_empty_space height=\u00a0\u00bb10px\u00a0\u00bb][\/vc_column][\/vc_row][vc_row el_class=\u00a0\u00bbrow-path\u00a0\u00bb][vc_column width=\u00a0\u00bb1\/6&Prime;][\/vc_column][vc_column width=\u00a0\u00bb2\/3&Prime;][vc_column_text]<\/p>\n<h2>Bris de verre: et \u00ab\u00a0mon cousin\u00a0\u00bb m&rsquo;a dit que c&rsquo;\u00e9tait un cancer du verre<\/h2>\n<p>Malheureusement, la casse du verre tremp\u00e9 est aussi imm\u00e9diate qu\u2019irr\u00e9versible et on a souvent tendance \u00e0 pointer du doigt le fabricant sans consid\u00e9rer les \u00e9tapes pr\u00e9c\u00e9dentes.<\/p>\n<p>Il existe diverses explications en ligne, des plus bizarres aux plus s\u00e9rieuses.<\/p>\n<p>Ce qui est commun\u00e9ment d\u00e9fini comme le cancer du verre peut \u00eatre attribu\u00e9 \u00e0 une inclusion de sulfure de nickel. Ce dernier est un produit volatil de la r\u00e9action chimique qui conduit \u00e0 la formation du verre. Bien qu\u2019il s\u2019agisse d\u2019un \u00e9v\u00e9nement rare, avec une incidence estim\u00e9e \u00e0 1 pi\u00e8ce sur 10 000.<\/p>\n<p>Souvent, lorsque cette casse se produit, la plaque de verre ne s&rsquo;effondre pas compl\u00e8tement et les \u00e9clats dispos\u00e9s en forme de papillon en correspondance de cette inclusion se distinguent bien. (charger l&rsquo;image du cancer du verre)[\/vc_column_text][\/vc_column][\/vc_row][vc_row el_class=\u00a0\u00bbrow-path\u00a0\u00bb][vc_column width=\u00a0\u00bb1\/6&Prime;][\/vc_column][vc_column width=\u00a0\u00bb2\/3&Prime;][vc_column_text]<\/p>\n<h2>Bris de verre: regardez la vid\u00e9o<\/h2>\n<p>[\/vc_column_text][vc_empty_space height=\u00a0\u00bb20px\u00a0\u00bb][vc_video link=\u00a0\u00bbhttp:\/\/vimeo.com\/642746586&Prime; el_aspect=\u00a0\u00bb43&Prime; align=\u00a0\u00bbcenter\u00a0\u00bb][\/vc_column][\/vc_row]<\/p>\n","protected":false},"excerpt":{"rendered":"<p>[vc_row full_width=\u00a0\u00bbstretch_row\u00a0\u00bb content_placement=\u00a0\u00bbmiddle\u00a0\u00bb el_class=\u00a0\u00bbintro-row\u00a0\u00bb][vc_column width=\u00a0\u00bb5\/12&Prime;][vc_column_text] Le bris du verre [\/vc_column_text][\/vc_column][vc_column width=\u00a0\u00bb7\/12&Prime;][vc_column_text]Le bris du verre est l\u2019un des principaux tests de s\u00e9curit\u00e9 de la cabine de douche. Les organismes de certification tels que le T\u00dcV S\u00dcD proc\u00e8dent \u00e0 la v\u00e9rification de la conformation du verre.[\/vc_column_text][\/vc_column][\/vc_row][vc_row el_class=\u00a0\u00bbrow-path\u00a0\u00bb][vc_column][vc_column_text][\/vc_column_text][\/vc_column][\/vc_row][vc_row el_class=\u00a0\u00bbrow-path\u00a0\u00bb][vc_column width=\u00a0\u00bb1\/6&Prime;][\/vc_column][vc_column width=\u00a0\u00bb2\/3&Prime;][vc_empty_space height=\u00a0\u00bb40px\u00a0\u00bb][vc_column_text]\u00ab\u00a0Bonjour, le verre vient de se briser. [&hellip;]<\/p>\n","protected":false},"author":3,"featured_media":21019,"parent":0,"menu_order":0,"comment_status":"closed","ping_status":"closed","template":"","meta":[],"acf":[],"yoast_head":"<!-- This site is optimized with the Yoast SEO Premium plugin v18.4 (Yoast SEO v18.8) - https:\/\/yoast.com\/wordpress\/plugins\/seo\/ -->\n<title>Le bris du verre - Relax srl<\/title>\n<meta name=\"description\" content=\"Le bris du verre est un test tr\u00e8s important et fondamental pour la s\u00e9curit\u00e9 de la cabine de douche. Trouvez comment.\" \/>\n<meta name=\"robots\" content=\"index, follow, max-snippet:-1, max-image-preview:large, max-video-preview:-1\" \/>\n<link rel=\"canonical\" href=\"https:\/\/relaxsrl.com\/fr\/le-bris-du-verre\/\" \/>\n<meta property=\"og:locale\" content=\"fr_FR\" \/>\n<meta property=\"og:type\" content=\"article\" \/>\n<meta property=\"og:title\" content=\"Le bris du verre - Relax srl\" \/>\n<meta property=\"og:description\" content=\"Le bris du verre est un test tr\u00e8s important et fondamental pour la s\u00e9curit\u00e9 de la cabine de douche. Trouvez comment.\" \/>\n<meta property=\"og:url\" content=\"https:\/\/relaxsrl.com\/fr\/le-bris-du-verre\/\" \/>\n<meta property=\"og:site_name\" content=\"Relax srl\" \/>\n<meta property=\"article:modified_time\" content=\"2023-10-05T09:41:59+00:00\" \/>\n<meta property=\"og:image\" content=\"https:\/\/relaxsrl.com\/website\/wp-content\/uploads\/2022\/07\/Articoli-Blog4-1.jpg\" \/>\n\t<meta property=\"og:image:width\" content=\"730\" \/>\n\t<meta property=\"og:image:height\" content=\"600\" \/>\n\t<meta property=\"og:image:type\" content=\"image\/jpeg\" \/>\n<meta name=\"twitter:card\" content=\"summary_large_image\" \/>\n<meta name=\"twitter:label1\" content=\"Dur\u00e9e de lecture estim\u00e9e\" \/>\n\t<meta name=\"twitter:data1\" content=\"7 minutes\" \/>\n<script type=\"application\/ld+json\" class=\"yoast-schema-graph\">{\"@context\":\"https:\/\/schema.org\",\"@graph\":[{\"@type\":\"WebSite\",\"@id\":\"https:\/\/relaxsrl.com\/#website\",\"url\":\"https:\/\/relaxsrl.com\/\",\"name\":\"Relax srl\",\"description\":\"\",\"potentialAction\":[{\"@type\":\"SearchAction\",\"target\":{\"@type\":\"EntryPoint\",\"urlTemplate\":\"https:\/\/relaxsrl.com\/?s={search_term_string}\"},\"query-input\":\"required name=search_term_string\"}],\"inLanguage\":\"fr-FR\"},{\"@type\":\"ImageObject\",\"inLanguage\":\"fr-FR\",\"@id\":\"https:\/\/relaxsrl.com\/fr\/le-bris-du-verre\/#primaryimage\",\"url\":\"https:\/\/relaxsrl.com\/website\/wp-content\/uploads\/2022\/07\/Articoli-Blog4-1.jpg\",\"contentUrl\":\"https:\/\/relaxsrl.com\/website\/wp-content\/uploads\/2022\/07\/Articoli-Blog4-1.jpg\",\"width\":730,\"height\":600,\"caption\":\"Prova di rottura del vetro mano con pennarello e disegno su vetri rotti\"},{\"@type\":\"WebPage\",\"@id\":\"https:\/\/relaxsrl.com\/fr\/le-bris-du-verre\/#webpage\",\"url\":\"https:\/\/relaxsrl.com\/fr\/le-bris-du-verre\/\",\"name\":\"Le bris du verre - Relax srl\",\"isPartOf\":{\"@id\":\"https:\/\/relaxsrl.com\/#website\"},\"primaryImageOfPage\":{\"@id\":\"https:\/\/relaxsrl.com\/fr\/le-bris-du-verre\/#primaryimage\"},\"datePublished\":\"2021-11-30T09:55:17+00:00\",\"dateModified\":\"2023-10-05T09:41:59+00:00\",\"description\":\"Le bris du verre est un test tr\u00e8s important et fondamental pour la s\u00e9curit\u00e9 de la cabine de douche. Trouvez comment.\",\"breadcrumb\":{\"@id\":\"https:\/\/relaxsrl.com\/fr\/le-bris-du-verre\/#breadcrumb\"},\"inLanguage\":\"fr-FR\",\"potentialAction\":[{\"@type\":\"ReadAction\",\"target\":[\"https:\/\/relaxsrl.com\/fr\/le-bris-du-verre\/\"]}]},{\"@type\":\"BreadcrumbList\",\"@id\":\"https:\/\/relaxsrl.com\/fr\/le-bris-du-verre\/#breadcrumb\",\"itemListElement\":[{\"@type\":\"ListItem\",\"position\":1,\"name\":\"Le bris du verre\"}]}]}<\/script>\n<!-- \/ Yoast SEO Premium plugin. -->","yoast_head_json":{"title":"Le bris du verre - Relax srl","description":"Le bris du verre est un test tr\u00e8s important et fondamental pour la s\u00e9curit\u00e9 de la cabine de douche. Trouvez comment.","robots":{"index":"index","follow":"follow","max-snippet":"max-snippet:-1","max-image-preview":"max-image-preview:large","max-video-preview":"max-video-preview:-1"},"canonical":"https:\/\/relaxsrl.com\/fr\/le-bris-du-verre\/","og_locale":"fr_FR","og_type":"article","og_title":"Le bris du verre - Relax srl","og_description":"Le bris du verre est un test tr\u00e8s important et fondamental pour la s\u00e9curit\u00e9 de la cabine de douche. Trouvez comment.","og_url":"https:\/\/relaxsrl.com\/fr\/le-bris-du-verre\/","og_site_name":"Relax srl","article_modified_time":"2023-10-05T09:41:59+00:00","og_image":[{"width":730,"height":600,"url":"https:\/\/relaxsrl.com\/website\/wp-content\/uploads\/2022\/07\/Articoli-Blog4-1.jpg","type":"image\/jpeg"}],"twitter_card":"summary_large_image","twitter_misc":{"Dur\u00e9e de lecture estim\u00e9e":"7 minutes"},"schema":{"@context":"https:\/\/schema.org","@graph":[{"@type":"WebSite","@id":"https:\/\/relaxsrl.com\/#website","url":"https:\/\/relaxsrl.com\/","name":"Relax srl","description":"","potentialAction":[{"@type":"SearchAction","target":{"@type":"EntryPoint","urlTemplate":"https:\/\/relaxsrl.com\/?s={search_term_string}"},"query-input":"required name=search_term_string"}],"inLanguage":"fr-FR"},{"@type":"ImageObject","inLanguage":"fr-FR","@id":"https:\/\/relaxsrl.com\/fr\/le-bris-du-verre\/#primaryimage","url":"https:\/\/relaxsrl.com\/website\/wp-content\/uploads\/2022\/07\/Articoli-Blog4-1.jpg","contentUrl":"https:\/\/relaxsrl.com\/website\/wp-content\/uploads\/2022\/07\/Articoli-Blog4-1.jpg","width":730,"height":600,"caption":"Prova di rottura del vetro mano con pennarello e disegno su vetri rotti"},{"@type":"WebPage","@id":"https:\/\/relaxsrl.com\/fr\/le-bris-du-verre\/#webpage","url":"https:\/\/relaxsrl.com\/fr\/le-bris-du-verre\/","name":"Le bris du verre - Relax srl","isPartOf":{"@id":"https:\/\/relaxsrl.com\/#website"},"primaryImageOfPage":{"@id":"https:\/\/relaxsrl.com\/fr\/le-bris-du-verre\/#primaryimage"},"datePublished":"2021-11-30T09:55:17+00:00","dateModified":"2023-10-05T09:41:59+00:00","description":"Le bris du verre est un test tr\u00e8s important et fondamental pour la s\u00e9curit\u00e9 de la cabine de douche. Trouvez comment.","breadcrumb":{"@id":"https:\/\/relaxsrl.com\/fr\/le-bris-du-verre\/#breadcrumb"},"inLanguage":"fr-FR","potentialAction":[{"@type":"ReadAction","target":["https:\/\/relaxsrl.com\/fr\/le-bris-du-verre\/"]}]},{"@type":"BreadcrumbList","@id":"https:\/\/relaxsrl.com\/fr\/le-bris-du-verre\/#breadcrumb","itemListElement":[{"@type":"ListItem","position":1,"name":"Le bris du verre"}]}]}},"_links":{"self":[{"href":"https:\/\/relaxsrl.com\/fr\/wp-json\/wp\/v2\/pages\/13484"}],"collection":[{"href":"https:\/\/relaxsrl.com\/fr\/wp-json\/wp\/v2\/pages"}],"about":[{"href":"https:\/\/relaxsrl.com\/fr\/wp-json\/wp\/v2\/types\/page"}],"author":[{"embeddable":true,"href":"https:\/\/relaxsrl.com\/fr\/wp-json\/wp\/v2\/users\/3"}],"replies":[{"embeddable":true,"href":"https:\/\/relaxsrl.com\/fr\/wp-json\/wp\/v2\/comments?post=13484"}],"version-history":[{"count":15,"href":"https:\/\/relaxsrl.com\/fr\/wp-json\/wp\/v2\/pages\/13484\/revisions"}],"predecessor-version":[{"id":29222,"href":"https:\/\/relaxsrl.com\/fr\/wp-json\/wp\/v2\/pages\/13484\/revisions\/29222"}],"wp:featuredmedia":[{"embeddable":true,"href":"https:\/\/relaxsrl.com\/fr\/wp-json\/wp\/v2\/media\/21019"}],"wp:attachment":[{"href":"https:\/\/relaxsrl.com\/fr\/wp-json\/wp\/v2\/media?parent=13484"}],"curies":[{"name":"wp","href":"https:\/\/api.w.org\/{rel}","templated":true}]}}