{"id":13510,"date":"2021-11-30T11:25:51","date_gmt":"2021-11-30T10:25:51","guid":{"rendered":"http:\/\/relaxsrl.com\/des-choix-efficaces-pour-les-cabines-de-douche-de-niche\/"},"modified":"2023-09-14T16:25:00","modified_gmt":"2023-09-14T14:25:00","slug":"des-choix-efficaces-pour-les-cabines-de-douche-en-niche","status":"publish","type":"page","link":"https:\/\/relaxsrl.com\/fr\/des-choix-efficaces-pour-les-cabines-de-douche-en-niche\/","title":{"rendered":"Des choix pour les cabines de douche en niche"},"content":{"rendered":"<p>[vc_row full_width=\u00a0\u00bbstretch_row\u00a0\u00bb content_placement=\u00a0\u00bbmiddle\u00a0\u00bb el_class=\u00a0\u00bbintro-row\u00a0\u00bb][vc_column][vc_column_text]<\/p>\n<h1>Des choix efficaces pour les cabines de douche de niche<\/h1>\n<p>[\/vc_column_text][\/vc_column][\/vc_row][vc_row el_class=\u00a0\u00bbrow-path\u00a0\u00bb][vc_column][vc_column_text][\/vc_column_text][\/vc_column][\/vc_row][vc_row][vc_column width=\u00a0\u00bb1\/6&Prime;][\/vc_column][vc_column width=\u00a0\u00bb2\/3&Prime;][vc_column_text el_class=\u00a0\u00bbtxt-blue abstract weight500&Prime;]Comment bien prendre les mesures pour le choix efficaces pour les <a href=\"https:\/\/relaxsrl.com\/fr\/produits\/typologie\/cabine-de-douche\/en-niche\/\">cabines de douche en niche<\/a>? Voici quelques br\u00e8ves indications qui prennent en compte le receveur de douche au-dessus ou au ras du sol et le receveur de douche encastr\u00e9 dans le sol. Toutes les solutions sont certifi\u00e9es <a href=\"https:\/\/www.tuvsud.com\/fr-fr\">T\u00dcV S\u00dcD<\/a>.[\/vc_column_text][vc_empty_space height=\u00a0\u00bb35px\u00a0\u00bb][\/vc_column][\/vc_row][vc_row el_id=\u00a0\u00bbparagraphe-1&Prime;][vc_column width=\u00a0\u00bb1\/6&Prime;][\/vc_column][vc_column width=\u00a0\u00bb2\/3&Prime;][vc_column_text]<\/p>\n<h2>Niche avec receveur de douche au-dessus ou au ras du sol<\/h2>\n<p>Dans le cas d&rsquo;une niche avec le receveur de douche au-dessus du sol ou affleurant le sol, la cabine de douche doit \u00eatre install\u00e9e sur le receveur ou en tout cas \u00e0 l&rsquo;int\u00e9rieur. Dans ce cas, la taille de port correcte est la plus petite des trois enregistr\u00e9es (L1, L2, L3).<\/p>\n<p>Par exemple:<br \/>\nL = 87 cm (dimension apr\u00e8s carrelage)<\/p>\n<p>La cabine de douche doit mesurer :<br \/>\nL = 84\/88cm[\/vc_column_text][vc_empty_space height=\u00a0\u00bb20px\u00a0\u00bb][vc_single_image image=\u00a0\u00bb5791&Prime; img_size=\u00a0\u00bbfull\u00a0\u00bb][vc_empty_space height=\u00a0\u00bb40px\u00a0\u00bb][\/vc_column][\/vc_row][vc_row el_id=\u00a0\u00bbparagraphe-2&Prime;][vc_column width=\u00a0\u00bb1\/6&Prime;][\/vc_column][vc_column width=\u00a0\u00bb2\/3&Prime;][vc_column_text]<\/p>\n<h2>Receveur de douche encastr\u00e9 dans le sol<\/h2>\n<p>Une situation particuli\u00e8re choix pour les cabines de douche en niche. Lorsque vous avez un receveur de douche en niche encastr\u00e9 dans le sol, la cabine de douche doit \u00eatre install\u00e9e au sol, \u00e0 proximit\u00e9 de la zone de douche. La bonne taille, comme dans la situation pr\u00e9c\u00e9dente, prend en compte la plus petite mesure parmi les trois enregistr\u00e9es (L1, L2, L3).<\/p>\n<p>Un exemple:<br \/>\nL = 87 cm (dimension apr\u00e8s carrelage)<\/p>\n<p>La cabine de douche doit mesurer :<br \/>\nL = 84\/88cm[\/vc_column_text][vc_empty_space height=\u00a0\u00bb20px\u00a0\u00bb][vc_single_image image=\u00a0\u00bb5795&Prime; img_size=\u00a0\u00bbfull\u00a0\u00bb][vc_empty_space height=\u00a0\u00bb100px\u00a0\u00bb][\/vc_column][\/vc_row]<\/p>\n","protected":false},"excerpt":{"rendered":"<p>[vc_row full_width=\u00a0\u00bbstretch_row\u00a0\u00bb content_placement=\u00a0\u00bbmiddle\u00a0\u00bb el_class=\u00a0\u00bbintro-row\u00a0\u00bb][vc_column][vc_column_text] Des choix efficaces pour les cabines de douche de niche [\/vc_column_text][\/vc_column][\/vc_row][vc_row el_class=\u00a0\u00bbrow-path\u00a0\u00bb][vc_column][vc_column_text][\/vc_column_text][\/vc_column][\/vc_row][vc_row][vc_column width=\u00a0\u00bb1\/6&Prime;][\/vc_column][vc_column width=\u00a0\u00bb2\/3&Prime;][vc_column_text el_class=\u00a0\u00bbtxt-blue abstract weight500&Prime;]Comment bien prendre les mesures pour le choix efficaces pour les cabines de douche en niche? Voici quelques br\u00e8ves indications qui prennent en compte le receveur de douche au-dessus ou au ras du sol et [&hellip;]<\/p>\n","protected":false},"author":3,"featured_media":5795,"parent":0,"menu_order":0,"comment_status":"closed","ping_status":"closed","template":"","meta":[],"acf":[],"yoast_head":"<!-- This site is optimized with the Yoast SEO Premium plugin v18.4 (Yoast SEO v18.8) - https:\/\/yoast.com\/wordpress\/plugins\/seo\/ -->\n<title>Des choix pour les cabines de douche en niche - Relax srl<\/title>\n<meta name=\"description\" content=\"Le choix pour les cabines de douche en niche doit \u00eatre fait en connaissance de cause. Nous vous aidons dans votre choix avec ce guide.\" \/>\n<meta name=\"robots\" content=\"index, follow, max-snippet:-1, max-image-preview:large, max-video-preview:-1\" \/>\n<link rel=\"canonical\" href=\"https:\/\/relaxsrl.com\/fr\/des-choix-efficaces-pour-les-cabines-de-douche-en-niche\/\" \/>\n<meta property=\"og:locale\" content=\"fr_FR\" \/>\n<meta property=\"og:type\" content=\"article\" \/>\n<meta property=\"og:title\" content=\"Des choix pour les cabines de douche en niche - Relax srl\" \/>\n<meta property=\"og:description\" content=\"Le choix pour les cabines de douche en niche doit \u00eatre fait en connaissance de cause. Nous vous aidons dans votre choix avec ce guide.\" \/>\n<meta property=\"og:url\" content=\"https:\/\/relaxsrl.com\/fr\/des-choix-efficaces-pour-les-cabines-de-douche-en-niche\/\" \/>\n<meta property=\"og:site_name\" content=\"Relax srl\" \/>\n<meta property=\"article:modified_time\" content=\"2023-09-14T14:25:00+00:00\" \/>\n<meta property=\"og:image\" content=\"https:\/\/relaxsrl.com\/website\/wp-content\/uploads\/2021\/10\/FOTO22.png\" \/>\n\t<meta property=\"og:image:width\" content=\"397\" \/>\n\t<meta property=\"og:image:height\" content=\"397\" \/>\n\t<meta property=\"og:image:type\" content=\"image\/png\" \/>\n<meta name=\"twitter:card\" content=\"summary_large_image\" \/>\n<meta name=\"twitter:label1\" content=\"Dur\u00e9e de lecture estim\u00e9e\" \/>\n\t<meta name=\"twitter:data1\" content=\"2 minutes\" \/>\n<script type=\"application\/ld+json\" class=\"yoast-schema-graph\">{\"@context\":\"https:\/\/schema.org\",\"@graph\":[{\"@type\":\"WebSite\",\"@id\":\"https:\/\/relaxsrl.com\/#website\",\"url\":\"https:\/\/relaxsrl.com\/\",\"name\":\"Relax srl\",\"description\":\"\",\"potentialAction\":[{\"@type\":\"SearchAction\",\"target\":{\"@type\":\"EntryPoint\",\"urlTemplate\":\"https:\/\/relaxsrl.com\/?s={search_term_string}\"},\"query-input\":\"required name=search_term_string\"}],\"inLanguage\":\"fr-FR\"},{\"@type\":\"ImageObject\",\"inLanguage\":\"fr-FR\",\"@id\":\"https:\/\/relaxsrl.com\/fr\/des-choix-efficaces-pour-les-cabines-de-douche-en-niche\/#primaryimage\",\"url\":\"https:\/\/relaxsrl.com\/website\/wp-content\/uploads\/2021\/10\/FOTO22.png\",\"contentUrl\":\"https:\/\/relaxsrl.com\/website\/wp-content\/uploads\/2021\/10\/FOTO22.png\",\"width\":397,\"height\":397,\"caption\":\"presa misure box doccia in nicchia\"},{\"@type\":\"WebPage\",\"@id\":\"https:\/\/relaxsrl.com\/fr\/des-choix-efficaces-pour-les-cabines-de-douche-en-niche\/#webpage\",\"url\":\"https:\/\/relaxsrl.com\/fr\/des-choix-efficaces-pour-les-cabines-de-douche-en-niche\/\",\"name\":\"Des choix pour les cabines de douche en niche - Relax srl\",\"isPartOf\":{\"@id\":\"https:\/\/relaxsrl.com\/#website\"},\"primaryImageOfPage\":{\"@id\":\"https:\/\/relaxsrl.com\/fr\/des-choix-efficaces-pour-les-cabines-de-douche-en-niche\/#primaryimage\"},\"datePublished\":\"2021-11-30T10:25:51+00:00\",\"dateModified\":\"2023-09-14T14:25:00+00:00\",\"description\":\"Le choix pour les cabines de douche en niche doit \u00eatre fait en connaissance de cause. Nous vous aidons dans votre choix avec ce guide.\",\"breadcrumb\":{\"@id\":\"https:\/\/relaxsrl.com\/fr\/des-choix-efficaces-pour-les-cabines-de-douche-en-niche\/#breadcrumb\"},\"inLanguage\":\"fr-FR\",\"potentialAction\":[{\"@type\":\"ReadAction\",\"target\":[\"https:\/\/relaxsrl.com\/fr\/des-choix-efficaces-pour-les-cabines-de-douche-en-niche\/\"]}]},{\"@type\":\"BreadcrumbList\",\"@id\":\"https:\/\/relaxsrl.com\/fr\/des-choix-efficaces-pour-les-cabines-de-douche-en-niche\/#breadcrumb\",\"itemListElement\":[{\"@type\":\"ListItem\",\"position\":1,\"name\":\"Des choix pour les cabines de douche en niche\"}]}]}<\/script>\n<!-- \/ Yoast SEO Premium plugin. -->","yoast_head_json":{"title":"Des choix pour les cabines de douche en niche - Relax srl","description":"Le choix pour les cabines de douche en niche doit \u00eatre fait en connaissance de cause. Nous vous aidons dans votre choix avec ce guide.","robots":{"index":"index","follow":"follow","max-snippet":"max-snippet:-1","max-image-preview":"max-image-preview:large","max-video-preview":"max-video-preview:-1"},"canonical":"https:\/\/relaxsrl.com\/fr\/des-choix-efficaces-pour-les-cabines-de-douche-en-niche\/","og_locale":"fr_FR","og_type":"article","og_title":"Des choix pour les cabines de douche en niche - Relax srl","og_description":"Le choix pour les cabines de douche en niche doit \u00eatre fait en connaissance de cause. Nous vous aidons dans votre choix avec ce guide.","og_url":"https:\/\/relaxsrl.com\/fr\/des-choix-efficaces-pour-les-cabines-de-douche-en-niche\/","og_site_name":"Relax srl","article_modified_time":"2023-09-14T14:25:00+00:00","og_image":[{"width":397,"height":397,"url":"https:\/\/relaxsrl.com\/website\/wp-content\/uploads\/2021\/10\/FOTO22.png","type":"image\/png"}],"twitter_card":"summary_large_image","twitter_misc":{"Dur\u00e9e de lecture estim\u00e9e":"2 minutes"},"schema":{"@context":"https:\/\/schema.org","@graph":[{"@type":"WebSite","@id":"https:\/\/relaxsrl.com\/#website","url":"https:\/\/relaxsrl.com\/","name":"Relax srl","description":"","potentialAction":[{"@type":"SearchAction","target":{"@type":"EntryPoint","urlTemplate":"https:\/\/relaxsrl.com\/?s={search_term_string}"},"query-input":"required name=search_term_string"}],"inLanguage":"fr-FR"},{"@type":"ImageObject","inLanguage":"fr-FR","@id":"https:\/\/relaxsrl.com\/fr\/des-choix-efficaces-pour-les-cabines-de-douche-en-niche\/#primaryimage","url":"https:\/\/relaxsrl.com\/website\/wp-content\/uploads\/2021\/10\/FOTO22.png","contentUrl":"https:\/\/relaxsrl.com\/website\/wp-content\/uploads\/2021\/10\/FOTO22.png","width":397,"height":397,"caption":"presa misure box doccia in nicchia"},{"@type":"WebPage","@id":"https:\/\/relaxsrl.com\/fr\/des-choix-efficaces-pour-les-cabines-de-douche-en-niche\/#webpage","url":"https:\/\/relaxsrl.com\/fr\/des-choix-efficaces-pour-les-cabines-de-douche-en-niche\/","name":"Des choix pour les cabines de douche en niche - Relax srl","isPartOf":{"@id":"https:\/\/relaxsrl.com\/#website"},"primaryImageOfPage":{"@id":"https:\/\/relaxsrl.com\/fr\/des-choix-efficaces-pour-les-cabines-de-douche-en-niche\/#primaryimage"},"datePublished":"2021-11-30T10:25:51+00:00","dateModified":"2023-09-14T14:25:00+00:00","description":"Le choix pour les cabines de douche en niche doit \u00eatre fait en connaissance de cause. Nous vous aidons dans votre choix avec ce guide.","breadcrumb":{"@id":"https:\/\/relaxsrl.com\/fr\/des-choix-efficaces-pour-les-cabines-de-douche-en-niche\/#breadcrumb"},"inLanguage":"fr-FR","potentialAction":[{"@type":"ReadAction","target":["https:\/\/relaxsrl.com\/fr\/des-choix-efficaces-pour-les-cabines-de-douche-en-niche\/"]}]},{"@type":"BreadcrumbList","@id":"https:\/\/relaxsrl.com\/fr\/des-choix-efficaces-pour-les-cabines-de-douche-en-niche\/#breadcrumb","itemListElement":[{"@type":"ListItem","position":1,"name":"Des choix pour les cabines de douche en niche"}]}]}},"_links":{"self":[{"href":"https:\/\/relaxsrl.com\/fr\/wp-json\/wp\/v2\/pages\/13510"}],"collection":[{"href":"https:\/\/relaxsrl.com\/fr\/wp-json\/wp\/v2\/pages"}],"about":[{"href":"https:\/\/relaxsrl.com\/fr\/wp-json\/wp\/v2\/types\/page"}],"author":[{"embeddable":true,"href":"https:\/\/relaxsrl.com\/fr\/wp-json\/wp\/v2\/users\/3"}],"replies":[{"embeddable":true,"href":"https:\/\/relaxsrl.com\/fr\/wp-json\/wp\/v2\/comments?post=13510"}],"version-history":[{"count":6,"href":"https:\/\/relaxsrl.com\/fr\/wp-json\/wp\/v2\/pages\/13510\/revisions"}],"predecessor-version":[{"id":29171,"href":"https:\/\/relaxsrl.com\/fr\/wp-json\/wp\/v2\/pages\/13510\/revisions\/29171"}],"wp:featuredmedia":[{"embeddable":true,"href":"https:\/\/relaxsrl.com\/fr\/wp-json\/wp\/v2\/media\/5795"}],"wp:attachment":[{"href":"https:\/\/relaxsrl.com\/fr\/wp-json\/wp\/v2\/media?parent=13510"}],"curies":[{"name":"wp","href":"https:\/\/api.w.org\/{rel}","templated":true}]}}