{"id":13536,"date":"2021-11-30T11:44:34","date_gmt":"2021-11-30T10:44:34","guid":{"rendered":"http:\/\/relaxsrl.com\/des-choix-efficaces-pour-le-receveur-de-douche\/"},"modified":"2023-09-14T15:37:52","modified_gmt":"2023-09-14T13:37:52","slug":"des-choix-efficaces-pour-le-receveur-de-douche","status":"publish","type":"page","link":"https:\/\/relaxsrl.com\/fr\/des-choix-efficaces-pour-le-receveur-de-douche\/","title":{"rendered":"Des choix efficaces pour le receveur de douche"},"content":{"rendered":"<p>[vc_row full_width=\u00a0\u00bbstretch_row\u00a0\u00bb content_placement=\u00a0\u00bbmiddle\u00a0\u00bb el_class=\u00a0\u00bbintro-row\u00a0\u00bb][vc_column][vc_column_text]<\/p>\n<h1>Des choix efficaces pour le receveur de douche<\/h1>\n<p>[\/vc_column_text][\/vc_column][\/vc_row][vc_row el_class=\u00a0\u00bbrow-path\u00a0\u00bb][vc_column][vc_column_text][\/vc_column_text][\/vc_column][\/vc_row][vc_row][vc_column width=\u00a0\u00bb1\/6&Prime;][\/vc_column][vc_column width=\u00a0\u00bb2\/3&Prime;][vc_column_text el_class=\u00a0\u00bbtxt-blue abstract weight500&Prime;]Voici quelques br\u00e8ves indications sur la fa\u00e7on de prendre des mesures et de faire des choix efficaces pour le receveur de douche au-dessus du sol, au ras du sol ou encastr\u00e9 dans le sol. Toutes les solutions, comme des <a href=\"https:\/\/relaxsrl.com\/fr\/produits\/typologie\/receveurs-de-douche\/\">receveurs de douche<\/a> Relax sont certifi\u00e9es <a href=\"https:\/\/www.tuvsud.com\/fr-fr\">T\u00dcV S\u00dcD<\/a>.[\/vc_column_text][vc_empty_space height=\u00a0\u00bb35px\u00a0\u00bb][\/vc_column][\/vc_row][vc_row el_id=\u00a0\u00bbparagraphe-1&Prime;][vc_column width=\u00a0\u00bb1\/6&Prime;][\/vc_column][vc_column width=\u00a0\u00bb2\/3&Prime;][vc_column_text]<\/p>\n<h2>Receveur de douche au-dessus du sol<\/h2>\n<p>Lorsque le receveur de douche est plac\u00e9 au-dessus du sol, les dimensions \u00e0 consid\u00e9rer pour une installation correcte sont P et L, comme sur la figure. Dans ce cas, l&rsquo;extensibilit\u00e9 maximale du c\u00f4t\u00e9 pris en consid\u00e9ration doit \u00eatre inf\u00e9rieure ou \u00e9gale \u00e0 la consid\u00e9ration P ou L.<\/p>\n<p>Par exemple, au cas o\u00f9:<br \/>\nP = 88,5 cm (dimension apr\u00e8s carrelage)<br \/>\nL = 98,5 cm (dimension apr\u00e8s carrelage)<\/p>\n<p>La cabine de douche doit mesurer:<br \/>\np = 87\/89 ou 86\/88<br \/>\nL = 97\/99 ou 96\/98[\/vc_column_text][vc_empty_space height=\u00a0\u00bb20px\u00a0\u00bb][vc_single_image image=\u00a0\u00bb5777&Prime; img_size=\u00a0\u00bbfull\u00a0\u00bb][vc_empty_space height=\u00a0\u00bb40px\u00a0\u00bb][\/vc_column][\/vc_row][vc_row el_id=\u00a0\u00bbparagraphe-2&Prime;][vc_column width=\u00a0\u00bb1\/6&Prime;][\/vc_column][vc_column width=\u00a0\u00bb2\/3&Prime;][vc_column_text]<\/p>\n<h2>Receveur de douche au ras du sol<\/h2>\n<p>Le receveur de douche au ras du sol est une pr\u00e9sence sc\u00e9nique \u00e0 l&rsquo;int\u00e9rieur de la salle de bain. Tout d&rsquo;abord, il est n\u00e9cessaire d&rsquo;identifier l&rsquo;endroit o\u00f9 la cabine de douche doit \u00eatre install\u00e9e, par exemple en correspondance avec l&rsquo;espace de s\u00e9paration entre le receveur de douche et le sol. Ensuite, dans le cas du receveur de douche affleurant le sol, l&rsquo;extensibilit\u00e9 minimale du c\u00f4t\u00e9 consid\u00e9r\u00e9 doit \u00eatre \u00e9gale ou l\u00e9g\u00e8rement sup\u00e9rieure aux dimensions P et L.<\/p>\n<p>Ci-dessous un exemple pour comprendre l&rsquo;installation :<br \/>\nP = 88,5 cm (dimension apr\u00e8s carrelage)<br \/>\nL = 98,5 cm (dimension apr\u00e8s carrelage)<\/p>\n<p>La cabine de douche doit mesurer :<br \/>\np = 89\/91<br \/>\nL = 99\/101[\/vc_column_text][vc_empty_space height=\u00a0\u00bb20px\u00a0\u00bb][vc_single_image image=\u00a0\u00bb5781&Prime; img_size=\u00a0\u00bbfull\u00a0\u00bb][vc_empty_space height=\u00a0\u00bb40px\u00a0\u00bb][\/vc_column][\/vc_row][vc_row][vc_column width=\u00a0\u00bb1\/6&Prime;][\/vc_column][vc_column width=\u00a0\u00bb2\/3&Prime;][vc_column_text]<\/p>\n<h2>Receveur de douche encastr\u00e9 dans le sol<\/h2>\n<p>Lorsque vous avez un receveur de douche encastr\u00e9 dans le sol, ce dernier doit \u00eatre plac\u00e9 \u00e0 un niveau plus bas que le sol. Le positionnement de la cabine de douche doit avoir lieu \u00e0 proximit\u00e9 de la surface abaiss\u00e9e au sol. La dimension correcte du c\u00f4t\u00e9 consid\u00e9r\u00e9 doit \u00eatre sup\u00e9rieure d&rsquo;au moins 3 cm \u00e0 la dimension de r\u00e9f\u00e9rence P ou L.<\/p>\n<p>Par exemple:<br \/>\nP = 90 cm (dimension apr\u00e8s carrelage)<br \/>\nL = 100 cm (dimension apr\u00e8s carrelage)<\/p>\n<p>La cabine de douche doit mesurer :<br \/>\np = 93,5 \/ 95,5<br \/>\nL = 103\/105[\/vc_column_text][vc_empty_space height=\u00a0\u00bb20px\u00a0\u00bb][vc_single_image image=\u00a0\u00bb5785&Prime; img_size=\u00a0\u00bbfull\u00a0\u00bb][vc_empty_space height=\u00a0\u00bb100px\u00a0\u00bb][\/vc_column][\/vc_row]<\/p>\n","protected":false},"excerpt":{"rendered":"<p>[vc_row full_width=\u00a0\u00bbstretch_row\u00a0\u00bb content_placement=\u00a0\u00bbmiddle\u00a0\u00bb el_class=\u00a0\u00bbintro-row\u00a0\u00bb][vc_column][vc_column_text] Des choix efficaces pour le receveur de douche [\/vc_column_text][\/vc_column][\/vc_row][vc_row el_class=\u00a0\u00bbrow-path\u00a0\u00bb][vc_column][vc_column_text][\/vc_column_text][\/vc_column][\/vc_row][vc_row][vc_column width=\u00a0\u00bb1\/6&Prime;][\/vc_column][vc_column width=\u00a0\u00bb2\/3&Prime;][vc_column_text el_class=\u00a0\u00bbtxt-blue abstract weight500&Prime;]Voici quelques br\u00e8ves indications sur la fa\u00e7on de prendre des mesures et de faire des choix efficaces pour le receveur de douche au-dessus du sol, au ras du sol ou encastr\u00e9 dans le sol. Toutes les solutions, [&hellip;]<\/p>\n","protected":false},"author":3,"featured_media":5777,"parent":0,"menu_order":0,"comment_status":"closed","ping_status":"closed","template":"","meta":[],"acf":[],"yoast_head":"<!-- This site is optimized with the Yoast SEO Premium plugin v18.4 (Yoast SEO v18.8) - https:\/\/yoast.com\/wordpress\/plugins\/seo\/ -->\n<title>Des choix efficaces pour le receveur de douche - Relax srl<\/title>\n<meta name=\"description\" content=\"Des choix efficaces pour le receveur de douche. Tout ce que vous devez savoir r\u00e9sum\u00e9 ici. D\u00e9couvrez et faites un choix \u00e9clair\u00e9.\" \/>\n<meta name=\"robots\" content=\"index, follow, max-snippet:-1, max-image-preview:large, max-video-preview:-1\" \/>\n<link rel=\"canonical\" href=\"https:\/\/relaxsrl.com\/fr\/des-choix-efficaces-pour-le-receveur-de-douche\/\" \/>\n<meta property=\"og:locale\" content=\"fr_FR\" \/>\n<meta property=\"og:type\" content=\"article\" \/>\n<meta property=\"og:title\" content=\"Des choix efficaces pour le receveur de douche - Relax srl\" \/>\n<meta property=\"og:description\" content=\"Des choix efficaces pour le receveur de douche. Tout ce que vous devez savoir r\u00e9sum\u00e9 ici. D\u00e9couvrez et faites un choix \u00e9clair\u00e9.\" \/>\n<meta property=\"og:url\" content=\"https:\/\/relaxsrl.com\/fr\/des-choix-efficaces-pour-le-receveur-de-douche\/\" \/>\n<meta property=\"og:site_name\" content=\"Relax srl\" \/>\n<meta property=\"article:modified_time\" content=\"2023-09-14T13:37:52+00:00\" \/>\n<meta property=\"og:image\" content=\"https:\/\/relaxsrl.com\/website\/wp-content\/uploads\/2021\/10\/FOTO18.png\" \/>\n\t<meta property=\"og:image:width\" content=\"302\" \/>\n\t<meta property=\"og:image:height\" content=\"302\" \/>\n\t<meta property=\"og:image:type\" content=\"image\/png\" \/>\n<meta name=\"twitter:card\" content=\"summary_large_image\" \/>\n<meta name=\"twitter:label1\" content=\"Dur\u00e9e de lecture estim\u00e9e\" \/>\n\t<meta name=\"twitter:data1\" content=\"3 minutes\" \/>\n<script type=\"application\/ld+json\" class=\"yoast-schema-graph\">{\"@context\":\"https:\/\/schema.org\",\"@graph\":[{\"@type\":\"WebSite\",\"@id\":\"https:\/\/relaxsrl.com\/#website\",\"url\":\"https:\/\/relaxsrl.com\/\",\"name\":\"Relax srl\",\"description\":\"\",\"potentialAction\":[{\"@type\":\"SearchAction\",\"target\":{\"@type\":\"EntryPoint\",\"urlTemplate\":\"https:\/\/relaxsrl.com\/?s={search_term_string}\"},\"query-input\":\"required name=search_term_string\"}],\"inLanguage\":\"fr-FR\"},{\"@type\":\"ImageObject\",\"inLanguage\":\"fr-FR\",\"@id\":\"https:\/\/relaxsrl.com\/fr\/des-choix-efficaces-pour-le-receveur-de-douche\/#primaryimage\",\"url\":\"https:\/\/relaxsrl.com\/website\/wp-content\/uploads\/2021\/10\/FOTO18.png\",\"contentUrl\":\"https:\/\/relaxsrl.com\/website\/wp-content\/uploads\/2021\/10\/FOTO18.png\",\"width\":302,\"height\":302,\"caption\":\"Piatto doccia sopra pavimento, esempio\"},{\"@type\":\"WebPage\",\"@id\":\"https:\/\/relaxsrl.com\/fr\/des-choix-efficaces-pour-le-receveur-de-douche\/#webpage\",\"url\":\"https:\/\/relaxsrl.com\/fr\/des-choix-efficaces-pour-le-receveur-de-douche\/\",\"name\":\"Des choix efficaces pour le receveur de douche - Relax srl\",\"isPartOf\":{\"@id\":\"https:\/\/relaxsrl.com\/#website\"},\"primaryImageOfPage\":{\"@id\":\"https:\/\/relaxsrl.com\/fr\/des-choix-efficaces-pour-le-receveur-de-douche\/#primaryimage\"},\"datePublished\":\"2021-11-30T10:44:34+00:00\",\"dateModified\":\"2023-09-14T13:37:52+00:00\",\"description\":\"Des choix efficaces pour le receveur de douche. Tout ce que vous devez savoir r\u00e9sum\u00e9 ici. D\u00e9couvrez et faites un choix \u00e9clair\u00e9.\",\"breadcrumb\":{\"@id\":\"https:\/\/relaxsrl.com\/fr\/des-choix-efficaces-pour-le-receveur-de-douche\/#breadcrumb\"},\"inLanguage\":\"fr-FR\",\"potentialAction\":[{\"@type\":\"ReadAction\",\"target\":[\"https:\/\/relaxsrl.com\/fr\/des-choix-efficaces-pour-le-receveur-de-douche\/\"]}]},{\"@type\":\"BreadcrumbList\",\"@id\":\"https:\/\/relaxsrl.com\/fr\/des-choix-efficaces-pour-le-receveur-de-douche\/#breadcrumb\",\"itemListElement\":[{\"@type\":\"ListItem\",\"position\":1,\"name\":\"Des choix efficaces pour le receveur de douche\"}]}]}<\/script>\n<!-- \/ Yoast SEO Premium plugin. -->","yoast_head_json":{"title":"Des choix efficaces pour le receveur de douche - Relax srl","description":"Des choix efficaces pour le receveur de douche. Tout ce que vous devez savoir r\u00e9sum\u00e9 ici. D\u00e9couvrez et faites un choix \u00e9clair\u00e9.","robots":{"index":"index","follow":"follow","max-snippet":"max-snippet:-1","max-image-preview":"max-image-preview:large","max-video-preview":"max-video-preview:-1"},"canonical":"https:\/\/relaxsrl.com\/fr\/des-choix-efficaces-pour-le-receveur-de-douche\/","og_locale":"fr_FR","og_type":"article","og_title":"Des choix efficaces pour le receveur de douche - Relax srl","og_description":"Des choix efficaces pour le receveur de douche. Tout ce que vous devez savoir r\u00e9sum\u00e9 ici. D\u00e9couvrez et faites un choix \u00e9clair\u00e9.","og_url":"https:\/\/relaxsrl.com\/fr\/des-choix-efficaces-pour-le-receveur-de-douche\/","og_site_name":"Relax srl","article_modified_time":"2023-09-14T13:37:52+00:00","og_image":[{"width":302,"height":302,"url":"https:\/\/relaxsrl.com\/website\/wp-content\/uploads\/2021\/10\/FOTO18.png","type":"image\/png"}],"twitter_card":"summary_large_image","twitter_misc":{"Dur\u00e9e de lecture estim\u00e9e":"3 minutes"},"schema":{"@context":"https:\/\/schema.org","@graph":[{"@type":"WebSite","@id":"https:\/\/relaxsrl.com\/#website","url":"https:\/\/relaxsrl.com\/","name":"Relax srl","description":"","potentialAction":[{"@type":"SearchAction","target":{"@type":"EntryPoint","urlTemplate":"https:\/\/relaxsrl.com\/?s={search_term_string}"},"query-input":"required name=search_term_string"}],"inLanguage":"fr-FR"},{"@type":"ImageObject","inLanguage":"fr-FR","@id":"https:\/\/relaxsrl.com\/fr\/des-choix-efficaces-pour-le-receveur-de-douche\/#primaryimage","url":"https:\/\/relaxsrl.com\/website\/wp-content\/uploads\/2021\/10\/FOTO18.png","contentUrl":"https:\/\/relaxsrl.com\/website\/wp-content\/uploads\/2021\/10\/FOTO18.png","width":302,"height":302,"caption":"Piatto doccia sopra pavimento, esempio"},{"@type":"WebPage","@id":"https:\/\/relaxsrl.com\/fr\/des-choix-efficaces-pour-le-receveur-de-douche\/#webpage","url":"https:\/\/relaxsrl.com\/fr\/des-choix-efficaces-pour-le-receveur-de-douche\/","name":"Des choix efficaces pour le receveur de douche - Relax srl","isPartOf":{"@id":"https:\/\/relaxsrl.com\/#website"},"primaryImageOfPage":{"@id":"https:\/\/relaxsrl.com\/fr\/des-choix-efficaces-pour-le-receveur-de-douche\/#primaryimage"},"datePublished":"2021-11-30T10:44:34+00:00","dateModified":"2023-09-14T13:37:52+00:00","description":"Des choix efficaces pour le receveur de douche. Tout ce que vous devez savoir r\u00e9sum\u00e9 ici. D\u00e9couvrez et faites un choix \u00e9clair\u00e9.","breadcrumb":{"@id":"https:\/\/relaxsrl.com\/fr\/des-choix-efficaces-pour-le-receveur-de-douche\/#breadcrumb"},"inLanguage":"fr-FR","potentialAction":[{"@type":"ReadAction","target":["https:\/\/relaxsrl.com\/fr\/des-choix-efficaces-pour-le-receveur-de-douche\/"]}]},{"@type":"BreadcrumbList","@id":"https:\/\/relaxsrl.com\/fr\/des-choix-efficaces-pour-le-receveur-de-douche\/#breadcrumb","itemListElement":[{"@type":"ListItem","position":1,"name":"Des choix efficaces pour le receveur de douche"}]}]}},"_links":{"self":[{"href":"https:\/\/relaxsrl.com\/fr\/wp-json\/wp\/v2\/pages\/13536"}],"collection":[{"href":"https:\/\/relaxsrl.com\/fr\/wp-json\/wp\/v2\/pages"}],"about":[{"href":"https:\/\/relaxsrl.com\/fr\/wp-json\/wp\/v2\/types\/page"}],"author":[{"embeddable":true,"href":"https:\/\/relaxsrl.com\/fr\/wp-json\/wp\/v2\/users\/3"}],"replies":[{"embeddable":true,"href":"https:\/\/relaxsrl.com\/fr\/wp-json\/wp\/v2\/comments?post=13536"}],"version-history":[{"count":5,"href":"https:\/\/relaxsrl.com\/fr\/wp-json\/wp\/v2\/pages\/13536\/revisions"}],"predecessor-version":[{"id":29168,"href":"https:\/\/relaxsrl.com\/fr\/wp-json\/wp\/v2\/pages\/13536\/revisions\/29168"}],"wp:featuredmedia":[{"embeddable":true,"href":"https:\/\/relaxsrl.com\/fr\/wp-json\/wp\/v2\/media\/5777"}],"wp:attachment":[{"href":"https:\/\/relaxsrl.com\/fr\/wp-json\/wp\/v2\/media?parent=13536"}],"curies":[{"name":"wp","href":"https:\/\/api.w.org\/{rel}","templated":true}]}}