{"id":13567,"date":"2021-11-30T12:12:23","date_gmt":"2021-11-30T11:12:23","guid":{"rendered":"http:\/\/relaxsrl.com\/solutions-fonctionnelles\/"},"modified":"2023-10-23T16:13:37","modified_gmt":"2023-10-23T14:13:37","slug":"solutions-fonctionnelles","status":"publish","type":"page","link":"https:\/\/relaxsrl.com\/fr\/solutions-fonctionnelles\/","title":{"rendered":"Solutions fonctionnelles"},"content":{"rendered":"<p>[vc_row full_width=\u00a0\u00bbstretch_row\u00a0\u00bb content_placement=\u00a0\u00bbmiddle\u00a0\u00bb el_class=\u00a0\u00bbintro-row\u00a0\u00bb][vc_column][vc_column_text]<\/p>\n<h1>Solutions fonctionnelles<\/h1>\n<p>[\/vc_column_text][\/vc_column][\/vc_row][vc_row el_class=\u00a0\u00bbrow-path\u00a0\u00bb][vc_column][vc_column_text][\/vc_column_text][\/vc_column][\/vc_row][vc_row][vc_column width=\u00a0\u00bb1\/6&Prime;][\/vc_column][vc_column width=\u00a0\u00bb2\/3&Prime;][vc_column_text el_class=\u00a0\u00bbtxt-blue abstract weight500&Prime;]Relax a constamment augment\u00e9 son activit\u00e9 de recherche et d\u00e9veloppement au fil des ans pour concevoir et breveter des syst\u00e8mes de parois de douche pratiques et fonctionnelles, au design moderne et de qualit\u00e9. Nous avons con\u00e7u, test\u00e9 et mis en production diverses solutions fonctionnelles qui ont rendu nos parois de douche simples \u00e0 assembler, faciles \u00e0 nettoyer et durables. Toutes les solutions sont certifi\u00e9es <a href=\"https:\/\/www.tuvsud.com\/fr-fr\">T\u00dcV S\u00dcD<\/a>.[\/vc_column_text][\/vc_column][\/vc_row][vc_row el_id=\u00a0\u00bbparagraphe-1&Prime;][vc_column width=\u00a0\u00bb1\/6&Prime;][\/vc_column][vc_column width=\u00a0\u00bb2\/3&Prime;][vc_empty_space height=\u00a0\u00bb35px\u00a0\u00bb][vc_column_text]<\/p>\n<h2>Solutions fonctionnelles: Profil avec insertion de verre \u00e0 pression<\/h2>\n<p>Ce type de profil\u00e9, avec l&rsquo;insertion du verre \u00e0 pression, ne n\u00e9cessite pas l&rsquo;utilisation de vis pour bloquer le verre lui-m\u00eame. Le montage de la cabine s&rsquo;effectue ainsi de mani\u00e8re simple et rapide. Le r\u00e9sultat final, sans vis apparentes, vous permet de profiter d&rsquo;un produit \u00e9l\u00e9gant, soign\u00e9 dans les moindres d\u00e9tails.<\/p>\n<p>De plus, la possibilit\u00e9 de noyer compl\u00e8tement le profil de compensation dans le mur augmente les solutions r\u00e9alisables. Le minimalisme absolu de cette solution la rend particuli\u00e8rement appr\u00e9ci\u00e9e de ceux qui n&rsquo;aiment pas les profils visibles.[\/vc_column_text][vc_empty_space height=\u00a0\u00bb20px\u00a0\u00bb][vc_single_image image=\u00a0\u00bb12694&Prime; img_size=\u00a0\u00bb730&#215;400&Prime;][\/vc_column][\/vc_row][vc_row el_id=\u00a0\u00bbparagraphe-2&Prime;][vc_column width=\u00a0\u00bb1\/6&Prime;][\/vc_column][vc_column width=\u00a0\u00bb2\/3&Prime;][vc_empty_space height=\u00a0\u00bb50px\u00a0\u00bb][vc_column_text]<\/p>\n<h2>Syst\u00e8mes d&rsquo;ouverture de porte sans boutons<\/h2>\n<p>Positionn\u00e9 en partie basse de la cabine de douche, le syst\u00e8me de d\u00e9verrouillage de porte que nous avons mis en place dans nos cabines de douche \u00e9quip\u00e9es de portes coulissantes, <strong> permet un nettoyage rapide et efficace <\/strong>. Le mouvement, simple, qui lib\u00e8re la porte dans sa partie inf\u00e9rieure, est l&rsquo;une des caract\u00e9ristiques les plus appr\u00e9ci\u00e9es de nos parois de douche \u00e0 portes coulissantes. La porte, qui reste basculante, est beaucoup plus facile \u00e0 nettoyer.<br \/>\nNotre syst\u00e8me de d\u00e9verrouillage m\u00e9canique est garanti dans le temps.[\/vc_column_text][vc_empty_space height=\u00a0\u00bb20px\u00a0\u00bb][vc_single_image image=\u00a0\u00bb12698&Prime; img_size=\u00a0\u00bb730&#215;400&Prime;][\/vc_column][\/vc_row][vc_row el_id=\u00a0\u00bbparagraphe-3&Prime;][vc_column width=\u00a0\u00bb1\/6&Prime;][\/vc_column][vc_column width=\u00a0\u00bb2\/3&Prime;][vc_empty_space height=\u00a0\u00bb50px\u00a0\u00bb][vc_column_text]<\/p>\n<h2>Solutions fonctionnelles: Profil de couvercle de roulement<\/h2>\n<p>Pour nos mod\u00e8les Puro et Unico avec porte coulissante, nous avons cr\u00e9\u00e9 un profil\u00e9 recouvrant les roulements \u00e9galement \u00e0 l&rsquo;int\u00e9rieur de la cabine de douche. Une solution de <strong> nettoyage esth\u00e9tique <\/strong>, mais aussi de fonctionnalit\u00e9 puisque la <strong> vitesse de nettoyage <\/strong> augmente consid\u00e9rablement.[\/vc_column_text][vc_empty_space height=\u00a0\u00bb20px\u00a0\u00bb][vc_single_image image=\u00a0\u00bb12702&Prime; img_size=\u00a0\u00bb730&#215;400&Prime;][\/vc_column][\/vc_row][vc_row el_id=\u00a0\u00bbparagraphe-4&Prime;][vc_column width=\u00a0\u00bb1\/6&Prime;][\/vc_column][vc_column width=\u00a0\u00bb2\/3&Prime;][vc_empty_space height=\u00a0\u00bb50px\u00a0\u00bb][vc_column_text]<\/p>\n<h2>Profil\u00e9 mural avec chambre interne et vis cach\u00e9es<\/h2>\n<p>Solution qui vous permet de profiter d&rsquo;une <strong> paroi de douche esth\u00e9tiquement minimale et facile \u00e0 nettoyer <\/strong>.<br \/>\nLes vis n\u00e9cessaires pour fixer le profil\u00e9 avec le verre au profil\u00e9 mural ne restent pas visibles, mais \u00e0 l&rsquo;int\u00e9rieur du profil\u00e9 lui-m\u00eame. Ext\u00e9rieurement, les vis sont remplac\u00e9es par des capuchons qui les rendent presque invisibles.<br \/>\n[\/vc_column_text][vc_empty_space height=\u00a0\u00bb20px\u00a0\u00bb][vc_single_image image=\u00a0\u00bb12706&Prime; img_size=\u00a0\u00bb730&#215;400&Prime;][\/vc_column][\/vc_row][vc_row el_id=\u00a0\u00bbparagraphe-5&Prime;][vc_column width=\u00a0\u00bb1\/6&Prime;][\/vc_column][vc_column width=\u00a0\u00bb2\/3&Prime;][vc_empty_space height=\u00a0\u00bb50px\u00a0\u00bb][vc_column_text]<\/p>\n<h2>Solutions fonctionnelles: Joints int\u00e9gr\u00e9s au profil\u00e9<\/h2>\n<p>Id\u00e9e innovante et brevet\u00e9e. Alors que le joint est g\u00e9n\u00e9ralement fix\u00e9 sur la porte, avec cette solution le joint est directement int\u00e9gr\u00e9 dans le profil\u00e9 en aluminium. Cela garantit une <strong> \u00e9tanch\u00e9it\u00e9 sup\u00e9rieure <\/strong>. Les joints int\u00e9gr\u00e9s au profil\u00e9 Relax sont une solution technique de <strong> qualit\u00e9 certifi\u00e9e T\u00dcV S\u00dcD <\/strong>.[\/vc_column_text][vc_empty_space height=\u00a0\u00bb20px\u00a0\u00bb][vc_single_image image=\u00a0\u00bb12710&Prime; img_size=\u00a0\u00bb730&#215;400&Prime;][\/vc_column][\/vc_row][vc_row el_id=\u00a0\u00bbparagraphe-6&Prime;][vc_column width=\u00a0\u00bb1\/6&Prime;][\/vc_column][vc_column width=\u00a0\u00bb2\/3&Prime;][vc_empty_space height=\u00a0\u00bb50px\u00a0\u00bb][vc_column_text]<\/p>\n<h2>Profils et capuchons d\u00e9coratifs<\/h2>\n<p>Les profil\u00e9s d\u00e9coratifs des collections <a href=\"https:\/\/relaxsrl.com\/fr\/produits\/collections\/puro\/\">Puro<\/a> et <a href=\"https:\/\/relaxsrl.com\/fr\/produits\/collections\/unico\/\">Unico<\/a>, ins\u00e9r\u00e9s dans le profil\u00e9 sup\u00e9rieur de nos parois de douche, ont \u00e9t\u00e9 con\u00e7us pour se coordonner avec les diff\u00e9rents \u00e9l\u00e9ments de la salle de bain. Ce qui les distingue des autres, c&rsquo;est l&rsquo;incontestable <strong> facilit\u00e9 de montage <\/strong>: d&rsquo;un simple mouvement, vous pouvez les ajouter \u00e0 la cabine de douche. Ils sont disponibles en plusieurs couleurs, combin\u00e9s avec les capuchons de poign\u00e9e en aluminium.[\/vc_column_text][vc_empty_space height=\u00a0\u00bb20px\u00a0\u00bb][vc_gallery interval=\u00a0\u00bb3&Prime; images=\u00a0\u00bb12714,12718&Prime; img_size=\u00a0\u00bb730&#215;400&Prime; onclick=\u00a0\u00bb\u00a0\u00bb][\/vc_column][\/vc_row][vc_row el_id=\u00a0\u00bbparagraphe-7&Prime;][vc_column width=\u00a0\u00bb1\/6&Prime;][\/vc_column][vc_column width=\u00a0\u00bb2\/3&Prime;][vc_empty_space height=\u00a0\u00bb50px\u00a0\u00bb][vc_column_text]<\/p>\n<h2>Solutions fonctionnelles: Charni\u00e8res et poign\u00e9es avec couvercle interchangeable<\/h2>\n<p>L&rsquo;une des particularit\u00e9s de notre collection Cover est celle de pouvoir changer les couvercles des charni\u00e8res et des poign\u00e9es de mani\u00e8re \u00e0 <strong> adapter la couleur au go\u00fbt personnel <\/strong> des clients ou <strong> la combiner avec les finitions de l&rsquo;environnement <\/strong> du bain. Am\u00e9nager un espace comme la salle de bain peut devenir plus facile, surtout en pr\u00e9sence d&rsquo;\u00e9l\u00e9ments bicolores. Ils sont disponibles en standard en blanc, noir et chrome et, sur demande, d&rsquo;autres couleurs peuvent \u00eatre s\u00e9lectionn\u00e9es.[\/vc_column_text][vc_empty_space height=\u00a0\u00bb20px\u00a0\u00bb][vc_gallery interval=\u00a0\u00bb3&Prime; images=\u00a0\u00bb12722,12726&Prime; img_size=\u00a0\u00bb730&#215;400&Prime; onclick=\u00a0\u00bb\u00a0\u00bb][vc_empty_space height=\u00a0\u00bb100px\u00a0\u00bb][\/vc_column][\/vc_row]<\/p>\n","protected":false},"excerpt":{"rendered":"<p>[vc_row full_width=\u00a0\u00bbstretch_row\u00a0\u00bb content_placement=\u00a0\u00bbmiddle\u00a0\u00bb el_class=\u00a0\u00bbintro-row\u00a0\u00bb][vc_column][vc_column_text] Solutions fonctionnelles [\/vc_column_text][\/vc_column][\/vc_row][vc_row el_class=\u00a0\u00bbrow-path\u00a0\u00bb][vc_column][vc_column_text][\/vc_column_text][\/vc_column][\/vc_row][vc_row][vc_column width=\u00a0\u00bb1\/6&Prime;][\/vc_column][vc_column width=\u00a0\u00bb2\/3&Prime;][vc_column_text el_class=\u00a0\u00bbtxt-blue abstract weight500&Prime;]Relax a constamment augment\u00e9 son activit\u00e9 de recherche et d\u00e9veloppement au fil des ans pour concevoir et breveter des syst\u00e8mes de parois de douche pratiques et fonctionnelles, au design moderne et de qualit\u00e9. Nous avons con\u00e7u, test\u00e9 et mis en production diverses solutions [&hellip;]<\/p>\n","protected":false},"author":3,"featured_media":12694,"parent":0,"menu_order":0,"comment_status":"closed","ping_status":"closed","template":"","meta":[],"acf":[],"yoast_head":"<!-- This site is optimized with the Yoast SEO Premium plugin v18.4 (Yoast SEO v18.8) - https:\/\/yoast.com\/wordpress\/plugins\/seo\/ -->\n<title>Solutions fonctionnelles - Relax srl<\/title>\n<meta name=\"description\" content=\"Nous avons con\u00e7u, test\u00e9 et mis en production diverses solutions fonctionnelles pour nos cabines de douche. D\u00e9couvrez-les tous.\" \/>\n<meta name=\"robots\" content=\"index, follow, max-snippet:-1, max-image-preview:large, max-video-preview:-1\" \/>\n<link rel=\"canonical\" href=\"https:\/\/relaxsrl.com\/fr\/solutions-fonctionnelles\/\" \/>\n<meta property=\"og:locale\" content=\"fr_FR\" \/>\n<meta property=\"og:type\" content=\"article\" \/>\n<meta property=\"og:title\" content=\"Solutions fonctionnelles - Relax srl\" \/>\n<meta property=\"og:description\" content=\"Nous avons con\u00e7u, test\u00e9 et mis en production diverses solutions fonctionnelles pour nos cabines de douche. D\u00e9couvrez-les tous.\" \/>\n<meta property=\"og:url\" content=\"https:\/\/relaxsrl.com\/fr\/solutions-fonctionnelles\/\" \/>\n<meta property=\"og:site_name\" content=\"Relax srl\" \/>\n<meta property=\"article:modified_time\" content=\"2023-10-23T14:13:37+00:00\" \/>\n<meta property=\"og:image\" content=\"https:\/\/relaxsrl.com\/website\/wp-content\/uploads\/2021\/11\/Blog2.jpg\" \/>\n\t<meta property=\"og:image:width\" content=\"730\" \/>\n\t<meta property=\"og:image:height\" content=\"400\" \/>\n\t<meta property=\"og:image:type\" content=\"image\/jpeg\" \/>\n<meta name=\"twitter:card\" content=\"summary_large_image\" \/>\n<meta name=\"twitter:label1\" content=\"Dur\u00e9e de lecture estim\u00e9e\" \/>\n\t<meta name=\"twitter:data1\" content=\"4 minutes\" \/>\n<script type=\"application\/ld+json\" class=\"yoast-schema-graph\">{\"@context\":\"https:\/\/schema.org\",\"@graph\":[{\"@type\":\"WebSite\",\"@id\":\"https:\/\/relaxsrl.com\/#website\",\"url\":\"https:\/\/relaxsrl.com\/\",\"name\":\"Relax srl\",\"description\":\"\",\"potentialAction\":[{\"@type\":\"SearchAction\",\"target\":{\"@type\":\"EntryPoint\",\"urlTemplate\":\"https:\/\/relaxsrl.com\/?s={search_term_string}\"},\"query-input\":\"required name=search_term_string\"}],\"inLanguage\":\"fr-FR\"},{\"@type\":\"ImageObject\",\"inLanguage\":\"fr-FR\",\"@id\":\"https:\/\/relaxsrl.com\/fr\/solutions-fonctionnelles\/#primaryimage\",\"url\":\"https:\/\/relaxsrl.com\/website\/wp-content\/uploads\/2021\/11\/Blog2.jpg\",\"contentUrl\":\"https:\/\/relaxsrl.com\/website\/wp-content\/uploads\/2021\/11\/Blog2.jpg\",\"width\":730,\"height\":400,\"caption\":\"Inserimento del vetro a pressione in due fasi fondamentali\"},{\"@type\":\"WebPage\",\"@id\":\"https:\/\/relaxsrl.com\/fr\/solutions-fonctionnelles\/#webpage\",\"url\":\"https:\/\/relaxsrl.com\/fr\/solutions-fonctionnelles\/\",\"name\":\"Solutions fonctionnelles - Relax srl\",\"isPartOf\":{\"@id\":\"https:\/\/relaxsrl.com\/#website\"},\"primaryImageOfPage\":{\"@id\":\"https:\/\/relaxsrl.com\/fr\/solutions-fonctionnelles\/#primaryimage\"},\"datePublished\":\"2021-11-30T11:12:23+00:00\",\"dateModified\":\"2023-10-23T14:13:37+00:00\",\"description\":\"Nous avons con\u00e7u, test\u00e9 et mis en production diverses solutions fonctionnelles pour nos cabines de douche. D\u00e9couvrez-les tous.\",\"breadcrumb\":{\"@id\":\"https:\/\/relaxsrl.com\/fr\/solutions-fonctionnelles\/#breadcrumb\"},\"inLanguage\":\"fr-FR\",\"potentialAction\":[{\"@type\":\"ReadAction\",\"target\":[\"https:\/\/relaxsrl.com\/fr\/solutions-fonctionnelles\/\"]}]},{\"@type\":\"BreadcrumbList\",\"@id\":\"https:\/\/relaxsrl.com\/fr\/solutions-fonctionnelles\/#breadcrumb\",\"itemListElement\":[{\"@type\":\"ListItem\",\"position\":1,\"name\":\"Solutions fonctionnelles\"}]}]}<\/script>\n<!-- \/ Yoast SEO Premium plugin. -->","yoast_head_json":{"title":"Solutions fonctionnelles - Relax srl","description":"Nous avons con\u00e7u, test\u00e9 et mis en production diverses solutions fonctionnelles pour nos cabines de douche. D\u00e9couvrez-les tous.","robots":{"index":"index","follow":"follow","max-snippet":"max-snippet:-1","max-image-preview":"max-image-preview:large","max-video-preview":"max-video-preview:-1"},"canonical":"https:\/\/relaxsrl.com\/fr\/solutions-fonctionnelles\/","og_locale":"fr_FR","og_type":"article","og_title":"Solutions fonctionnelles - Relax srl","og_description":"Nous avons con\u00e7u, test\u00e9 et mis en production diverses solutions fonctionnelles pour nos cabines de douche. D\u00e9couvrez-les tous.","og_url":"https:\/\/relaxsrl.com\/fr\/solutions-fonctionnelles\/","og_site_name":"Relax srl","article_modified_time":"2023-10-23T14:13:37+00:00","og_image":[{"width":730,"height":400,"url":"https:\/\/relaxsrl.com\/website\/wp-content\/uploads\/2021\/11\/Blog2.jpg","type":"image\/jpeg"}],"twitter_card":"summary_large_image","twitter_misc":{"Dur\u00e9e de lecture estim\u00e9e":"4 minutes"},"schema":{"@context":"https:\/\/schema.org","@graph":[{"@type":"WebSite","@id":"https:\/\/relaxsrl.com\/#website","url":"https:\/\/relaxsrl.com\/","name":"Relax srl","description":"","potentialAction":[{"@type":"SearchAction","target":{"@type":"EntryPoint","urlTemplate":"https:\/\/relaxsrl.com\/?s={search_term_string}"},"query-input":"required name=search_term_string"}],"inLanguage":"fr-FR"},{"@type":"ImageObject","inLanguage":"fr-FR","@id":"https:\/\/relaxsrl.com\/fr\/solutions-fonctionnelles\/#primaryimage","url":"https:\/\/relaxsrl.com\/website\/wp-content\/uploads\/2021\/11\/Blog2.jpg","contentUrl":"https:\/\/relaxsrl.com\/website\/wp-content\/uploads\/2021\/11\/Blog2.jpg","width":730,"height":400,"caption":"Inserimento del vetro a pressione in due fasi fondamentali"},{"@type":"WebPage","@id":"https:\/\/relaxsrl.com\/fr\/solutions-fonctionnelles\/#webpage","url":"https:\/\/relaxsrl.com\/fr\/solutions-fonctionnelles\/","name":"Solutions fonctionnelles - Relax srl","isPartOf":{"@id":"https:\/\/relaxsrl.com\/#website"},"primaryImageOfPage":{"@id":"https:\/\/relaxsrl.com\/fr\/solutions-fonctionnelles\/#primaryimage"},"datePublished":"2021-11-30T11:12:23+00:00","dateModified":"2023-10-23T14:13:37+00:00","description":"Nous avons con\u00e7u, test\u00e9 et mis en production diverses solutions fonctionnelles pour nos cabines de douche. D\u00e9couvrez-les tous.","breadcrumb":{"@id":"https:\/\/relaxsrl.com\/fr\/solutions-fonctionnelles\/#breadcrumb"},"inLanguage":"fr-FR","potentialAction":[{"@type":"ReadAction","target":["https:\/\/relaxsrl.com\/fr\/solutions-fonctionnelles\/"]}]},{"@type":"BreadcrumbList","@id":"https:\/\/relaxsrl.com\/fr\/solutions-fonctionnelles\/#breadcrumb","itemListElement":[{"@type":"ListItem","position":1,"name":"Solutions fonctionnelles"}]}]}},"_links":{"self":[{"href":"https:\/\/relaxsrl.com\/fr\/wp-json\/wp\/v2\/pages\/13567"}],"collection":[{"href":"https:\/\/relaxsrl.com\/fr\/wp-json\/wp\/v2\/pages"}],"about":[{"href":"https:\/\/relaxsrl.com\/fr\/wp-json\/wp\/v2\/types\/page"}],"author":[{"embeddable":true,"href":"https:\/\/relaxsrl.com\/fr\/wp-json\/wp\/v2\/users\/3"}],"replies":[{"embeddable":true,"href":"https:\/\/relaxsrl.com\/fr\/wp-json\/wp\/v2\/comments?post=13567"}],"version-history":[{"count":6,"href":"https:\/\/relaxsrl.com\/fr\/wp-json\/wp\/v2\/pages\/13567\/revisions"}],"predecessor-version":[{"id":29315,"href":"https:\/\/relaxsrl.com\/fr\/wp-json\/wp\/v2\/pages\/13567\/revisions\/29315"}],"wp:featuredmedia":[{"embeddable":true,"href":"https:\/\/relaxsrl.com\/fr\/wp-json\/wp\/v2\/media\/12694"}],"wp:attachment":[{"href":"https:\/\/relaxsrl.com\/fr\/wp-json\/wp\/v2\/media?parent=13567"}],"curies":[{"name":"wp","href":"https:\/\/api.w.org\/{rel}","templated":true}]}}