{"id":17772,"date":"2022-02-10T11:46:14","date_gmt":"2022-02-10T10:46:14","guid":{"rendered":"http:\/\/relaxsrl.com\/cabine-de-douche-elegante\/"},"modified":"2024-11-18T11:14:10","modified_gmt":"2024-11-18T10:14:10","slug":"cabine-de-douche-elegante","status":"publish","type":"page","link":"https:\/\/relaxsrl.com\/fr\/aide-au-choix\/cabine-de-douche-elegante\/","title":{"rendered":"Cabine de douche \u00e9l\u00e9gante"},"content":{"rendered":"<p>[vc_row full_width=\u00a0\u00bbstretch_row\u00a0\u00bb content_placement=\u00a0\u00bbmiddle\u00a0\u00bb el_class=\u00a0\u00bbintro-row intro-row-grey\u00a0\u00bb][vc_column][vc_column_text]<\/p>\n<h1>Cabines de douche \u00e9l\u00e9gantes<\/h1>\n<p>[\/vc_column_text][\/vc_column][\/vc_row][vc_row el_class=\u00a0\u00bbrow-path\u00a0\u00bb][vc_column][vc_column_text][\/vc_column_text][\/vc_column][\/vc_row][vc_row][vc_column][vc_single_image image=\u00a0\u00bb31301&Prime; img_size=\u00a0\u00bbfull\u00a0\u00bb][\/vc_column][\/vc_row][vc_row][vc_column width=\u00a0\u00bb1\/6&Prime;][\/vc_column][vc_column width=\u00a0\u00bb2\/3&Prime;][vc_empty_space height=\u00a0\u00bb40px\u00a0\u00bb][vc_column_text el_class=\u00a0\u00bbtxt-blue abstract weight500&Prime;]Lorsque nous parlons d&rsquo;une cabine de douche \u00e9l\u00e9gante est une cabine de douche au design traditionnel ou classique, nous entendons un style raffin\u00e9, caract\u00e9ris\u00e9 par des \u00e9l\u00e9ments uniques et pr\u00e9cieux. Meubler une salle de bains comme celle-ci, c&rsquo;est choisir l&rsquo;\u00e9l\u00e9gance.[\/vc_column_text][vc_empty_space height=\u00a0\u00bb35px\u00a0\u00bb][\/vc_column][\/vc_row][vc_row][vc_column width=\u00a0\u00bb1\/6&Prime;][\/vc_column][vc_column width=\u00a0\u00bb2\/3&Prime;][vc_column_text]<\/p>\n<ul>\n<li><a class=\"link-interno link-interno-paragrafo-1\" href=\"#\">Caract\u00e9ristiques de l&rsquo;\u00e9l\u00e9gante cabine de douche<\/a><\/li>\n<li>Cabines de douche \u00e9l\u00e9gantes: accessoires structurels\n<ul>\n<li><a class=\"link-interno link-interno-paragrafo-2\" href=\"#\">Guides cach\u00e9s<\/a><\/li>\n<li><a class=\"link-interno link-interno-paragrafo-3\" href=\"#\">Joint int\u00e9gr\u00e9 dans le cadre<\/a><\/li>\n<li><a class=\"link-interno link-interno-paragrafo-4\" href=\"#\">Lib\u00e9ration de la porte<\/a><\/li>\n<\/ul>\n<\/li>\n<\/ul>\n<p>[\/vc_column_text][vc_empty_space height=\u00a0\u00bb40px\u00a0\u00bb][\/vc_column][\/vc_row][vc_row el_id=\u00a0\u00bbparagrafo-1&Prime;][vc_column width=\u00a0\u00bb1\/6&Prime;][\/vc_column][vc_column width=\u00a0\u00bb2\/3&Prime;][vc_column_text]<\/p>\n<h2>Caract\u00e9ristiques de l&rsquo;\u00e9l\u00e9gante cabine de douche<\/h2>\n<p>Rien n&rsquo;est laiss\u00e9 au hasard dans une cabine de douche au design traditionnel, au go\u00fbt \u00ab evergreen \u00bb. Les d\u00e9tails sont riches pour s&rsquo;int\u00e9grer parfaitement m\u00eame dans la salle de bain la plus somptueuse, les mat\u00e9riaux r\u00e9sistants et pr\u00e9cieux. \u00c0 cet \u00e9gard, un choix particuli\u00e8rement judicieux est l&rsquo;aluminium : un mat\u00e9riau parfait pour meubler avec gr\u00e2ce, durable et facile \u00e0 entretenir.<br \/>\nLa cabine de douche classique est \u00e9quip\u00e9e d&rsquo;un cadre, qui peut \u00eatre fin ou bien marqu\u00e9. Dans les deux cas, il permet l&rsquo;utilisation de portes coulissantes de grande taille et une grande vari\u00e9t\u00e9 de choix dans la personnalisation du cadre lui-m\u00eame. Plus pr\u00e9cis\u00e9ment, les profils et les capuchons de la poign\u00e9e deviennent des motifs d\u00e9coratifs \u00e0 combiner avec d&rsquo;autres \u00e9l\u00e9ments de salle de bain, tels que des robinets bicolores, des meubles ou d&rsquo;autres accessoires. Toutes les solutions sont certifi\u00e9es <a href=\"https:\/\/www.tuvsud.com\/fr-fr\">T\u00dcV S\u00dcD<\/a>.[\/vc_column_text][vc_empty_space height=\u00a0\u00bb40px\u00a0\u00bb][\/vc_column][\/vc_row][vc_row][vc_column width=\u00a0\u00bb1\/6&Prime;][\/vc_column][vc_column width=\u00a0\u00bb2\/3&Prime;][vc_column_text]<\/p>\n<h2>Cabines de douche \u00e9l\u00e9gantes: accessoires structurels<\/h2>\n<p>[\/vc_column_text][vc_empty_space height=\u00a0\u00bb20px\u00a0\u00bb][\/vc_column][\/vc_row][vc_row el_id=\u00a0\u00bbparagrafo-2&Prime;][vc_column width=\u00a0\u00bb1\/6&Prime;][\/vc_column][vc_column width=\u00a0\u00bb2\/3&Prime;][vc_column_text]<\/p>\n<h3>Guides cach\u00e9s<\/h3>\n<p>La porte coulissante peut \u00eatre \u00e9quip\u00e9e de guides sp\u00e9ciaux qui, au lieu d&rsquo;\u00eatre visibles, sont recouverts d&rsquo;un bo\u00eetier interne en aluminium. La solution est certainement esth\u00e9tique, car elle rend le r\u00e9sultat raffin\u00e9, et elle est \u00e9galement fonctionnelle, car le nettoyage de la cabine de douche devient plus facile et plus rapide.[\/vc_column_text][vc_empty_space height=\u00a0\u00bb20px\u00a0\u00bb][\/vc_column][\/vc_row][vc_row el_id=\u00a0\u00bbparagrafo-3&Prime;][vc_column width=\u00a0\u00bb1\/6&Prime;][\/vc_column][vc_column width=\u00a0\u00bb2\/3&Prime;][vc_column_text]<\/p>\n<h3>Joint int\u00e9gr\u00e9 dans le cadre<\/h3>\n<p>Alors que dans de nombreuses cabines de douche, le joint est mont\u00e9 dans la porte, dans une cabine de douche \u00e9l\u00e9gante, le joint ins\u00e9r\u00e9 directement dans le profil inf\u00e9rieur donne un avantage fonctionnel significatif en mati\u00e8re d&rsquo;\u00e9tanch\u00e9it\u00e9, qui s&rsquo;am\u00e9liore consid\u00e9rablement.[\/vc_column_text][vc_empty_space height=\u00a0\u00bb20px\u00a0\u00bb][\/vc_column][\/vc_row][vc_row el_id=\u00a0\u00bbparagrafo-4&Prime;][vc_column width=\u00a0\u00bb1\/6&Prime;][\/vc_column][vc_column width=\u00a0\u00bb2\/3&Prime;][vc_column_text]<\/p>\n<h3>Lib\u00e9ration de la porte<\/h3>\n<p>Une cabine de douche \u00e9l\u00e9gante ne peut pas se passer du syst\u00e8me d&rsquo;ouverture de porte avec un simple mouvement de pression. C&rsquo;est un choix fonctionnel qui facilite le nettoyage de la cabine de douche.[\/vc_column_text][vc_empty_space height=\u00a0\u00bb40px\u00a0\u00bb][\/vc_column][\/vc_row][vc_row][vc_column][vc_empty_space height=\u00a0\u00bb50px\u00a0\u00bb][vc_column_text]<\/p>\n<h3 style=\"text-align: center;\">Quelques exemples de cabines de douche \u00e9l\u00e9gantes Relax<\/h3>\n<p>[\/vc_column_text][vc_empty_space height=\u00a0\u00bb30px\u00a0\u00bb]<div class=\"woocommerce columns-4 \"><ul class=\"products columns-4\">\n<li class=\"product type-product post-13842 status-publish first instock product_cat-3-lati-de product_cat-3-lati-en product_cat-3-lati-fr product_cat-3- product_cat-box-doccia-de product_cat-box-doccia-en product_cat-box-doccia-eleganti product_cat-cabine-de-douche product_cat-guide-de-selection-cabines-de-douche-elegantes product_cat-collections product_cat-collections-en product_cat-niche-coulissante product_cat-selection-guide-elegant-shower-enclosures product_cat-guida-alla-scelta-de product_cat-selection-guide-en product_cat-guide-de-selection product_cat-nicchia-de product_cat-niche product_cat-niche-fr product_cat-collezioni-de product_cat-scorrevole-de-5 product_cat-scorrevole-fr product_cat-scorrevole-de-2 product_cat-scorrevole product_cat-niche-sliding product_cat-tipologia-prodotto-de product_cat-tipologia-prodotto-en product_cat-type-de-produit product_cat-unico-fr product_cat-unico-en product_cat-unico-de product_cat-unico-ru product_cat-1618 product_cat-1568 product_cat-1637 product_cat-1639 product_cat-3--- product_cat-1594 product_cat-1617 product_cat-1598 has-post-thumbnail shipping-taxable product-type-simple\">\n\t<div class=\"woocommerce-loop-product__short_description\" itemprop=\"description\"><a href=\"https:\/\/relaxsrl.com\/fr\/produit\/unico-sc1\/\" class=\"woocommerce-LoopProduct-link woocommerce-loop-product__link\"><p>Cabine de douche en niche avec porte coulissante et profil\u00e9 d\u00e9coratif sup\u00e9rieur personnalisable.<\/p>\n<\/a><\/div><\/li>\n<\/ul>\n<\/div>[\/vc_column][\/vc_row][vc_row full_width=\u00a0\u00bbstretch_row_content_no_spaces\u00a0\u00bb equal_height=\u00a0\u00bbyes\u00a0\u00bb content_placement=\u00a0\u00bbmiddle\u00a0\u00bb el_class=\u00a0\u00bbrow-over-footer row-cta-over-footer\u00a0\u00bb][vc_column width=\u00a0\u00bb1\/2&Prime;][vc_single_image image=\u00a0\u00bb2459&Prime; img_size=\u00a0\u00bbfull\u00a0\u00bb][\/vc_column][vc_column width=\u00a0\u00bb1\/2&Prime; css=\u00a0\u00bb.vc_custom_1632909267235{background-image: url(http:\/\/relaxsrl.com\/wp-content\/uploads\/2021\/09\/cta-eleganti-opaco.jpg?id=2461) !important;background-position: center !important;background-repeat: no-repeat !important;background-size: cover !important;}\u00a0\u00bb el_class=\u00a0\u00bbrow-cta-over-footer-col-text\u00a0\u00bb][vc_row_inner][vc_column_inner width=\u00a0\u00bb1\/4&Prime;][\/vc_column_inner][vc_column_inner width=\u00a0\u00bb1\/2&Prime;][vc_column_text]<\/p>\n<h2 style=\"text-align: center;\">D\u00e9couvrez d&rsquo;autres cabines de douche \u00e9l\u00e9gantes<\/h2>\n<p style=\"text-align: center;\">Le catalogue de produits Relax contient de nombreuses cabines de douche \u00e9l\u00e9gantes. Vous trouverez s\u00fbrement celui qui conviendra \u00e0 votre salle de bain.<\/p>\n<p>[\/vc_column_text][vc_btn title=\u00a0\u00bbT\u00c9L\u00c9CHARGEZ LE CATALOGUE\u00a0\u00bb style=\u00a0\u00bbclassic\u00a0\u00bb shape=\u00a0\u00bbsquare\u00a0\u00bb color=\u00a0\u00bbwhite\u00a0\u00bb align=\u00a0\u00bbcenter\u00a0\u00bb el_class=\u00a0\u00bbbtn-default-white\u00a0\u00bb link=\u00a0\u00bburl:http%3A%2F%2Frelaxsrl.com%2Fdocs%2Fcataloghi%2Fcatalogo_relax.pdf|target:_blank|\u00a0\u00bb][\/vc_column_inner][vc_column_inner width=\u00a0\u00bb1\/4&Prime;][\/vc_column_inner][\/vc_row_inner][\/vc_column][\/vc_row]<\/p>\n","protected":false},"excerpt":{"rendered":"<p>[vc_row full_width=\u00a0\u00bbstretch_row\u00a0\u00bb content_placement=\u00a0\u00bbmiddle\u00a0\u00bb el_class=\u00a0\u00bbintro-row intro-row-grey\u00a0\u00bb][vc_column][vc_column_text] Cabines de douche \u00e9l\u00e9gantes [\/vc_column_text][\/vc_column][\/vc_row][vc_row el_class=\u00a0\u00bbrow-path\u00a0\u00bb][vc_column][vc_column_text][\/vc_column_text][\/vc_column][\/vc_row][vc_row][vc_column][vc_single_image image=\u00a0\u00bb31301&Prime; img_size=\u00a0\u00bbfull\u00a0\u00bb][\/vc_column][\/vc_row][vc_row][vc_column width=\u00a0\u00bb1\/6&Prime;][\/vc_column][vc_column width=\u00a0\u00bb2\/3&Prime;][vc_empty_space height=\u00a0\u00bb40px\u00a0\u00bb][vc_column_text el_class=\u00a0\u00bbtxt-blue abstract weight500&Prime;]Lorsque nous parlons d&rsquo;une cabine de douche \u00e9l\u00e9gante est une cabine de douche au design traditionnel ou classique, nous entendons un style raffin\u00e9, caract\u00e9ris\u00e9 par des \u00e9l\u00e9ments uniques et pr\u00e9cieux. Meubler une salle de bains comme celle-ci, [&hellip;]<\/p>\n","protected":false},"author":3,"featured_media":31301,"parent":11392,"menu_order":0,"comment_status":"closed","ping_status":"closed","template":"","meta":[],"acf":[],"yoast_head":"<!-- This site is optimized with the Yoast SEO Premium plugin v18.4 (Yoast SEO v18.8) - https:\/\/yoast.com\/wordpress\/plugins\/seo\/ -->\n<title>Cabine de douche \u00e9l\u00e9gante - Relax srl<\/title>\n<meta name=\"description\" content=\"Cabine de douche \u00e9l\u00e9gante au design traditionnel ou classique au style raffin\u00e9, caract\u00e9ris\u00e9es par des \u00e9l\u00e9ments uniques et pr\u00e9cieux.\" \/>\n<meta name=\"robots\" content=\"index, follow, max-snippet:-1, max-image-preview:large, max-video-preview:-1\" \/>\n<link rel=\"canonical\" href=\"https:\/\/relaxsrl.com\/fr\/aide-au-choix\/cabine-de-douche-elegante\/\" \/>\n<meta property=\"og:locale\" content=\"fr_FR\" \/>\n<meta property=\"og:type\" content=\"article\" \/>\n<meta property=\"og:title\" content=\"Cabine de douche \u00e9l\u00e9gante - Relax srl\" \/>\n<meta property=\"og:description\" content=\"Cabine de douche \u00e9l\u00e9gante au design traditionnel ou classique au style raffin\u00e9, caract\u00e9ris\u00e9es par des \u00e9l\u00e9ments uniques et pr\u00e9cieux.\" \/>\n<meta property=\"og:url\" content=\"https:\/\/relaxsrl.com\/fr\/aide-au-choix\/cabine-de-douche-elegante\/\" \/>\n<meta property=\"og:site_name\" content=\"Relax srl\" \/>\n<meta property=\"article:modified_time\" content=\"2024-11-18T10:14:10+00:00\" \/>\n<meta property=\"og:image\" content=\"https:\/\/relaxsrl.com\/website\/wp-content\/uploads\/2024\/11\/STILE-BOX-DOCCIA_1.jpg\" \/>\n\t<meta property=\"og:image:width\" content=\"1920\" \/>\n\t<meta property=\"og:image:height\" content=\"1080\" \/>\n\t<meta property=\"og:image:type\" content=\"image\/jpeg\" \/>\n<meta name=\"twitter:card\" content=\"summary_large_image\" \/>\n<meta name=\"twitter:label1\" content=\"Dur\u00e9e de lecture estim\u00e9e\" \/>\n\t<meta name=\"twitter:data1\" content=\"3 minutes\" \/>\n<script type=\"application\/ld+json\" class=\"yoast-schema-graph\">{\"@context\":\"https:\/\/schema.org\",\"@graph\":[{\"@type\":\"WebSite\",\"@id\":\"https:\/\/relaxsrl.com\/#website\",\"url\":\"https:\/\/relaxsrl.com\/\",\"name\":\"Relax srl\",\"description\":\"\",\"potentialAction\":[{\"@type\":\"SearchAction\",\"target\":{\"@type\":\"EntryPoint\",\"urlTemplate\":\"https:\/\/relaxsrl.com\/?s={search_term_string}\"},\"query-input\":\"required name=search_term_string\"}],\"inLanguage\":\"fr-FR\"},{\"@type\":\"ImageObject\",\"inLanguage\":\"fr-FR\",\"@id\":\"https:\/\/relaxsrl.com\/fr\/aide-au-choix\/cabine-de-douche-elegante\/#primaryimage\",\"url\":\"https:\/\/relaxsrl.com\/website\/wp-content\/uploads\/2024\/11\/STILE-BOX-DOCCIA_1.jpg\",\"contentUrl\":\"https:\/\/relaxsrl.com\/website\/wp-content\/uploads\/2024\/11\/STILE-BOX-DOCCIA_1.jpg\",\"width\":1920,\"height\":1080},{\"@type\":\"WebPage\",\"@id\":\"https:\/\/relaxsrl.com\/fr\/aide-au-choix\/cabine-de-douche-elegante\/#webpage\",\"url\":\"https:\/\/relaxsrl.com\/fr\/aide-au-choix\/cabine-de-douche-elegante\/\",\"name\":\"Cabine de douche \u00e9l\u00e9gante - Relax srl\",\"isPartOf\":{\"@id\":\"https:\/\/relaxsrl.com\/#website\"},\"primaryImageOfPage\":{\"@id\":\"https:\/\/relaxsrl.com\/fr\/aide-au-choix\/cabine-de-douche-elegante\/#primaryimage\"},\"datePublished\":\"2022-02-10T10:46:14+00:00\",\"dateModified\":\"2024-11-18T10:14:10+00:00\",\"description\":\"Cabine de douche \u00e9l\u00e9gante au design traditionnel ou classique au style raffin\u00e9, caract\u00e9ris\u00e9es par des \u00e9l\u00e9ments uniques et pr\u00e9cieux.\",\"breadcrumb\":{\"@id\":\"https:\/\/relaxsrl.com\/fr\/aide-au-choix\/cabine-de-douche-elegante\/#breadcrumb\"},\"inLanguage\":\"fr-FR\",\"potentialAction\":[{\"@type\":\"ReadAction\",\"target\":[\"https:\/\/relaxsrl.com\/fr\/aide-au-choix\/cabine-de-douche-elegante\/\"]}]},{\"@type\":\"BreadcrumbList\",\"@id\":\"https:\/\/relaxsrl.com\/fr\/aide-au-choix\/cabine-de-douche-elegante\/#breadcrumb\",\"itemListElement\":[{\"@type\":\"ListItem\",\"position\":1,\"name\":\"Aide au choix\",\"item\":\"https:\/\/relaxsrl.com\/fr\/aide-au-choix\/\"},{\"@type\":\"ListItem\",\"position\":2,\"name\":\"Cabine de douche \u00e9l\u00e9gante\"}]}]}<\/script>\n<!-- \/ Yoast SEO Premium plugin. -->","yoast_head_json":{"title":"Cabine de douche \u00e9l\u00e9gante - Relax srl","description":"Cabine de douche \u00e9l\u00e9gante au design traditionnel ou classique au style raffin\u00e9, caract\u00e9ris\u00e9es par des \u00e9l\u00e9ments uniques et pr\u00e9cieux.","robots":{"index":"index","follow":"follow","max-snippet":"max-snippet:-1","max-image-preview":"max-image-preview:large","max-video-preview":"max-video-preview:-1"},"canonical":"https:\/\/relaxsrl.com\/fr\/aide-au-choix\/cabine-de-douche-elegante\/","og_locale":"fr_FR","og_type":"article","og_title":"Cabine de douche \u00e9l\u00e9gante - Relax srl","og_description":"Cabine de douche \u00e9l\u00e9gante au design traditionnel ou classique au style raffin\u00e9, caract\u00e9ris\u00e9es par des \u00e9l\u00e9ments uniques et pr\u00e9cieux.","og_url":"https:\/\/relaxsrl.com\/fr\/aide-au-choix\/cabine-de-douche-elegante\/","og_site_name":"Relax srl","article_modified_time":"2024-11-18T10:14:10+00:00","og_image":[{"width":1920,"height":1080,"url":"https:\/\/relaxsrl.com\/website\/wp-content\/uploads\/2024\/11\/STILE-BOX-DOCCIA_1.jpg","type":"image\/jpeg"}],"twitter_card":"summary_large_image","twitter_misc":{"Dur\u00e9e de lecture estim\u00e9e":"3 minutes"},"schema":{"@context":"https:\/\/schema.org","@graph":[{"@type":"WebSite","@id":"https:\/\/relaxsrl.com\/#website","url":"https:\/\/relaxsrl.com\/","name":"Relax srl","description":"","potentialAction":[{"@type":"SearchAction","target":{"@type":"EntryPoint","urlTemplate":"https:\/\/relaxsrl.com\/?s={search_term_string}"},"query-input":"required name=search_term_string"}],"inLanguage":"fr-FR"},{"@type":"ImageObject","inLanguage":"fr-FR","@id":"https:\/\/relaxsrl.com\/fr\/aide-au-choix\/cabine-de-douche-elegante\/#primaryimage","url":"https:\/\/relaxsrl.com\/website\/wp-content\/uploads\/2024\/11\/STILE-BOX-DOCCIA_1.jpg","contentUrl":"https:\/\/relaxsrl.com\/website\/wp-content\/uploads\/2024\/11\/STILE-BOX-DOCCIA_1.jpg","width":1920,"height":1080},{"@type":"WebPage","@id":"https:\/\/relaxsrl.com\/fr\/aide-au-choix\/cabine-de-douche-elegante\/#webpage","url":"https:\/\/relaxsrl.com\/fr\/aide-au-choix\/cabine-de-douche-elegante\/","name":"Cabine de douche \u00e9l\u00e9gante - Relax srl","isPartOf":{"@id":"https:\/\/relaxsrl.com\/#website"},"primaryImageOfPage":{"@id":"https:\/\/relaxsrl.com\/fr\/aide-au-choix\/cabine-de-douche-elegante\/#primaryimage"},"datePublished":"2022-02-10T10:46:14+00:00","dateModified":"2024-11-18T10:14:10+00:00","description":"Cabine de douche \u00e9l\u00e9gante au design traditionnel ou classique au style raffin\u00e9, caract\u00e9ris\u00e9es par des \u00e9l\u00e9ments uniques et pr\u00e9cieux.","breadcrumb":{"@id":"https:\/\/relaxsrl.com\/fr\/aide-au-choix\/cabine-de-douche-elegante\/#breadcrumb"},"inLanguage":"fr-FR","potentialAction":[{"@type":"ReadAction","target":["https:\/\/relaxsrl.com\/fr\/aide-au-choix\/cabine-de-douche-elegante\/"]}]},{"@type":"BreadcrumbList","@id":"https:\/\/relaxsrl.com\/fr\/aide-au-choix\/cabine-de-douche-elegante\/#breadcrumb","itemListElement":[{"@type":"ListItem","position":1,"name":"Aide au choix","item":"https:\/\/relaxsrl.com\/fr\/aide-au-choix\/"},{"@type":"ListItem","position":2,"name":"Cabine de douche \u00e9l\u00e9gante"}]}]}},"_links":{"self":[{"href":"https:\/\/relaxsrl.com\/fr\/wp-json\/wp\/v2\/pages\/17772"}],"collection":[{"href":"https:\/\/relaxsrl.com\/fr\/wp-json\/wp\/v2\/pages"}],"about":[{"href":"https:\/\/relaxsrl.com\/fr\/wp-json\/wp\/v2\/types\/page"}],"author":[{"embeddable":true,"href":"https:\/\/relaxsrl.com\/fr\/wp-json\/wp\/v2\/users\/3"}],"replies":[{"embeddable":true,"href":"https:\/\/relaxsrl.com\/fr\/wp-json\/wp\/v2\/comments?post=17772"}],"version-history":[{"count":6,"href":"https:\/\/relaxsrl.com\/fr\/wp-json\/wp\/v2\/pages\/17772\/revisions"}],"predecessor-version":[{"id":31316,"href":"https:\/\/relaxsrl.com\/fr\/wp-json\/wp\/v2\/pages\/17772\/revisions\/31316"}],"up":[{"embeddable":true,"href":"https:\/\/relaxsrl.com\/fr\/wp-json\/wp\/v2\/pages\/11392"}],"wp:featuredmedia":[{"embeddable":true,"href":"https:\/\/relaxsrl.com\/fr\/wp-json\/wp\/v2\/media\/31301"}],"wp:attachment":[{"href":"https:\/\/relaxsrl.com\/fr\/wp-json\/wp\/v2\/media?parent=17772"}],"curies":[{"name":"wp","href":"https:\/\/api.w.org\/{rel}","templated":true}]}}