{"id":20029,"date":"2022-04-29T11:08:25","date_gmt":"2022-04-29T09:08:25","guid":{"rendered":"https:\/\/relaxsrl.com\/catalogues-2-copy\/"},"modified":"2024-02-02T09:08:11","modified_gmt":"2024-02-02T08:08:11","slug":"profil-de-enterprise","status":"publish","type":"page","link":"https:\/\/relaxsrl.com\/fr\/profil-de-enterprise\/","title":{"rendered":"Profil de l&rsquo;entreprise"},"content":{"rendered":"<p>[vc_row full_width=\u00a0\u00bbstretch_row\u00a0\u00bb content_placement=\u00a0\u00bbmiddle\u00a0\u00bb el_class=\u00a0\u00bbintro-row\u00a0\u00bb][vc_column width=\u00a0\u00bb5\/12&Prime;][vc_column_text]<\/p>\n<h1>Profil de l&rsquo;entreprise<\/h1>\n<p>[\/vc_column_text][\/vc_column][vc_column width=\u00a0\u00bb7\/12&Prime;][\/vc_column][\/vc_row][vc_row el_class=\u00a0\u00bbrow-path\u00a0\u00bb][vc_column][vc_column_text][\/vc_column_text][\/vc_column][\/vc_row][vc_row][vc_column width=\u00a0\u00bb1\/4&Prime; el_class=\u00a0\u00bbcatalogo-item\u00a0\u00bb][vc_single_image image=\u00a0\u00bb29924&Prime; img_size=\u00a0\u00bbfull\u00a0\u00bb onclick=\u00a0\u00bbcustom_link\u00a0\u00bb img_link_target=\u00a0\u00bb_blank\u00a0\u00bb link=\u00a0\u00bbhttps:\/\/relaxsrl.com\/docs\/companyprofile\/Company_profile_FR.pdf\u00a0\u00bb][vc_column_text]<\/p>\n<h3 style=\"text-align: center;\"><a title=\"\" href=\"https:\/\/relaxsrl.com\/docs\/companyprofile\/Company_profile_FR.pdf\" target=\"_blank\" rel=\"noopener\">Profil de l&rsquo;enterprise 2024<\/a><\/h3>\n<p>[\/vc_column_text][vc_btn title=\u00a0\u00bbT\u00c9L\u00c9CHARGER\u00a0\u00bb style=\u00a0\u00bbclassic\u00a0\u00bb shape=\u00a0\u00bbsquare\u00a0\u00bb color=\u00a0\u00bbwhite\u00a0\u00bb align=\u00a0\u00bbcenter\u00a0\u00bb link=\u00a0\u00bburl:https%3A%2F%2Frelaxsrl.com%2Fdocs%2Fcompanyprofile%2FCompany_profile_FR.pdf|target:_blank\u00a0\u00bb el_class=\u00a0\u00bbbtn-default\u00a0\u00bb][\/vc_column][vc_column width=\u00a0\u00bb1\/4&Prime;][\/vc_column][vc_column width=\u00a0\u00bb1\/4&Prime;][\/vc_column][\/vc_row][vc_row][vc_column][vc_empty_space height=\u00a0\u00bb100px\u00a0\u00bb][\/vc_column][\/vc_row]<\/p>\n","protected":false},"excerpt":{"rendered":"<p>[vc_row full_width=\u00a0\u00bbstretch_row\u00a0\u00bb content_placement=\u00a0\u00bbmiddle\u00a0\u00bb el_class=\u00a0\u00bbintro-row\u00a0\u00bb][vc_column width=\u00a0\u00bb5\/12&Prime;][vc_column_text] Profil de l&rsquo;entreprise [\/vc_column_text][\/vc_column][vc_column width=\u00a0\u00bb7\/12&Prime;][\/vc_column][\/vc_row][vc_row el_class=\u00a0\u00bbrow-path\u00a0\u00bb][vc_column][vc_column_text][\/vc_column_text][\/vc_column][\/vc_row][vc_row][vc_column width=\u00a0\u00bb1\/4&Prime; el_class=\u00a0\u00bbcatalogo-item\u00a0\u00bb][vc_single_image image=\u00a0\u00bb29924&Prime; img_size=\u00a0\u00bbfull\u00a0\u00bb onclick=\u00a0\u00bbcustom_link\u00a0\u00bb img_link_target=\u00a0\u00bb_blank\u00a0\u00bb link=\u00a0\u00bbhttps:\/\/relaxsrl.com\/docs\/companyprofile\/Company_profile_FR.pdf\u00a0\u00bb][vc_column_text] Profil de l&rsquo;enterprise 2024 [\/vc_column_text][vc_btn title=\u00a0\u00bbT\u00c9L\u00c9CHARGER\u00a0\u00bb style=\u00a0\u00bbclassic\u00a0\u00bb shape=\u00a0\u00bbsquare\u00a0\u00bb color=\u00a0\u00bbwhite\u00a0\u00bb align=\u00a0\u00bbcenter\u00a0\u00bb link=\u00a0\u00bburl:https%3A%2F%2Frelaxsrl.com%2Fdocs%2Fcompanyprofile%2FCompany_profile_FR.pdf|target:_blank\u00a0\u00bb el_class=\u00a0\u00bbbtn-default\u00a0\u00bb][\/vc_column][vc_column width=\u00a0\u00bb1\/4&Prime;][\/vc_column][vc_column width=\u00a0\u00bb1\/4&Prime;][\/vc_column][\/vc_row][vc_row][vc_column][vc_empty_space height=\u00a0\u00bb100px\u00a0\u00bb][\/vc_column][\/vc_row]<\/p>\n","protected":false},"author":3,"featured_media":0,"parent":0,"menu_order":0,"comment_status":"closed","ping_status":"closed","template":"","meta":[],"acf":[],"yoast_head":"<!-- This site is optimized with the Yoast SEO Premium plugin v18.4 (Yoast SEO v18.8) - https:\/\/yoast.com\/wordpress\/plugins\/seo\/ -->\n<title>Profil de l&#039;entreprise - Relax srl<\/title>\n<meta name=\"description\" content=\"T\u00e9l\u00e9chargez nos profil de l&#039;entreprise au format PDF. D\u00e9couvrez les derni\u00e8res actualit\u00e9s Relax directement sur votre appareil.\" \/>\n<meta name=\"robots\" content=\"index, follow, max-snippet:-1, max-image-preview:large, max-video-preview:-1\" \/>\n<link rel=\"canonical\" href=\"https:\/\/relaxsrl.com\/fr\/profil-de-enterprise\/\" \/>\n<meta property=\"og:locale\" content=\"fr_FR\" \/>\n<meta property=\"og:type\" content=\"article\" \/>\n<meta property=\"og:title\" content=\"Profil de l&#039;entreprise - Relax srl\" \/>\n<meta property=\"og:description\" content=\"T\u00e9l\u00e9chargez nos profil de l&#039;entreprise au format PDF. D\u00e9couvrez les derni\u00e8res actualit\u00e9s Relax directement sur votre appareil.\" \/>\n<meta property=\"og:url\" content=\"https:\/\/relaxsrl.com\/fr\/profil-de-enterprise\/\" \/>\n<meta property=\"og:site_name\" content=\"Relax srl\" \/>\n<meta property=\"article:modified_time\" content=\"2024-02-02T08:08:11+00:00\" \/>\n<meta name=\"twitter:card\" content=\"summary_large_image\" \/>\n<meta name=\"twitter:label1\" content=\"Dur\u00e9e de lecture estim\u00e9e\" \/>\n\t<meta name=\"twitter:data1\" content=\"1 minute\" \/>\n<script type=\"application\/ld+json\" class=\"yoast-schema-graph\">{\"@context\":\"https:\/\/schema.org\",\"@graph\":[{\"@type\":\"WebSite\",\"@id\":\"https:\/\/relaxsrl.com\/#website\",\"url\":\"https:\/\/relaxsrl.com\/\",\"name\":\"Relax srl\",\"description\":\"\",\"potentialAction\":[{\"@type\":\"SearchAction\",\"target\":{\"@type\":\"EntryPoint\",\"urlTemplate\":\"https:\/\/relaxsrl.com\/?s={search_term_string}\"},\"query-input\":\"required name=search_term_string\"}],\"inLanguage\":\"fr-FR\"},{\"@type\":\"WebPage\",\"@id\":\"https:\/\/relaxsrl.com\/fr\/profil-de-enterprise\/#webpage\",\"url\":\"https:\/\/relaxsrl.com\/fr\/profil-de-enterprise\/\",\"name\":\"Profil de l'entreprise - Relax srl\",\"isPartOf\":{\"@id\":\"https:\/\/relaxsrl.com\/#website\"},\"datePublished\":\"2022-04-29T09:08:25+00:00\",\"dateModified\":\"2024-02-02T08:08:11+00:00\",\"description\":\"T\u00e9l\u00e9chargez nos profil de l'entreprise au format PDF. D\u00e9couvrez les derni\u00e8res actualit\u00e9s Relax directement sur votre appareil.\",\"breadcrumb\":{\"@id\":\"https:\/\/relaxsrl.com\/fr\/profil-de-enterprise\/#breadcrumb\"},\"inLanguage\":\"fr-FR\",\"potentialAction\":[{\"@type\":\"ReadAction\",\"target\":[\"https:\/\/relaxsrl.com\/fr\/profil-de-enterprise\/\"]}]},{\"@type\":\"BreadcrumbList\",\"@id\":\"https:\/\/relaxsrl.com\/fr\/profil-de-enterprise\/#breadcrumb\",\"itemListElement\":[{\"@type\":\"ListItem\",\"position\":1,\"name\":\"Profil de l&#8217;entreprise\"}]}]}<\/script>\n<!-- \/ Yoast SEO Premium plugin. -->","yoast_head_json":{"title":"Profil de l'entreprise - Relax srl","description":"T\u00e9l\u00e9chargez nos profil de l'entreprise au format PDF. D\u00e9couvrez les derni\u00e8res actualit\u00e9s Relax directement sur votre appareil.","robots":{"index":"index","follow":"follow","max-snippet":"max-snippet:-1","max-image-preview":"max-image-preview:large","max-video-preview":"max-video-preview:-1"},"canonical":"https:\/\/relaxsrl.com\/fr\/profil-de-enterprise\/","og_locale":"fr_FR","og_type":"article","og_title":"Profil de l'entreprise - Relax srl","og_description":"T\u00e9l\u00e9chargez nos profil de l'entreprise au format PDF. D\u00e9couvrez les derni\u00e8res actualit\u00e9s Relax directement sur votre appareil.","og_url":"https:\/\/relaxsrl.com\/fr\/profil-de-enterprise\/","og_site_name":"Relax srl","article_modified_time":"2024-02-02T08:08:11+00:00","twitter_card":"summary_large_image","twitter_misc":{"Dur\u00e9e de lecture estim\u00e9e":"1 minute"},"schema":{"@context":"https:\/\/schema.org","@graph":[{"@type":"WebSite","@id":"https:\/\/relaxsrl.com\/#website","url":"https:\/\/relaxsrl.com\/","name":"Relax srl","description":"","potentialAction":[{"@type":"SearchAction","target":{"@type":"EntryPoint","urlTemplate":"https:\/\/relaxsrl.com\/?s={search_term_string}"},"query-input":"required name=search_term_string"}],"inLanguage":"fr-FR"},{"@type":"WebPage","@id":"https:\/\/relaxsrl.com\/fr\/profil-de-enterprise\/#webpage","url":"https:\/\/relaxsrl.com\/fr\/profil-de-enterprise\/","name":"Profil de l'entreprise - Relax srl","isPartOf":{"@id":"https:\/\/relaxsrl.com\/#website"},"datePublished":"2022-04-29T09:08:25+00:00","dateModified":"2024-02-02T08:08:11+00:00","description":"T\u00e9l\u00e9chargez nos profil de l'entreprise au format PDF. D\u00e9couvrez les derni\u00e8res actualit\u00e9s Relax directement sur votre appareil.","breadcrumb":{"@id":"https:\/\/relaxsrl.com\/fr\/profil-de-enterprise\/#breadcrumb"},"inLanguage":"fr-FR","potentialAction":[{"@type":"ReadAction","target":["https:\/\/relaxsrl.com\/fr\/profil-de-enterprise\/"]}]},{"@type":"BreadcrumbList","@id":"https:\/\/relaxsrl.com\/fr\/profil-de-enterprise\/#breadcrumb","itemListElement":[{"@type":"ListItem","position":1,"name":"Profil de l&#8217;entreprise"}]}]}},"_links":{"self":[{"href":"https:\/\/relaxsrl.com\/fr\/wp-json\/wp\/v2\/pages\/20029"}],"collection":[{"href":"https:\/\/relaxsrl.com\/fr\/wp-json\/wp\/v2\/pages"}],"about":[{"href":"https:\/\/relaxsrl.com\/fr\/wp-json\/wp\/v2\/types\/page"}],"author":[{"embeddable":true,"href":"https:\/\/relaxsrl.com\/fr\/wp-json\/wp\/v2\/users\/3"}],"replies":[{"embeddable":true,"href":"https:\/\/relaxsrl.com\/fr\/wp-json\/wp\/v2\/comments?post=20029"}],"version-history":[{"count":7,"href":"https:\/\/relaxsrl.com\/fr\/wp-json\/wp\/v2\/pages\/20029\/revisions"}],"predecessor-version":[{"id":29941,"href":"https:\/\/relaxsrl.com\/fr\/wp-json\/wp\/v2\/pages\/20029\/revisions\/29941"}],"wp:attachment":[{"href":"https:\/\/relaxsrl.com\/fr\/wp-json\/wp\/v2\/media?parent=20029"}],"curies":[{"name":"wp","href":"https:\/\/api.w.org\/{rel}","templated":true}]}}