{"id":26618,"date":"2023-02-27T15:26:31","date_gmt":"2023-02-27T14:26:31","guid":{"rendered":"https:\/\/relaxsrl.com\/produits\/collections\/saia\/"},"modified":"2023-04-07T17:06:00","modified_gmt":"2023-04-07T15:06:00","slug":"saia","status":"publish","type":"page","link":"https:\/\/relaxsrl.com\/fr\/produits\/collections\/saia\/","title":{"rendered":"Saia"},"content":{"rendered":"<p>[vc_row full_width=\u00a0\u00bbstretch_row\u00a0\u00bb equal_height=\u00a0\u00bbyes\u00a0\u00bb el_class=\u00a0\u00bbrow-header-collezione-prodotti\u00a0\u00bb css=\u00a0\u00bb.vc_custom_1680682120481{background-image: url(https:\/\/relaxsrl.com\/website\/wp-content\/uploads\/2023\/02\/Fondini_ultimate3-1.jpg?id=26763) !important;}\u00a0\u00bb][vc_column width=\u00a0\u00bb1\/2&Prime; el_class=\u00a0\u00bbcol-sx-header-collezione-prodotti\u00a0\u00bb][vc_column_text el_class=\u00a0\u00bbheader-collezione-prodotti-txt\u00a0\u00bb]<\/p>\n<h1>Saia, receveurs de douche avec \u00e9vacuation centrale<\/h1>\n<p>Les receveurs de douche Saia sont compos\u00e9s de r\u00e9sines min\u00e9rales et de Gel Coat, un mat\u00e9riau antid\u00e9rapant et antibact\u00e9rien qui assure leur int\u00e9grit\u00e9 et leur aspect dans le temps. Ils se caract\u00e9risent par le drain central typique qui disperse rapidement l&rsquo;exc\u00e8s d&rsquo;eau.[\/vc_column_text][\/vc_column][vc_column width=\u00a0\u00bb1\/2&Prime; el_class=\u00a0\u00bbcol-dx-header-collezione-prodotti\u00a0\u00bb][vc_single_image image=\u00a0\u00bb27831&Prime; img_size=\u00a0\u00bbfull\u00a0\u00bb alignment=\u00a0\u00bbcenter\u00a0\u00bb el_class=\u00a0\u00bbrow-header-prodotto-img\u00a0\u00bb][\/vc_column][\/vc_row][vc_row el_class=\u00a0\u00bbrow-path\u00a0\u00bb][vc_column][vc_column_text][\/vc_column_text][\/vc_column][\/vc_row][vc_row][vc_column]<div class=\"woocommerce columns-4 \"><ul class=\"products columns-4\">\n<li class=\"product type-product post-26541 status-publish first instock product_cat-piatti-doccia-e-pareti-de product_cat-receveurs-et-parois-de-douche product_cat-saia-fr product_cat-saia-de product_cat-saia-ru product_cat-saia-en product_cat-shower-trays-and-walls product_cat-tipologia-prodotto-de product_cat-tipologia-prodotto-en product_cat-type-de-produit product_cat-1651 product_cat-1617 has-post-thumbnail shipping-taxable product-type-simple\">\n\t<div class=\"woocommerce-loop-product__short_description\" itemprop=\"description\"><a href=\"https:\/\/relaxsrl.com\/fr\/produit\/saia-fr\/\" class=\"woocommerce-LoopProduct-link woocommerce-loop-product__link\"><p>Receveur de douche Gel Coat antid\u00e9rapant et antibact\u00e9rien avec \u00e9vacuation centrale.<\/p>\n<\/a><\/div><\/li>\n<\/ul>\n<\/div>[\/vc_column][\/vc_row]<\/p>\n","protected":false},"excerpt":{"rendered":"<p>[vc_row full_width=\u00a0\u00bbstretch_row\u00a0\u00bb equal_height=\u00a0\u00bbyes\u00a0\u00bb el_class=\u00a0\u00bbrow-header-collezione-prodotti\u00a0\u00bb css=\u00a0\u00bb.vc_custom_1680682120481{background-image: url(https:\/\/relaxsrl.com\/website\/wp-content\/uploads\/2023\/02\/Fondini_ultimate3-1.jpg?id=26763) !important;}\u00a0\u00bb][vc_column width=\u00a0\u00bb1\/2&Prime; el_class=\u00a0\u00bbcol-sx-header-collezione-prodotti\u00a0\u00bb][vc_column_text el_class=\u00a0\u00bbheader-collezione-prodotti-txt\u00a0\u00bb] Saia, receveurs de douche avec \u00e9vacuation centrale Les receveurs de douche Saia sont compos\u00e9s de r\u00e9sines min\u00e9rales et de Gel Coat, un mat\u00e9riau antid\u00e9rapant et antibact\u00e9rien qui assure leur int\u00e9grit\u00e9 et leur aspect dans le temps. Ils se caract\u00e9risent par le drain central typique qui [&hellip;]<\/p>\n","protected":false},"author":3,"featured_media":27831,"parent":32054,"menu_order":0,"comment_status":"closed","ping_status":"closed","template":"","meta":[],"acf":[],"yoast_head":"<!-- This site is optimized with the Yoast SEO Premium plugin v18.4 (Yoast SEO v18.8) - https:\/\/yoast.com\/wordpress\/plugins\/seo\/ -->\n<title>Saia - Relax srl<\/title>\n<meta name=\"description\" content=\"Les receveurs de douche Saia en r\u00e9sines min\u00e9rales et Gel Coat se caract\u00e9risent par le typique \u00e9coulement central. En savoir plus.\" \/>\n<meta name=\"robots\" content=\"index, follow, max-snippet:-1, max-image-preview:large, max-video-preview:-1\" \/>\n<link rel=\"canonical\" href=\"https:\/\/relaxsrl.com\/fr\/produits\/collections\/saia\/\" \/>\n<meta property=\"og:locale\" content=\"fr_FR\" \/>\n<meta property=\"og:type\" content=\"article\" \/>\n<meta property=\"og:title\" content=\"Saia - Relax srl\" \/>\n<meta property=\"og:description\" content=\"Les receveurs de douche Saia en r\u00e9sines min\u00e9rales et Gel Coat se caract\u00e9risent par le typique \u00e9coulement central. En savoir plus.\" \/>\n<meta property=\"og:url\" content=\"https:\/\/relaxsrl.com\/fr\/produits\/collections\/saia\/\" \/>\n<meta property=\"og:site_name\" content=\"Relax srl\" \/>\n<meta property=\"article:modified_time\" content=\"2023-04-07T15:06:00+00:00\" \/>\n<meta property=\"og:image\" content=\"https:\/\/relaxsrl.com\/website\/wp-content\/uploads\/2023\/02\/SAIA_1.jpg\" \/>\n\t<meta property=\"og:image:width\" content=\"800\" \/>\n\t<meta property=\"og:image:height\" content=\"1100\" \/>\n\t<meta property=\"og:image:type\" content=\"image\/jpeg\" \/>\n<meta name=\"twitter:card\" content=\"summary_large_image\" \/>\n<meta name=\"twitter:label1\" content=\"Dur\u00e9e de lecture estim\u00e9e\" \/>\n\t<meta name=\"twitter:data1\" content=\"1 minute\" \/>\n<script type=\"application\/ld+json\" class=\"yoast-schema-graph\">{\"@context\":\"https:\/\/schema.org\",\"@graph\":[{\"@type\":\"WebSite\",\"@id\":\"https:\/\/relaxsrl.com\/#website\",\"url\":\"https:\/\/relaxsrl.com\/\",\"name\":\"Relax srl\",\"description\":\"\",\"potentialAction\":[{\"@type\":\"SearchAction\",\"target\":{\"@type\":\"EntryPoint\",\"urlTemplate\":\"https:\/\/relaxsrl.com\/?s={search_term_string}\"},\"query-input\":\"required name=search_term_string\"}],\"inLanguage\":\"fr-FR\"},{\"@type\":\"ImageObject\",\"inLanguage\":\"fr-FR\",\"@id\":\"https:\/\/relaxsrl.com\/fr\/produits\/collections\/saia\/#primaryimage\",\"url\":\"https:\/\/relaxsrl.com\/website\/wp-content\/uploads\/2023\/02\/SAIA_1.jpg\",\"contentUrl\":\"https:\/\/relaxsrl.com\/website\/wp-content\/uploads\/2023\/02\/SAIA_1.jpg\",\"width\":800,\"height\":1100},{\"@type\":\"WebPage\",\"@id\":\"https:\/\/relaxsrl.com\/fr\/produits\/collections\/saia\/#webpage\",\"url\":\"https:\/\/relaxsrl.com\/fr\/produits\/collections\/saia\/\",\"name\":\"Saia - Relax srl\",\"isPartOf\":{\"@id\":\"https:\/\/relaxsrl.com\/#website\"},\"primaryImageOfPage\":{\"@id\":\"https:\/\/relaxsrl.com\/fr\/produits\/collections\/saia\/#primaryimage\"},\"datePublished\":\"2023-02-27T14:26:31+00:00\",\"dateModified\":\"2023-04-07T15:06:00+00:00\",\"description\":\"Les receveurs de douche Saia en r\u00e9sines min\u00e9rales et Gel Coat se caract\u00e9risent par le typique \u00e9coulement central. En savoir plus.\",\"breadcrumb\":{\"@id\":\"https:\/\/relaxsrl.com\/fr\/produits\/collections\/saia\/#breadcrumb\"},\"inLanguage\":\"fr-FR\",\"potentialAction\":[{\"@type\":\"ReadAction\",\"target\":[\"https:\/\/relaxsrl.com\/fr\/produits\/collections\/saia\/\"]}]},{\"@type\":\"BreadcrumbList\",\"@id\":\"https:\/\/relaxsrl.com\/fr\/produits\/collections\/saia\/#breadcrumb\",\"itemListElement\":[{\"@type\":\"ListItem\",\"position\":1,\"name\":\"Produits\",\"item\":\"https:\/\/relaxsrl.com\/fr\/produits\/\"},{\"@type\":\"ListItem\",\"position\":2,\"name\":\"Collections\",\"item\":\"https:\/\/relaxsrl.com\/fr\/produits\/collections-old-non-usare\/\"},{\"@type\":\"ListItem\",\"position\":3,\"name\":\"Saia\"}]}]}<\/script>\n<!-- \/ Yoast SEO Premium plugin. -->","yoast_head_json":{"title":"Saia - Relax srl","description":"Les receveurs de douche Saia en r\u00e9sines min\u00e9rales et Gel Coat se caract\u00e9risent par le typique \u00e9coulement central. En savoir plus.","robots":{"index":"index","follow":"follow","max-snippet":"max-snippet:-1","max-image-preview":"max-image-preview:large","max-video-preview":"max-video-preview:-1"},"canonical":"https:\/\/relaxsrl.com\/fr\/produits\/collections\/saia\/","og_locale":"fr_FR","og_type":"article","og_title":"Saia - Relax srl","og_description":"Les receveurs de douche Saia en r\u00e9sines min\u00e9rales et Gel Coat se caract\u00e9risent par le typique \u00e9coulement central. En savoir plus.","og_url":"https:\/\/relaxsrl.com\/fr\/produits\/collections\/saia\/","og_site_name":"Relax srl","article_modified_time":"2023-04-07T15:06:00+00:00","og_image":[{"width":800,"height":1100,"url":"https:\/\/relaxsrl.com\/website\/wp-content\/uploads\/2023\/02\/SAIA_1.jpg","type":"image\/jpeg"}],"twitter_card":"summary_large_image","twitter_misc":{"Dur\u00e9e de lecture estim\u00e9e":"1 minute"},"schema":{"@context":"https:\/\/schema.org","@graph":[{"@type":"WebSite","@id":"https:\/\/relaxsrl.com\/#website","url":"https:\/\/relaxsrl.com\/","name":"Relax srl","description":"","potentialAction":[{"@type":"SearchAction","target":{"@type":"EntryPoint","urlTemplate":"https:\/\/relaxsrl.com\/?s={search_term_string}"},"query-input":"required name=search_term_string"}],"inLanguage":"fr-FR"},{"@type":"ImageObject","inLanguage":"fr-FR","@id":"https:\/\/relaxsrl.com\/fr\/produits\/collections\/saia\/#primaryimage","url":"https:\/\/relaxsrl.com\/website\/wp-content\/uploads\/2023\/02\/SAIA_1.jpg","contentUrl":"https:\/\/relaxsrl.com\/website\/wp-content\/uploads\/2023\/02\/SAIA_1.jpg","width":800,"height":1100},{"@type":"WebPage","@id":"https:\/\/relaxsrl.com\/fr\/produits\/collections\/saia\/#webpage","url":"https:\/\/relaxsrl.com\/fr\/produits\/collections\/saia\/","name":"Saia - Relax srl","isPartOf":{"@id":"https:\/\/relaxsrl.com\/#website"},"primaryImageOfPage":{"@id":"https:\/\/relaxsrl.com\/fr\/produits\/collections\/saia\/#primaryimage"},"datePublished":"2023-02-27T14:26:31+00:00","dateModified":"2023-04-07T15:06:00+00:00","description":"Les receveurs de douche Saia en r\u00e9sines min\u00e9rales et Gel Coat se caract\u00e9risent par le typique \u00e9coulement central. En savoir plus.","breadcrumb":{"@id":"https:\/\/relaxsrl.com\/fr\/produits\/collections\/saia\/#breadcrumb"},"inLanguage":"fr-FR","potentialAction":[{"@type":"ReadAction","target":["https:\/\/relaxsrl.com\/fr\/produits\/collections\/saia\/"]}]},{"@type":"BreadcrumbList","@id":"https:\/\/relaxsrl.com\/fr\/produits\/collections\/saia\/#breadcrumb","itemListElement":[{"@type":"ListItem","position":1,"name":"Produits","item":"https:\/\/relaxsrl.com\/fr\/produits\/"},{"@type":"ListItem","position":2,"name":"Collections","item":"https:\/\/relaxsrl.com\/fr\/produits\/collections-old-non-usare\/"},{"@type":"ListItem","position":3,"name":"Saia"}]}]}},"_links":{"self":[{"href":"https:\/\/relaxsrl.com\/fr\/wp-json\/wp\/v2\/pages\/26618"}],"collection":[{"href":"https:\/\/relaxsrl.com\/fr\/wp-json\/wp\/v2\/pages"}],"about":[{"href":"https:\/\/relaxsrl.com\/fr\/wp-json\/wp\/v2\/types\/page"}],"author":[{"embeddable":true,"href":"https:\/\/relaxsrl.com\/fr\/wp-json\/wp\/v2\/users\/3"}],"replies":[{"embeddable":true,"href":"https:\/\/relaxsrl.com\/fr\/wp-json\/wp\/v2\/comments?post=26618"}],"version-history":[{"count":8,"href":"https:\/\/relaxsrl.com\/fr\/wp-json\/wp\/v2\/pages\/26618\/revisions"}],"predecessor-version":[{"id":27865,"href":"https:\/\/relaxsrl.com\/fr\/wp-json\/wp\/v2\/pages\/26618\/revisions\/27865"}],"up":[{"embeddable":true,"href":"https:\/\/relaxsrl.com\/fr\/wp-json\/wp\/v2\/pages\/32054"}],"wp:featuredmedia":[{"embeddable":true,"href":"https:\/\/relaxsrl.com\/fr\/wp-json\/wp\/v2\/media\/27831"}],"wp:attachment":[{"href":"https:\/\/relaxsrl.com\/fr\/wp-json\/wp\/v2\/media?parent=26618"}],"curies":[{"name":"wp","href":"https:\/\/api.w.org\/{rel}","templated":true}]}}