{"id":30716,"date":"2024-09-11T10:19:01","date_gmt":"2024-09-11T08:19:01","guid":{"rendered":"https:\/\/relaxsrl.com\/produits\/collections\/cardine\/"},"modified":"2024-10-23T17:16:35","modified_gmt":"2024-10-23T15:16:35","slug":"cardine","status":"publish","type":"page","link":"https:\/\/relaxsrl.com\/fr\/produits\/collections\/cardine\/","title":{"rendered":"Cardine"},"content":{"rendered":"<p>[vc_row full_width=\u00a0\u00bbstretch_row\u00a0\u00bb equal_height=\u00a0\u00bbyes\u00a0\u00bb el_class=\u00a0\u00bbrow-header-collezione-prodotti\u00a0\u00bb css=\u00a0\u00bb.vc_custom_1726042326208{background-image: url(https:\/\/relaxsrl.com\/website\/wp-content\/uploads\/2024\/09\/CARDINE.jpg?id=30693) !important;}\u00a0\u00bb][vc_column width=\u00a0\u00bb1\/2&Prime; el_class=\u00a0\u00bbcol-sx-header-collezione-prodotti\u00a0\u00bb][vc_column_text el_class=\u00a0\u00bbheader-collezione-prodotti-txt\u00a0\u00bb]<\/p>\n<h1>Cardine, la cabine de douche avec charni\u00e8re interchangeable<\/h1>\n<p>Cabine de douche moderne avec deux charni\u00e8res configurables diff\u00e9rentes (Elica et Cover) qui s\u2019adapte \u00e0 n\u2019importe quel look de salle de bain, en mettant en valeur ses formes et ses couleurs. \u00c9galement disponible dans la version sans profil\u00e9s avec charni\u00e8res fix\u00e9es directement au mur.[\/vc_column_text][\/vc_column][vc_column width=\u00a0\u00bb1\/2&Prime; el_class=\u00a0\u00bbcol-dx-header-collezione-prodotti\u00a0\u00bb][vc_single_image image=\u00a0\u00bb30690&Prime; img_size=\u00a0\u00bbfull\u00a0\u00bb alignment=\u00a0\u00bbcenter\u00a0\u00bb el_class=\u00a0\u00bbrow-header-prodotto-img\u00a0\u00bb][\/vc_column][\/vc_row][vc_row el_class=\u00a0\u00bbrow-path\u00a0\u00bb][vc_column][vc_column_text][\/vc_column_text][\/vc_column][\/vc_row][vc_row][vc_column]<div class=\"woocommerce columns-4 \"><ul class=\"products columns-4\">\n<li class=\"product type-product post-30810 status-publish first instock product_cat-3-lati-fr product_cat-3-lati-de product_cat-3-lati-en product_cat-3- product_cat-angolare-en product_cat-angolare-de product_cat-angulaire product_cat-angulaire-battante product_cat-battente product_cat-battente-fr product_cat-battente-de-2 product_cat-battente-de-3 product_cat-box-doccia-de product_cat-box-doccia-en product_cat-cabine-de-douche product_cat-cardine-ru product_cat-cardine-en product_cat-cardine-fr product_cat-cardine-de product_cat-collections-en product_cat-collections product_cat-hinged product_cat-collezioni-de product_cat-tipologia-prodotto-de product_cat-tipologia-prodotto-en product_cat-type-de-produit product_cat-1618 product_cat-1568 product_cat-3-- product_cat-1627 product_cat-1617 product_cat-1626 has-post-thumbnail shipping-taxable product-type-simple\">\n\t<div class=\"woocommerce-loop-product__short_description\" itemprop=\"description\"><a href=\"https:\/\/relaxsrl.com\/fr\/produit\/cardine-af-f\/\" class=\"woocommerce-LoopProduct-link woocommerce-loop-product__link\"><p>Cabine de douche avec porte battante et un c\u00f4t\u00e9 fixe. Charni\u00e8res et poign\u00e9es interchangeables.<\/p>\n<\/a><\/div><\/li>\n<li class=\"product type-product post-30735 status-publish instock product_cat-angolare-de product_cat-angolare-en product_cat-angulaire product_cat-angulaire-battante product_cat-battente-de-2 product_cat-box-doccia-de product_cat-box-doccia-en product_cat-cabine-de-douche product_cat-cardine-en product_cat-cardine-fr product_cat-cardine-de product_cat-cardine-ru product_cat-collections-en product_cat-collections product_cat-hinged product_cat-collezioni-de product_cat-tipologia-prodotto-de product_cat-tipologia-prodotto-en product_cat-type-de-produit product_cat-1618 product_cat-1568 product_cat-1627 product_cat-1617 product_cat-1626 has-post-thumbnail shipping-taxable product-type-simple\">\n\t<div class=\"woocommerce-loop-product__short_description\" itemprop=\"description\"><a href=\"https:\/\/relaxsrl.com\/fr\/produit\/cardine-ab-ab\/\" class=\"woocommerce-LoopProduct-link woocommerce-loop-product__link\"><p>Cabine de douche d&rsquo;angle avec doubles portes battantes. Charni\u00e8res et poign\u00e9es interchangeables.<\/p>\n<\/a><\/div><\/li>\n<li class=\"product type-product post-30815 status-publish instock product_cat-niche-battante product_cat-battente-de product_cat-box-doccia-de product_cat-box-doccia-en product_cat-cabine-de-douche product_cat-cardine-fr product_cat-cardine-de product_cat-cardine-ru product_cat-cardine-en product_cat-collections-en product_cat-collections product_cat-niche-hinged product_cat-nicchia-de product_cat-niche-fr product_cat-niche product_cat-collezioni-de product_cat-tipologia-prodotto-de product_cat-tipologia-prodotto-en product_cat-type-de-produit product_cat-1618 product_cat-1568 product_cat-1638 product_cat-1637 product_cat-1617 has-post-thumbnail shipping-taxable product-type-simple\">\n\t<div class=\"woocommerce-loop-product__short_description\" itemprop=\"description\"><a href=\"https:\/\/relaxsrl.com\/fr\/produit\/cardine-b1\/\" class=\"woocommerce-LoopProduct-link woocommerce-loop-product__link\"><p>Cabine de douche avec porte battante. Charni\u00e8res et poign\u00e9es interchangeables.<\/p>\n<\/a><\/div><\/li>\n<li class=\"product type-product post-30825 status-publish last instock product_cat-niche-battante product_cat-battente-de product_cat-box-doccia-de product_cat-box-doccia-en product_cat-cabine-de-douche product_cat-cardine-en product_cat-cardine-fr product_cat-cardine-de product_cat-cardine-ru product_cat-collections-en product_cat-collections product_cat-niche-hinged product_cat-nicchia-de product_cat-niche-fr product_cat-niche product_cat-collezioni-de product_cat-tipologia-prodotto-de product_cat-tipologia-prodotto-en product_cat-type-de-produit product_cat-1618 product_cat-1568 product_cat-1638 product_cat-1637 product_cat-1617 has-post-thumbnail shipping-taxable product-type-simple\">\n\t<div class=\"woocommerce-loop-product__short_description\" itemprop=\"description\"><a href=\"https:\/\/relaxsrl.com\/fr\/produit\/cardine-ac\/\" class=\"woocommerce-LoopProduct-link woocommerce-loop-product__link\"><p>Cabine de douche en niche avec porte battante et deux c\u00f4t\u00e9s fixes. Charni\u00e8res et poign\u00e9es interchangeables.<\/p>\n<\/a><\/div><\/li>\n<li class=\"product type-product post-30820 status-publish first instock product_cat-niche-battante product_cat-battente-de product_cat-selection-guide-big-shower-enclosures product_cat-box-doccia-de product_cat-box-doccia-en product_cat-cabina-doccia-grande product_cat-cabine-de-douche product_cat-cardine-de product_cat-cardine-ru product_cat-cardine-en product_cat-cardine-fr product_cat-collections-en product_cat-collections product_cat-guide-de-selection-grande-cabine-de-douche product_cat-selection-guide-en product_cat-guida-alla-scelta-de product_cat-guide-de-selection product_cat-niche-hinged product_cat-nicchia-de product_cat-niche product_cat-niche-fr product_cat-collezioni-de product_cat-tipologia-prodotto-de product_cat-tipologia-prodotto-en product_cat-type-de-produit product_cat-1603 product_cat-1618 product_cat-1568 product_cat-1638 product_cat-1637 product_cat-1594 product_cat-1617 has-post-thumbnail shipping-taxable product-type-simple\">\n\t<div class=\"woocommerce-loop-product__short_description\" itemprop=\"description\"><a href=\"https:\/\/relaxsrl.com\/fr\/produit\/cardine-b2\/\" class=\"woocommerce-LoopProduct-link woocommerce-loop-product__link\"><p>Cabine de douche en niche avec deux portes battantes. Charni\u00e8res et poign\u00e9es interchangeables.<\/p>\n<\/a><\/div><\/li>\n<li class=\"product type-product post-13895 status-publish instock product_cat-angolare-en product_cat-angolare-de product_cat-angulaire product_cat-box-doccia-de product_cat-box-doccia-en product_cat-cabine-de-douche product_cat-cardine-fr product_cat-cardine-de product_cat-cardine-ru product_cat-cardine-en product_cat-collections product_cat-collections-en product_cat-nicchia-de product_cat-niche-fr product_cat-niche product_cat-collezioni-de product_cat-tipologia-prodotto-en product_cat-tipologia-prodotto-de product_cat-type-de-produit product_cat-angulaire-walk-in product_cat-walk-in-en-3 product_cat-walk-in-de-7 product_cat-walk-in-de-3 product_cat-niche-walk-in product_cat-walk-in-en-4 product_cat-walk-in-de product_cat-walk-in-fr product_cat-walk-in-en product_cat-1618 product_cat-1568 product_cat-1637 product_cat-1636 product_cat-1640 product_cat-1649 product_cat-1617 product_cat-1626 has-post-thumbnail shipping-taxable product-type-simple\">\n\t<div class=\"woocommerce-loop-product__short_description\" itemprop=\"description\"><a href=\"https:\/\/relaxsrl.com\/fr\/produit\/cardine-mf1\/\" class=\"woocommerce-LoopProduct-link woocommerce-loop-product__link\"><p>Cabine de douche \u00e0 l&rsquo;italienne avec charni\u00e8res personnalisables.<\/p>\n<\/a><\/div><\/li>\n<li class=\"product type-product post-13893 status-publish instock product_cat-angolare-en product_cat-angolare-de product_cat-angulaire product_cat-angulaire-battante product_cat-battente-de-2 product_cat-box-doccia-de product_cat-box-doccia-en product_cat-cabine-de-douche product_cat-cardine-de product_cat-cardine-ru product_cat-cardine-en product_cat-cardine-fr product_cat-collections-en product_cat-collections product_cat-hinged product_cat-collezioni-de product_cat-tipologia-prodotto-de product_cat-tipologia-prodotto-en product_cat-type-de-produit product_cat-1618 product_cat-1568 product_cat-1627 product_cat-1617 product_cat-1626 has-post-thumbnail shipping-taxable product-type-simple\">\n\t<div class=\"woocommerce-loop-product__short_description\" itemprop=\"description\"><a href=\"https:\/\/relaxsrl.com\/fr\/produit\/cardine-mab-mf1\/\" class=\"woocommerce-LoopProduct-link woocommerce-loop-product__link\"><p>Cabine de douche avec porte fixe et battante avec ouverture int\u00e9rieure et ext\u00e9rieure. Charni\u00e8res personnalisables.<\/p>\n<\/a><\/div><\/li>\n<li class=\"product type-product post-13891 status-publish last instock product_cat-angolare-en product_cat-angolare-de product_cat-angulaire product_cat-angulaire-battante product_cat-battente-de-2 product_cat-box-doccia-de product_cat-box-doccia-en product_cat-box-doccia-lineare product_cat-cabine-de-douche product_cat-guide-de-selection-cabine-de-douche-lineaire product_cat-cardine-ru product_cat-cardine-en product_cat-cardine-fr product_cat-cardine-de product_cat-collections product_cat-collections-en product_cat-selection-guide-en product_cat-guida-alla-scelta-de product_cat-guide-de-selection product_cat-hinged product_cat-selection-guide-linear-shower-enclosures product_cat-collezioni-de product_cat-tipologia-prodotto-en product_cat-tipologia-prodotto-de product_cat-type-de-produit product_cat-1618 product_cat-1568 product_cat-1601 product_cat-1627 product_cat-1594 product_cat-1617 product_cat-1626 has-post-thumbnail shipping-taxable product-type-simple\">\n\t<div class=\"woocommerce-loop-product__short_description\" itemprop=\"description\"><a href=\"https:\/\/relaxsrl.com\/fr\/produit\/cardine-mab-mab\/\" class=\"woocommerce-LoopProduct-link woocommerce-loop-product__link\"><p>Cabine de douche avec double porte battante. Charni\u00e8res personnalisables.<\/p>\n<\/a><\/div><\/li>\n<li class=\"product type-product post-13892 status-publish first instock product_cat-niche-battante product_cat-guide-de-selection-battante product_cat-battente-de product_cat-battente-de-5 product_cat-box-doccia-en product_cat-box-doccia-de product_cat-cabine-de-douche product_cat-cardine-en product_cat-cardine-fr product_cat-cardine-de product_cat-cardine-ru product_cat-collections-en product_cat-collections product_cat-selection-guide-en product_cat-guida-alla-scelta-de product_cat-guide-de-selection product_cat-niche-hinged product_cat-selection-guide-hinged-door product_cat-nicchia-de product_cat-niche product_cat-niche-fr product_cat-collezioni-de product_cat-tipologia-prodotto-en product_cat-tipologia-prodotto-de product_cat-type-de-produit product_cat-1618 product_cat-1568 product_cat-1638 product_cat-1597 product_cat-1637 product_cat-1594 product_cat-1617 has-post-thumbnail shipping-taxable product-type-simple\">\n\t<div class=\"woocommerce-loop-product__short_description\" itemprop=\"description\"><a href=\"https:\/\/relaxsrl.com\/fr\/produit\/cardine-mb1\/\" class=\"woocommerce-LoopProduct-link woocommerce-loop-product__link\"><p>Cabine de douche en niche avec charni\u00e8res murales, r\u00e9glage 6 mm et ouverture vers le mur.<\/p>\n<\/a><\/div><\/li>\n<li class=\"product type-product post-13889 status-publish instock product_cat-niche-battante product_cat-battente-de product_cat-box-doccia-de product_cat-box-doccia-en product_cat-cabine-de-douche product_cat-cardine-fr product_cat-cardine-de product_cat-cardine-ru product_cat-cardine-en product_cat-collections-en product_cat-collections product_cat-niche-hinged product_cat-nicchia-de product_cat-niche product_cat-niche-fr product_cat-collezioni-de product_cat-tipologia-prodotto-de product_cat-tipologia-prodotto-en product_cat-type-de-produit product_cat-1618 product_cat-1568 product_cat-1638 product_cat-1637 product_cat-1617 has-post-thumbnail shipping-taxable product-type-simple\">\n\t<div class=\"woocommerce-loop-product__short_description\" itemprop=\"description\"><a href=\"https:\/\/relaxsrl.com\/fr\/produit\/cardine-mpb\/\" class=\"woocommerce-LoopProduct-link woocommerce-loop-product__link\"><p>Cabine de douche en niche avec charni\u00e8res murales, r\u00e9glage de 6 mm et ouverture vers le c\u00f4t\u00e9 fixe.<\/p>\n<\/a><\/div><\/li>\n<li class=\"product type-product post-13758 status-publish instock product_cat-niche-battante product_cat-battente-de product_cat-box-doccia-de product_cat-box-doccia-en product_cat-cabine-de-douche product_cat-cardine-de product_cat-cardine-ru product_cat-cardine-en product_cat-cardine-fr product_cat-collections-en product_cat-collections product_cat-niche-hinged product_cat-nicchia-de product_cat-niche-fr product_cat-niche product_cat-collezioni-de product_cat-tipologia-prodotto-en product_cat-tipologia-prodotto-de product_cat-type-de-produit product_cat-1618 product_cat-1568 product_cat-1638 product_cat-1637 product_cat-1617 has-post-thumbnail shipping-taxable product-type-simple\">\n\t<div class=\"woocommerce-loop-product__short_description\" itemprop=\"description\"><a href=\"https:\/\/relaxsrl.com\/fr\/produit\/cardine-mabmf1\/\" class=\"woocommerce-LoopProduct-link woocommerce-loop-product__link\"><p>Cardine MAB + MF1 est une cabine de douche avec porte lat\u00e9rale fixe et battante \u00e0 ouverture int\u00e9rieure et ext\u00e9rieure.<\/p>\n<\/a><\/div><\/li>\n<\/ul>\n<\/div>[\/vc_column][\/vc_row]<\/p>\n","protected":false},"excerpt":{"rendered":"<p>[vc_row full_width=\u00a0\u00bbstretch_row\u00a0\u00bb equal_height=\u00a0\u00bbyes\u00a0\u00bb el_class=\u00a0\u00bbrow-header-collezione-prodotti\u00a0\u00bb css=\u00a0\u00bb.vc_custom_1726042326208{background-image: url(https:\/\/relaxsrl.com\/website\/wp-content\/uploads\/2024\/09\/CARDINE.jpg?id=30693) !important;}\u00a0\u00bb][vc_column width=\u00a0\u00bb1\/2&Prime; el_class=\u00a0\u00bbcol-sx-header-collezione-prodotti\u00a0\u00bb][vc_column_text el_class=\u00a0\u00bbheader-collezione-prodotti-txt\u00a0\u00bb] Cardine, la cabine de douche avec charni\u00e8re interchangeable Cabine de douche moderne avec deux charni\u00e8res configurables diff\u00e9rentes (Elica et Cover) qui s\u2019adapte \u00e0 n\u2019importe quel look de salle de bain, en mettant en valeur ses formes et ses couleurs. \u00c9galement disponible dans la version sans [&hellip;]<\/p>\n","protected":false},"author":3,"featured_media":29464,"parent":32054,"menu_order":0,"comment_status":"closed","ping_status":"closed","template":"","meta":[],"acf":[],"yoast_head":"<!-- This site is optimized with the Yoast SEO Premium plugin v18.4 (Yoast SEO v18.8) - https:\/\/yoast.com\/wordpress\/plugins\/seo\/ -->\n<title>Cardine - Relax srl<\/title>\n<meta name=\"description\" content=\"Les parois de douche de la collection Cardine s&#039;adaptent \u00e0 n&#039;importe quel look de salle de bain gr\u00e2ce \u00e0 leur charni\u00e8re interchangeable. En savoir plus.\" \/>\n<meta name=\"robots\" content=\"index, follow, max-snippet:-1, max-image-preview:large, max-video-preview:-1\" \/>\n<link rel=\"canonical\" href=\"https:\/\/relaxsrl.com\/fr\/produits\/collections\/cardine\/\" \/>\n<meta property=\"og:locale\" content=\"fr_FR\" \/>\n<meta property=\"og:type\" content=\"article\" \/>\n<meta property=\"og:title\" content=\"Cardine - Relax srl\" \/>\n<meta property=\"og:description\" content=\"Les parois de douche de la collection Cardine s&#039;adaptent \u00e0 n&#039;importe quel look de salle de bain gr\u00e2ce \u00e0 leur charni\u00e8re interchangeable. En savoir plus.\" \/>\n<meta property=\"og:url\" content=\"https:\/\/relaxsrl.com\/fr\/produits\/collections\/cardine\/\" \/>\n<meta property=\"og:site_name\" content=\"Relax srl\" \/>\n<meta property=\"article:modified_time\" content=\"2024-10-23T15:16:35+00:00\" \/>\n<meta property=\"og:image\" content=\"https:\/\/relaxsrl.com\/website\/wp-content\/uploads\/2024\/01\/Calamo_800x1100.jpg\" \/>\n\t<meta property=\"og:image:width\" content=\"800\" \/>\n\t<meta property=\"og:image:height\" content=\"1100\" \/>\n\t<meta property=\"og:image:type\" content=\"image\/jpeg\" \/>\n<meta name=\"twitter:card\" content=\"summary_large_image\" \/>\n<meta name=\"twitter:label1\" content=\"Dur\u00e9e de lecture estim\u00e9e\" \/>\n\t<meta name=\"twitter:data1\" content=\"1 minute\" \/>\n<script type=\"application\/ld+json\" class=\"yoast-schema-graph\">{\"@context\":\"https:\/\/schema.org\",\"@graph\":[{\"@type\":\"WebSite\",\"@id\":\"https:\/\/relaxsrl.com\/#website\",\"url\":\"https:\/\/relaxsrl.com\/\",\"name\":\"Relax srl\",\"description\":\"\",\"potentialAction\":[{\"@type\":\"SearchAction\",\"target\":{\"@type\":\"EntryPoint\",\"urlTemplate\":\"https:\/\/relaxsrl.com\/?s={search_term_string}\"},\"query-input\":\"required name=search_term_string\"}],\"inLanguage\":\"fr-FR\"},{\"@type\":\"ImageObject\",\"inLanguage\":\"fr-FR\",\"@id\":\"https:\/\/relaxsrl.com\/fr\/produits\/collections\/cardine\/#primaryimage\",\"url\":\"https:\/\/relaxsrl.com\/website\/wp-content\/uploads\/2024\/01\/Calamo_800x1100.jpg\",\"contentUrl\":\"https:\/\/relaxsrl.com\/website\/wp-content\/uploads\/2024\/01\/Calamo_800x1100.jpg\",\"width\":800,\"height\":1100},{\"@type\":\"WebPage\",\"@id\":\"https:\/\/relaxsrl.com\/fr\/produits\/collections\/cardine\/#webpage\",\"url\":\"https:\/\/relaxsrl.com\/fr\/produits\/collections\/cardine\/\",\"name\":\"Cardine - Relax srl\",\"isPartOf\":{\"@id\":\"https:\/\/relaxsrl.com\/#website\"},\"primaryImageOfPage\":{\"@id\":\"https:\/\/relaxsrl.com\/fr\/produits\/collections\/cardine\/#primaryimage\"},\"datePublished\":\"2024-09-11T08:19:01+00:00\",\"dateModified\":\"2024-10-23T15:16:35+00:00\",\"description\":\"Les parois de douche de la collection Cardine s'adaptent \u00e0 n'importe quel look de salle de bain gr\u00e2ce \u00e0 leur charni\u00e8re interchangeable. En savoir plus.\",\"breadcrumb\":{\"@id\":\"https:\/\/relaxsrl.com\/fr\/produits\/collections\/cardine\/#breadcrumb\"},\"inLanguage\":\"fr-FR\",\"potentialAction\":[{\"@type\":\"ReadAction\",\"target\":[\"https:\/\/relaxsrl.com\/fr\/produits\/collections\/cardine\/\"]}]},{\"@type\":\"BreadcrumbList\",\"@id\":\"https:\/\/relaxsrl.com\/fr\/produits\/collections\/cardine\/#breadcrumb\",\"itemListElement\":[{\"@type\":\"ListItem\",\"position\":1,\"name\":\"Produits\",\"item\":\"https:\/\/relaxsrl.com\/fr\/produits\/\"},{\"@type\":\"ListItem\",\"position\":2,\"name\":\"Collections\",\"item\":\"https:\/\/relaxsrl.com\/fr\/produits\/collections-old-non-usare\/\"},{\"@type\":\"ListItem\",\"position\":3,\"name\":\"Cardine\"}]}]}<\/script>\n<!-- \/ Yoast SEO Premium plugin. -->","yoast_head_json":{"title":"Cardine - Relax srl","description":"Les parois de douche de la collection Cardine s'adaptent \u00e0 n'importe quel look de salle de bain gr\u00e2ce \u00e0 leur charni\u00e8re interchangeable. En savoir plus.","robots":{"index":"index","follow":"follow","max-snippet":"max-snippet:-1","max-image-preview":"max-image-preview:large","max-video-preview":"max-video-preview:-1"},"canonical":"https:\/\/relaxsrl.com\/fr\/produits\/collections\/cardine\/","og_locale":"fr_FR","og_type":"article","og_title":"Cardine - Relax srl","og_description":"Les parois de douche de la collection Cardine s'adaptent \u00e0 n'importe quel look de salle de bain gr\u00e2ce \u00e0 leur charni\u00e8re interchangeable. En savoir plus.","og_url":"https:\/\/relaxsrl.com\/fr\/produits\/collections\/cardine\/","og_site_name":"Relax srl","article_modified_time":"2024-10-23T15:16:35+00:00","og_image":[{"width":800,"height":1100,"url":"https:\/\/relaxsrl.com\/website\/wp-content\/uploads\/2024\/01\/Calamo_800x1100.jpg","type":"image\/jpeg"}],"twitter_card":"summary_large_image","twitter_misc":{"Dur\u00e9e de lecture estim\u00e9e":"1 minute"},"schema":{"@context":"https:\/\/schema.org","@graph":[{"@type":"WebSite","@id":"https:\/\/relaxsrl.com\/#website","url":"https:\/\/relaxsrl.com\/","name":"Relax srl","description":"","potentialAction":[{"@type":"SearchAction","target":{"@type":"EntryPoint","urlTemplate":"https:\/\/relaxsrl.com\/?s={search_term_string}"},"query-input":"required name=search_term_string"}],"inLanguage":"fr-FR"},{"@type":"ImageObject","inLanguage":"fr-FR","@id":"https:\/\/relaxsrl.com\/fr\/produits\/collections\/cardine\/#primaryimage","url":"https:\/\/relaxsrl.com\/website\/wp-content\/uploads\/2024\/01\/Calamo_800x1100.jpg","contentUrl":"https:\/\/relaxsrl.com\/website\/wp-content\/uploads\/2024\/01\/Calamo_800x1100.jpg","width":800,"height":1100},{"@type":"WebPage","@id":"https:\/\/relaxsrl.com\/fr\/produits\/collections\/cardine\/#webpage","url":"https:\/\/relaxsrl.com\/fr\/produits\/collections\/cardine\/","name":"Cardine - Relax srl","isPartOf":{"@id":"https:\/\/relaxsrl.com\/#website"},"primaryImageOfPage":{"@id":"https:\/\/relaxsrl.com\/fr\/produits\/collections\/cardine\/#primaryimage"},"datePublished":"2024-09-11T08:19:01+00:00","dateModified":"2024-10-23T15:16:35+00:00","description":"Les parois de douche de la collection Cardine s'adaptent \u00e0 n'importe quel look de salle de bain gr\u00e2ce \u00e0 leur charni\u00e8re interchangeable. En savoir plus.","breadcrumb":{"@id":"https:\/\/relaxsrl.com\/fr\/produits\/collections\/cardine\/#breadcrumb"},"inLanguage":"fr-FR","potentialAction":[{"@type":"ReadAction","target":["https:\/\/relaxsrl.com\/fr\/produits\/collections\/cardine\/"]}]},{"@type":"BreadcrumbList","@id":"https:\/\/relaxsrl.com\/fr\/produits\/collections\/cardine\/#breadcrumb","itemListElement":[{"@type":"ListItem","position":1,"name":"Produits","item":"https:\/\/relaxsrl.com\/fr\/produits\/"},{"@type":"ListItem","position":2,"name":"Collections","item":"https:\/\/relaxsrl.com\/fr\/produits\/collections-old-non-usare\/"},{"@type":"ListItem","position":3,"name":"Cardine"}]}]}},"_links":{"self":[{"href":"https:\/\/relaxsrl.com\/fr\/wp-json\/wp\/v2\/pages\/30716"}],"collection":[{"href":"https:\/\/relaxsrl.com\/fr\/wp-json\/wp\/v2\/pages"}],"about":[{"href":"https:\/\/relaxsrl.com\/fr\/wp-json\/wp\/v2\/types\/page"}],"author":[{"embeddable":true,"href":"https:\/\/relaxsrl.com\/fr\/wp-json\/wp\/v2\/users\/3"}],"replies":[{"embeddable":true,"href":"https:\/\/relaxsrl.com\/fr\/wp-json\/wp\/v2\/comments?post=30716"}],"version-history":[{"count":5,"href":"https:\/\/relaxsrl.com\/fr\/wp-json\/wp\/v2\/pages\/30716\/revisions"}],"predecessor-version":[{"id":30926,"href":"https:\/\/relaxsrl.com\/fr\/wp-json\/wp\/v2\/pages\/30716\/revisions\/30926"}],"up":[{"embeddable":true,"href":"https:\/\/relaxsrl.com\/fr\/wp-json\/wp\/v2\/pages\/32054"}],"wp:featuredmedia":[{"embeddable":true,"href":"https:\/\/relaxsrl.com\/fr\/wp-json\/wp\/v2\/media\/29464"}],"wp:attachment":[{"href":"https:\/\/relaxsrl.com\/fr\/wp-json\/wp\/v2\/media?parent=30716"}],"curies":[{"name":"wp","href":"https:\/\/api.w.org\/{rel}","templated":true}]}}