{"id":28950,"date":"2023-07-04T08:35:26","date_gmt":"2023-07-04T06:35:27","guid":{"rendered":"https:\/\/relaxsrl.com\/?post_type=product&#038;p=28950"},"modified":"2023-07-04T09:20:17","modified_gmt":"2023-07-04T07:20:17","slug":"evox-sf-f-f4","status":"publish","type":"product","link":"https:\/\/relaxsrl.com\/fr\/produit\/evox-sf-f-f4\/","title":{"rendered":"EVOX SF + F + F4"},"content":{"rendered":"<p>[vc_row full_width=\u00a0\u00bbstretch_row_content_no_spaces\u00a0\u00bb el_class=\u00a0\u00bbrow-header-prodotto-layblue\u00a0\u00bb][vc_column][vc_raw_html]PGRpdiBjbGFzcz0naGVhZGVyLXByb2RvdHRvLWxheWJsdWUnPjwvZGl2Pg==[\/vc_raw_html][\/vc_column][\/vc_row][vc_row el_class=\u00a0\u00bbrow-header-prodotto\u00a0\u00bb][vc_column width=\u00a0\u00bb1\/3&Prime;][vc_column_text el_class=\u00a0\u00bbrow-header-prodotto-txt\u00a0\u00bb]<\/p>\n<h1>Evox SF+F+F4, cabine de douche avec soft-close<\/h1>\n<p>Evox SF+F+F4 est une cabine de douche \u00e0 paroi centrale avec une porte coulissante \u00e9quip\u00e9e d&rsquo;un syst\u00e8me de fermeture en douceur qui donne une sensation particuli\u00e8re de stabilit\u00e9 et de s\u00e9curit\u00e9 et deux c\u00f4t\u00e9s fixes.[\/vc_column_text][\/vc_column][vc_column width=\u00a0\u00bb1\/6&Prime;][\/vc_column][vc_column width=\u00a0\u00bb1\/2&Prime;][vc_single_image image=\u00a0\u00bb28955&Prime; img_size=\u00a0\u00bbfull\u00a0\u00bb alignment=\u00a0\u00bbcenter\u00a0\u00bb el_class=\u00a0\u00bbrow-header-prodotto-img\u00a0\u00bb][\/vc_column][\/vc_row][vc_row full_width=\u00a0\u00bbstretch_row\u00a0\u00bb el_class=\u00a0\u00bbrow-header-prodotto-bg\u00a0\u00bb css=\u00a0\u00bb.vc_custom_1633726214321{background-image: url(http:\/\/relaxsrl.com\/wp-content\/uploads\/2021\/09\/collezione-evox.jpg?id=2706) !important;}\u00a0\u00bb][vc_column][\/vc_column][\/vc_row][vc_row el_class=\u00a0\u00bbrow-path\u00a0\u00bb][vc_column][vc_column_text][\/vc_column_text][\/vc_column][\/vc_row][vc_row el_class=\u00a0\u00bbscheda-prodotto-row-paragrafo\u00a0\u00bb][vc_column width=\u00a0\u00bb7\/12&Prime;][vc_row_inner][vc_column_inner el_class=\u00a0\u00bbscheda-prodotto-img-col-sx\u00a0\u00bb width=\u00a0\u00bb1\/2&Prime;][vc_single_image image=\u00a0\u00bb5139&Prime; img_size=\u00a0\u00bbfull\u00a0\u00bb el_class=\u00a0\u00bbscheda-prodotto-img-dettaglio\u00a0\u00bb][\/vc_column_inner][vc_column_inner el_class=\u00a0\u00bbscheda-prodotto-img-col-dx\u00a0\u00bb width=\u00a0\u00bb1\/2&Prime;][vc_single_image image=\u00a0\u00bb5143&Prime; img_size=\u00a0\u00bbfull\u00a0\u00bb el_class=\u00a0\u00bbscheda-prodotto-img-dettaglio\u00a0\u00bb][\/vc_column_inner][\/vc_row_inner][\/vc_column][vc_column width=\u00a0\u00bb5\/12&Prime;][vc_column_text el_class=\u00a0\u00bbscheda-prodotto-row-paragrafo-txt abstract\u00a0\u00bb]<\/p>\n<h2>Caract\u00e9ristiques<\/h2>\n<ul>\n<li>\u00c9quip\u00e9 d&rsquo;un syst\u00e8me de fermeture en douceur<\/li>\n<li>\u00c9quip\u00e9 d&rsquo;un couvercle de roulement<\/li>\n<li>Syst\u00e8me de d\u00e9gagement rapide des portes pour faciliter le nettoyage<\/li>\n<li>Profil\u00e9 de fixation murale avec vis cach\u00e9es<\/li>\n<li>Porte \u00e9quip\u00e9e d&rsquo;une fermeture magn\u00e9tique<\/li>\n<\/ul>\n<p>[\/vc_column_text][\/vc_column][\/vc_row][vc_row equal_height=\u00a0\u00bbyes\u00a0\u00bb content_placement=\u00a0\u00bbmiddle\u00a0\u00bb el_class=\u00a0\u00bbscheda-prodotto-row-paragrafo\u00a0\u00bb][vc_column width=\u00a0\u00bb1\/6&Prime;][\/vc_column][vc_column width=\u00a0\u00bb4\/6&Prime;][vc_column_text el_class=\u00a0\u00bbscheda-prodotto-row-paragrafo-txt\u00a0\u00bb]<\/p>\n<p style=\"text-align: center;\">Evox SF+F+F4 est une cabine de douche murale centrale avec porte coulissante et deux c\u00f4t\u00e9s fixes. Il est \u00e9quip\u00e9 d&rsquo;un syst\u00e8me de fermeture particulier, appel\u00e9 soft-close, qui permet de fermer la porte en toute s\u00e9curit\u00e9, avec un mouvement d&rsquo;accompagnement doux.<\/p>\n<p style=\"text-align: center;\">La collection Evox est disponible en diff\u00e9rentes finitions de verre et d&rsquo;aluminium.<\/p>\n<p style=\"text-align: center;\">Il est possible de commander la cabine de douche sur mesure et avec verre fa\u00e7onn\u00e9, pour les combles et les solutions particuli\u00e8res.<br \/>\nLe produit est \u00e9galement disponible dans la configuration avec un troisi\u00e8me c\u00f4t\u00e9 fixe.<br \/>\nLes cabines de douche et les accessoires sont tous produits en Italie, avec une qualit\u00e9 certifi\u00e9e.<\/p>\n<p>&nbsp;[\/vc_column_text][\/vc_column][vc_column width=\u00a0\u00bb1\/6&Prime;][\/vc_column][\/vc_row][vc_row el_class=\u00a0\u00bbscheda-prodotto-row-attributi scheda-prodotto-first-row-attributi\u00a0\u00bb][vc_column width=\u00a0\u00bb1\/4&Prime; el_class=\u00a0\u00bbscheda-prodotto-col-attributi\u00a0\u00bb][vc_column_text]<ul class=\"product-attributes\"><li class=\"product-attribute-altezza-standard\"><span class=\"product-attribute-label\">Hauteur standard<\/span> <span class=\"product-attribute-option ppl\"><span class=\"product-attribute-name\">200 cm&nbsp;<\/span><\/span><\/li><\/ul>[\/vc_column_text][\/vc_column][vc_column width=\u00a0\u00bb1\/4&Prime; el_class=\u00a0\u00bbscheda-prodotto-col-attributi\u00a0\u00bb][vc_column_text]<ul class=\"product-attributes\"><li class=\"product-attribute-dimensioni\"><span class=\"product-attribute-label\">Dimensions<\/span> <span class=\"product-attribute-option ppl\"><span class=\"product-attribute-name\">da 100 cm a 170 cm&nbsp;<\/span><\/span><\/li><\/ul>[\/vc_column_text][\/vc_column][vc_column width=\u00a0\u00bb1\/4&Prime; el_class=\u00a0\u00bbscheda-prodotto-col-attributi\u00a0\u00bb][vc_column_text]<ul class=\"product-attributes\"><li class=\"product-attribute-profondit\"><span class=\"product-attribute-label\">Profondeur<\/span> <span class=\"product-attribute-option ppl\"><span class=\"product-attribute-name\">da 70 cm a 100 cm&nbsp;<\/span><\/span><\/li><\/ul>[\/vc_column_text][\/vc_column][vc_column width=\u00a0\u00bb1\/4&Prime; el_class=\u00a0\u00bbscheda-prodotto-col-attributi\u00a0\u00bb][vc_column_text]<ul class=\"product-attributes\"><li class=\"product-attribute-spessore-vetro\"><span class=\"product-attribute-label\">\u00c9paisseur du verre<\/span> <span class=\"product-attribute-option ppl\"><span class=\"product-attribute-name\">6 mm&nbsp;<\/span><\/span><\/li><\/ul>[\/vc_column_text][\/vc_column][\/vc_row][vc_row el_class=\u00a0\u00bbscheda-prodotto-row-attributi\u00a0\u00bb][vc_column width=\u00a0\u00bb1\/2&Prime; el_class=\u00a0\u00bbscheda-prodotto-col-attributi\u00a0\u00bb][vc_column_text]<ul class=\"product-attributes\"><li class=\"product-attribute-finiture-vetro\"><span class=\"product-attribute-label\">Finitions verre<\/span> <span class=\"product-attribute-option ppl\"><a href=\"https:\/\/relaxsrl.com\/website\/wp-content\/uploads\/2021\/09\/Grigio-Europa.jpg\" target=\"_blank\"><img class=\"product-attribute-image\" src=\"https:\/\/relaxsrl.com\/website\/wp-content\/uploads\/2021\/09\/Grigio-Europa.jpg\"\/><\/a><span class=\"product-attribute-name\">Grigio europa&nbsp;<\/span><\/span><span class=\"product-attribute-option ppl\"><a href=\"https:\/\/relaxsrl.com\/website\/wp-content\/uploads\/2021\/09\/Piumato.jpg\" target=\"_blank\"><img class=\"product-attribute-image\" src=\"https:\/\/relaxsrl.com\/website\/wp-content\/uploads\/2021\/09\/Piumato.jpg\"\/><\/a><span class=\"product-attribute-name\">Piumato&nbsp;<\/span><\/span><span class=\"product-attribute-option ppl\"><a href=\"https:\/\/relaxsrl.com\/website\/wp-content\/uploads\/2021\/09\/Satinato.jpg\" target=\"_blank\"><img class=\"product-attribute-image\" src=\"https:\/\/relaxsrl.com\/website\/wp-content\/uploads\/2021\/09\/Satinato.jpg\"\/><\/a><span class=\"product-attribute-name\">Satinato&nbsp;<\/span><\/span><span class=\"product-attribute-option ppl\"><a href=\"https:\/\/relaxsrl.com\/website\/wp-content\/uploads\/2021\/09\/Trasparente.jpg\" target=\"_blank\"><img class=\"product-attribute-image\" src=\"https:\/\/relaxsrl.com\/website\/wp-content\/uploads\/2021\/09\/Trasparente.jpg\"\/><\/a><span class=\"product-attribute-name\">Trasparente&nbsp;<\/span><\/span><span class='product-attribute-name'><span class = 'width:100%;float:left'><\/span><\/span><\/li><\/ul>[\/vc_column_text][vc_empty_space height=\u00a0\u00bb30px\u00a0\u00bb][vc_column_text]<ul class=\"product-attributes\"><li class=\"product-attribute-serigrafie\"><span class=\"product-attribute-label\">S\u00e9rigraphie<\/span> <span class=\"product-attribute-option ppl\"><a href=\"https:\/\/relaxsrl.com\/website\/wp-content\/uploads\/2021\/09\/Fasce-08.jpg\" target=\"_blank\"><img class=\"product-attribute-image\" src=\"https:\/\/relaxsrl.com\/website\/wp-content\/uploads\/2021\/09\/Fasce-08.jpg\"\/><\/a><span class=\"product-attribute-name\">Serigrafia 08&nbsp;<\/span><\/span><\/li><\/ul>[\/vc_column_text][\/vc_column][vc_column width=\u00a0\u00bb1\/2&Prime; el_class=\u00a0\u00bbscheda-prodotto-col-attributi\u00a0\u00bb][vc_column_text]<ul class=\"product-attributes\"><li class=\"product-attribute-finiture-profili\"><span class=\"product-attribute-label\">Finitions du profil<\/span> <span class=\"product-attribute-option ppl\"><a href=\"https:\/\/relaxsrl.com\/website\/wp-content\/uploads\/2021\/09\/Acciaio.jpg\" target=\"_blank\"><img class=\"product-attribute-image\" src=\"https:\/\/relaxsrl.com\/website\/wp-content\/uploads\/2021\/09\/Acciaio.jpg\"\/><\/a><span class=\"product-attribute-name\">Acciaio&nbsp;<\/span><\/span><span class=\"product-attribute-option ppl\"><a href=\"https:\/\/relaxsrl.com\/website\/wp-content\/uploads\/2022\/02\/Bianco.jpg\" target=\"_blank\"><img class=\"product-attribute-image\" src=\"https:\/\/relaxsrl.com\/website\/wp-content\/uploads\/2022\/02\/Bianco.jpg\"\/><\/a><span class=\"product-attribute-name\">Bianco&nbsp;<\/span><\/span><span class=\"product-attribute-option ppl\"><a href=\"https:\/\/relaxsrl.com\/website\/wp-content\/uploads\/2022\/02\/Brillantato.jpg\" target=\"_blank\"><img class=\"product-attribute-image\" src=\"https:\/\/relaxsrl.com\/website\/wp-content\/uploads\/2022\/02\/Brillantato.jpg\"\/><\/a><span class=\"product-attribute-name\">Brillantato&nbsp;<\/span><\/span><span class=\"product-attribute-option ppl\"><a href=\"https:\/\/relaxsrl.com\/website\/wp-content\/uploads\/2021\/09\/Bronzo.jpg\" target=\"_blank\"><img class=\"product-attribute-image\" src=\"https:\/\/relaxsrl.com\/website\/wp-content\/uploads\/2021\/09\/Bronzo.jpg\"\/><\/a><span class=\"product-attribute-name\">Bronzo&nbsp;<\/span><\/span><span class='product-attribute-name'><span class = 'width:100%;float:left'><\/span><\/span><span class=\"product-attribute-option ppl\"><a href=\"https:\/\/relaxsrl.com\/website\/wp-content\/uploads\/2021\/09\/Nero.jpg\" target=\"_blank\"><img class=\"product-attribute-image\" src=\"https:\/\/relaxsrl.com\/website\/wp-content\/uploads\/2021\/09\/Nero.jpg\"\/><\/a><span class=\"product-attribute-name\">Nero&nbsp;<\/span><\/span><\/li><\/ul>[\/vc_column_text][\/vc_column][\/vc_row][vc_row el_class=\u00a0\u00bbscheda-prodotto-row-attributi\u00a0\u00bb][vc_column width=\u00a0\u00bb1\/4&Prime; el_class=\u00a0\u00bbscheda-prodotto-col-attributi\u00a0\u00bb][vc_column_text]<ul class=\"product-attributes\"><li class=\"product-attribute-tipo-apertura\"><span class=\"product-attribute-label\">Type de ouverture<\/span> <span class=\"product-attribute-option ppl\"><span class=\"product-attribute-name\">Porta scorrevole&nbsp;<\/span><\/span><\/li><\/ul>[\/vc_column_text][\/vc_column][vc_column width=\u00a0\u00bb1\/4&Prime; el_class=\u00a0\u00bbscheda-prodotto-col-attributi\u00a0\u00bb][vc_column_text]<ul class=\"product-attributes\"><li class=\"product-attribute-regolazione\"><span class=\"product-attribute-label\">Ajustement<\/span> <span class=\"product-attribute-option ppl\"><span class=\"product-attribute-name\">2 cm&nbsp;<\/span><\/span><\/li><\/ul>[\/vc_column_text][\/vc_column][vc_column width=\u00a0\u00bb1\/4&Prime; el_class=\u00a0\u00bbscheda-prodotto-col-attributi\u00a0\u00bb][vc_column_text]<ul class=\"product-attributes\"><li class=\"product-attribute-su-misura\"><span class=\"product-attribute-label\">Sur mesure<\/span> <span class=\"product-attribute-option ppl\"><span class=\"product-attribute-name\">Disponibile&nbsp;<\/span><\/span><\/li><\/ul>[\/vc_column_text][\/vc_column][vc_column width=\u00a0\u00bb1\/4&Prime;][\/vc_column][\/vc_row][vc_row disable_element=\u00a0\u00bbyes\u00a0\u00bb el_class=\u00a0\u00bbscheda-prodotto-row-attributi\u00a0\u00bb][vc_column width=\u00a0\u00bb1\/4&Prime; el_class=\u00a0\u00bbscheda-prodotto-col-attributi\u00a0\u00bb][vc_column_text]<a href=\"http:\/\/relaxsrl.com\/prodotti\/download\/#EVOX_SFF\" rel=\"noopener\">Scheda tecnica<\/a>[\/vc_column_text][\/vc_column][vc_column width=\u00a0\u00bb1\/4&Prime;][vc_column_text]<\/p>\n<p><a href=\"http:\/\/relaxsrl.com\/prodotti\/download\/#EVOX_SFF\" rel=\"noopener\">Istruzioni per<br \/>\nil montaggio<\/a><\/p>\n<p>[\/vc_column_text][\/vc_column][vc_column width=\u00a0\u00bb1\/4&Prime;][vc_column_text]<a href=\"http:\/\/relaxsrl.com\/area-architetti\/area-architetti-documentation\/#EVOX_SFF\">File 3D per architetti<\/a>[\/vc_column_text][\/vc_column][vc_column width=\u00a0\u00bb1\/4&Prime;][vc_column_text]<a href=\"http:\/\/relaxsrl.com\/area-rivenditori\/area-rivenditori-documentation\/#EVOX_SFF\">File 3D per rivenditori<\/a>[\/vc_column_text][\/vc_column][\/vc_row][vc_row][vc_column][vc_empty_space height=\u00a0\u00bb100px\u00a0\u00bb][\/vc_column][\/vc_row][vc_row full_width=\u00a0\u00bbstretch_row\u00a0\u00bb el_class=\u00a0\u00bbscheda-prodotto-configurazioni\u00a0\u00bb css=\u00a0\u00bb.vc_custom_1629195376631{background-color: #d2cdc9 !important;}\u00a0\u00bb][vc_column width=\u00a0\u00bb1\/12&Prime;][\/vc_column][vc_column width=\u00a0\u00bb10\/12&Prime;][vc_column_text]<\/p>\n<h3>Configurations possibles pour la collection EVOX<\/h3>\n<p>&nbsp;[\/vc_column_text][vc_row_inner el_class=\u00a0\u00bbscheda-prodotto-configurazioni-inner-row\u00a0\u00bb][vc_column_inner el_class=\u00a0\u00bbscheda-prodotto-configurazioni-col\u00a0\u00bb width=\u00a0\u00bb1\/4&Prime;][vc_single_image image=\u00a0\u00bb5099&Prime; img_size=\u00a0\u00bbfull\u00a0\u00bb alignment=\u00a0\u00bbcenter\u00a0\u00bb][vc_column_text]<\/p>\n<h4>EVOX A + A<\/h4>\n<p>[\/vc_column_text][\/vc_column_inner][vc_column_inner el_class=\u00a0\u00bbscheda-prodotto-configurazioni-col\u00a0\u00bb width=\u00a0\u00bb1\/4&Prime;][vc_single_image image=\u00a0\u00bb5103&Prime; img_size=\u00a0\u00bbfull\u00a0\u00bb alignment=\u00a0\u00bbcenter\u00a0\u00bb][vc_column_text]<\/p>\n<h4>EVOX SC1<\/h4>\n<p>[\/vc_column_text][\/vc_column_inner][vc_column_inner el_class=\u00a0\u00bbscheda-prodotto-configurazioni-col\u00a0\u00bb width=\u00a0\u00bb1\/4&Prime;][vc_single_image image=\u00a0\u00bb5107&Prime; img_size=\u00a0\u00bbfull\u00a0\u00bb alignment=\u00a0\u00bbcenter\u00a0\u00bb][vc_column_text]<\/p>\n<h4>EVOX SF + F<\/h4>\n<p>[\/vc_column_text][\/vc_column_inner][\/vc_row_inner][\/vc_column][vc_column width=\u00a0\u00bb1\/12&Prime;][\/vc_column][\/vc_row][vc_row][vc_column][vc_column_text][\/vc_column_text][\/vc_column][\/vc_row][vc_row full_width=\u00a0\u00bbstretch_row_content_no_spaces\u00a0\u00bb equal_height=\u00a0\u00bbyes\u00a0\u00bb content_placement=\u00a0\u00bbmiddle\u00a0\u00bb el_class=\u00a0\u00bbrow-over-footer row-cta-over-footer\u00a0\u00bb][vc_column width=\u00a0\u00bb1\/2&Prime;][vc_single_image image=\u00a0\u00bb2027&Prime; img_size=\u00a0\u00bbfull\u00a0\u00bb][\/vc_column][vc_column width=\u00a0\u00bb1\/2&Prime; el_class=\u00a0\u00bbrow-cta-over-footer-col-text\u00a0\u00bb css=\u00a0\u00bb.vc_custom_1632816225176{background-image: url(http:\/\/relaxsrl.com\/wp-content\/uploads\/2021\/09\/cta-ispirazione-opaco.jpg?id=2021) !important;background-position: center !important;background-repeat: no-repeat !important;background-size: cover !important;}\u00a0\u00bb][vc_row_inner][vc_column_inner width=\u00a0\u00bb1\/4&Prime;][\/vc_column_inner][vc_column_inner width=\u00a0\u00bb1\/2&Prime;][vc_column_text]<\/p>\n<h2 style=\"text-align: center;\">Parlez \u00e0 un expert\u00a0!<\/h2>\n<p style=\"text-align: center;\">Vous aurez certainement des questions pr\u00e9cises sur votre situation. \u00c9crivez-nous maintenant et un de nos experts vous r\u00e9pondra.<\/p>\n<p>&nbsp;[\/vc_column_text][vc_btn title=\u00a0\u00bbDEMANDER DES INFORMATIONS\u00a0\u00bb style=\u00a0\u00bbclassic\u00a0\u00bb shape=\u00a0\u00bbsquare\u00a0\u00bb color=\u00a0\u00bbwhite\u00a0\u00bb align=\u00a0\u00bbcenter\u00a0\u00bb link=\u00a0\u00bburl:http%3A%2F%2Frelaxsrl.com%2Ffr%2Fproduits%2Fdemande-dinformation%2F%3Foggetto%3DRichiesta%20informazioni%20per%20EVOX%20SF%20%2B%20F|\u00a0\u00bb el_class=\u00a0\u00bbbtn-default-white\u00a0\u00bb][\/vc_column_inner][vc_column_inner width=\u00a0\u00bb1\/4&Prime;][\/vc_column_inner][\/vc_row_inner][\/vc_column][\/vc_row]<\/p>\n","protected":false},"excerpt":{"rendered":"<p>Cabine de douche murale centrale avec porte coulissante, deux c\u00f4t\u00e9s fixes et syst\u00e8me de fermeture en douceur.<\/p>\n","protected":false},"featured_media":28955,"template":"","meta":[],"product_cat":[1510,44,36,185,43,59,161,131,1512,175,42],"product_tag":[],"acf":[],"yoast_head":"<!-- This site is optimized with the Yoast SEO Premium plugin v18.4 (Yoast SEO v18.8) - https:\/\/yoast.com\/wordpress\/plugins\/seo\/ -->\n<title>EVOX SF + F + F4 - Relax srl<\/title>\n<meta name=\"description\" content=\"Evox SF+F+F4 est une cabine de douche murale centrale avec une porte coulissante \u00e9quip\u00e9e d&#039;un syst\u00e8me de fermeture en douceur. En savoir plus.\" \/>\n<meta name=\"robots\" content=\"index, follow, max-snippet:-1, max-image-preview:large, max-video-preview:-1\" \/>\n<link rel=\"canonical\" href=\"https:\/\/relaxsrl.com\/fr\/produit\/evox-sf-f-f4\/\" \/>\n<meta property=\"og:locale\" content=\"fr_FR\" \/>\n<meta property=\"og:type\" content=\"article\" \/>\n<meta property=\"og:title\" content=\"EVOX SF + F + F4 - Relax srl\" \/>\n<meta property=\"og:description\" content=\"Evox SF+F+F4 est une cabine de douche murale centrale avec une porte coulissante \u00e9quip\u00e9e d&#039;un syst\u00e8me de fermeture en douceur. En savoir plus.\" \/>\n<meta property=\"og:url\" content=\"https:\/\/relaxsrl.com\/fr\/produit\/evox-sf-f-f4\/\" \/>\n<meta property=\"og:site_name\" content=\"Relax srl\" \/>\n<meta property=\"article:modified_time\" content=\"2023-07-04T07:20:17+00:00\" \/>\n<meta property=\"og:image\" content=\"https:\/\/relaxsrl.com\/website\/wp-content\/uploads\/2023\/07\/EVOX_SF_F1_F4.jpg\" \/>\n\t<meta property=\"og:image:width\" content=\"1440\" \/>\n\t<meta property=\"og:image:height\" content=\"1920\" \/>\n\t<meta property=\"og:image:type\" content=\"image\/jpeg\" \/>\n<meta name=\"twitter:card\" content=\"summary_large_image\" \/>\n<meta name=\"twitter:label1\" content=\"Dur\u00e9e de lecture estim\u00e9e\" \/>\n\t<meta name=\"twitter:data1\" content=\"2 minutes\" \/>\n<script type=\"application\/ld+json\" class=\"yoast-schema-graph\">{\"@context\":\"https:\/\/schema.org\",\"@graph\":[{\"@type\":\"WebSite\",\"@id\":\"https:\/\/relaxsrl.com\/#website\",\"url\":\"https:\/\/relaxsrl.com\/\",\"name\":\"Relax srl\",\"description\":\"\",\"potentialAction\":[{\"@type\":\"SearchAction\",\"target\":{\"@type\":\"EntryPoint\",\"urlTemplate\":\"https:\/\/relaxsrl.com\/?s={search_term_string}\"},\"query-input\":\"required name=search_term_string\"}],\"inLanguage\":\"fr-FR\"},{\"@type\":\"ImageObject\",\"inLanguage\":\"fr-FR\",\"@id\":\"https:\/\/relaxsrl.com\/fr\/produit\/evox-sf-f-f4\/#primaryimage\",\"url\":\"https:\/\/relaxsrl.com\/website\/wp-content\/uploads\/2023\/07\/EVOX_SF_F1_F4.jpg\",\"contentUrl\":\"https:\/\/relaxsrl.com\/website\/wp-content\/uploads\/2023\/07\/EVOX_SF_F1_F4.jpg\",\"width\":1440,\"height\":1920},{\"@type\":\"WebPage\",\"@id\":\"https:\/\/relaxsrl.com\/fr\/produit\/evox-sf-f-f4\/#webpage\",\"url\":\"https:\/\/relaxsrl.com\/fr\/produit\/evox-sf-f-f4\/\",\"name\":\"EVOX SF + F + F4 - Relax srl\",\"isPartOf\":{\"@id\":\"https:\/\/relaxsrl.com\/#website\"},\"primaryImageOfPage\":{\"@id\":\"https:\/\/relaxsrl.com\/fr\/produit\/evox-sf-f-f4\/#primaryimage\"},\"datePublished\":\"2023-07-04T06:35:27+00:00\",\"dateModified\":\"2023-07-04T07:20:17+00:00\",\"description\":\"Evox SF+F+F4 est une cabine de douche murale centrale avec une porte coulissante \u00e9quip\u00e9e d'un syst\u00e8me de fermeture en douceur. En savoir plus.\",\"breadcrumb\":{\"@id\":\"https:\/\/relaxsrl.com\/fr\/produit\/evox-sf-f-f4\/#breadcrumb\"},\"inLanguage\":\"fr-FR\",\"potentialAction\":[{\"@type\":\"ReadAction\",\"target\":[\"https:\/\/relaxsrl.com\/fr\/produit\/evox-sf-f-f4\/\"]}]},{\"@type\":\"BreadcrumbList\",\"@id\":\"https:\/\/relaxsrl.com\/fr\/produit\/evox-sf-f-f4\/#breadcrumb\",\"itemListElement\":[{\"@type\":\"ListItem\",\"position\":1,\"name\":\"EVOX SF + F + F4\"}]}]}<\/script>\n<!-- \/ Yoast SEO Premium plugin. -->","yoast_head_json":{"title":"EVOX SF + F + F4 - Relax srl","description":"Evox SF+F+F4 est une cabine de douche murale centrale avec une porte coulissante \u00e9quip\u00e9e d'un syst\u00e8me de fermeture en douceur. En savoir plus.","robots":{"index":"index","follow":"follow","max-snippet":"max-snippet:-1","max-image-preview":"max-image-preview:large","max-video-preview":"max-video-preview:-1"},"canonical":"https:\/\/relaxsrl.com\/fr\/produit\/evox-sf-f-f4\/","og_locale":"fr_FR","og_type":"article","og_title":"EVOX SF + F + F4 - Relax srl","og_description":"Evox SF+F+F4 est une cabine de douche murale centrale avec une porte coulissante \u00e9quip\u00e9e d'un syst\u00e8me de fermeture en douceur. En savoir plus.","og_url":"https:\/\/relaxsrl.com\/fr\/produit\/evox-sf-f-f4\/","og_site_name":"Relax srl","article_modified_time":"2023-07-04T07:20:17+00:00","og_image":[{"width":1440,"height":1920,"url":"https:\/\/relaxsrl.com\/website\/wp-content\/uploads\/2023\/07\/EVOX_SF_F1_F4.jpg","type":"image\/jpeg"}],"twitter_card":"summary_large_image","twitter_misc":{"Dur\u00e9e de lecture estim\u00e9e":"2 minutes"},"schema":{"@context":"https:\/\/schema.org","@graph":[{"@type":"WebSite","@id":"https:\/\/relaxsrl.com\/#website","url":"https:\/\/relaxsrl.com\/","name":"Relax srl","description":"","potentialAction":[{"@type":"SearchAction","target":{"@type":"EntryPoint","urlTemplate":"https:\/\/relaxsrl.com\/?s={search_term_string}"},"query-input":"required name=search_term_string"}],"inLanguage":"fr-FR"},{"@type":"ImageObject","inLanguage":"fr-FR","@id":"https:\/\/relaxsrl.com\/fr\/produit\/evox-sf-f-f4\/#primaryimage","url":"https:\/\/relaxsrl.com\/website\/wp-content\/uploads\/2023\/07\/EVOX_SF_F1_F4.jpg","contentUrl":"https:\/\/relaxsrl.com\/website\/wp-content\/uploads\/2023\/07\/EVOX_SF_F1_F4.jpg","width":1440,"height":1920},{"@type":"WebPage","@id":"https:\/\/relaxsrl.com\/fr\/produit\/evox-sf-f-f4\/#webpage","url":"https:\/\/relaxsrl.com\/fr\/produit\/evox-sf-f-f4\/","name":"EVOX SF + F + F4 - Relax srl","isPartOf":{"@id":"https:\/\/relaxsrl.com\/#website"},"primaryImageOfPage":{"@id":"https:\/\/relaxsrl.com\/fr\/produit\/evox-sf-f-f4\/#primaryimage"},"datePublished":"2023-07-04T06:35:27+00:00","dateModified":"2023-07-04T07:20:17+00:00","description":"Evox SF+F+F4 est une cabine de douche murale centrale avec une porte coulissante \u00e9quip\u00e9e d'un syst\u00e8me de fermeture en douceur. En savoir plus.","breadcrumb":{"@id":"https:\/\/relaxsrl.com\/fr\/produit\/evox-sf-f-f4\/#breadcrumb"},"inLanguage":"fr-FR","potentialAction":[{"@type":"ReadAction","target":["https:\/\/relaxsrl.com\/fr\/produit\/evox-sf-f-f4\/"]}]},{"@type":"BreadcrumbList","@id":"https:\/\/relaxsrl.com\/fr\/produit\/evox-sf-f-f4\/#breadcrumb","itemListElement":[{"@type":"ListItem","position":1,"name":"EVOX SF + F + F4"}]}]}},"_links":{"self":[{"href":"https:\/\/relaxsrl.com\/fr\/wp-json\/wp\/v2\/product\/28950"}],"collection":[{"href":"https:\/\/relaxsrl.com\/fr\/wp-json\/wp\/v2\/product"}],"about":[{"href":"https:\/\/relaxsrl.com\/fr\/wp-json\/wp\/v2\/types\/product"}],"wp:featuredmedia":[{"embeddable":true,"href":"https:\/\/relaxsrl.com\/fr\/wp-json\/wp\/v2\/media\/28955"}],"wp:attachment":[{"href":"https:\/\/relaxsrl.com\/fr\/wp-json\/wp\/v2\/media?parent=28950"}],"wp:term":[{"taxonomy":"product_cat","embeddable":true,"href":"https:\/\/relaxsrl.com\/fr\/wp-json\/wp\/v2\/product_cat?post=28950"},{"taxonomy":"product_tag","embeddable":true,"href":"https:\/\/relaxsrl.com\/fr\/wp-json\/wp\/v2\/product_tag?post=28950"}],"curies":[{"name":"wp","href":"https:\/\/api.w.org\/{rel}","templated":true}]}}